{"id":23714,"date":"2022-11-02T16:10:40","date_gmt":"2022-11-02T15:10:40","guid":{"rendered":"https:\/\/www.evang-friedhof.at\/simmering\/?page_id=23714"},"modified":"2022-11-02T16:10:40","modified_gmt":"2022-11-02T15:10:40","slug":"matthias-hofherr","status":"publish","type":"page","link":"https:\/\/www.evang-friedhof.at\/simmering\/matthias-hofherr\/","title":{"rendered":"Matthias HOFHERR"},"content":{"rendered":"<p><a href=\"http:\/\/www.evang-friedhof.at\/simmering\/wp-content\/uploads\/2022\/11\/1-R-7-Hofherr.jpg\"><img loading=\"lazy\" decoding=\"async\" class=\"alignleft size-medium wp-image-23715\" src=\"http:\/\/www.evang-friedhof.at\/simmering\/wp-content\/uploads\/2022\/11\/1-R-7-Hofherr-225x300.jpg\" alt=\"\" width=\"225\" height=\"300\" srcset=\"https:\/\/www.evang-friedhof.at\/simmering\/wp-content\/uploads\/2022\/11\/1-R-7-Hofherr-225x300.jpg 225w, https:\/\/www.evang-friedhof.at\/simmering\/wp-content\/uploads\/2022\/11\/1-R-7-Hofherr-768x1024.jpg 768w, https:\/\/www.evang-friedhof.at\/simmering\/wp-content\/uploads\/2022\/11\/1-R-7-Hofherr-350x467.jpg 350w, https:\/\/www.evang-friedhof.at\/simmering\/wp-content\/uploads\/2022\/11\/1-R-7-Hofherr.jpg 1080w\" sizes=\"auto, (max-width: 225px) 100vw, 225px\" \/><\/a>Gro\u00dfindustrieller<\/p>\n<p>geb: 1829<br \/>\ngest.: 1909, Wien<\/p>\n<p>Matthias Hofherr z\u00e4hlt zu den bedeutenden Gro\u00dfindustriellen der Gr\u00fcnderzeit. In der Erlachgasse im 10. Bezirk errichtete er einen Gro\u00dfbetrieb f\u00fcr landwirtschaftliche Maschinen, der zu den gr\u00f6\u00dften Unternehmungen \u00d6sterreich &#8211; Ungarns z\u00e4hlte. 1905 verlegte die Unternehmung Hofherr und Schrantz ihren Firmensitz nach Floridsdorf und sechs Jahre sp\u00e4ter kam es zum Zusammenschlu\u00df mit dem zweiten gro\u00dfen Erzeuger von Landwirtschaftsmaschinen Clayton und Shuttleworth Ltd., zur Hofherr-Schrantz- Clayton- Shuttleworth AG (sp\u00e4ter Hofherr und Schrantz).<\/p>\n<p>Das Josef Gr\u00fcnhut entworfene Grabmal spielt auf die Agrarmaschinenindustrie an.<\/p>\n<p>Lit.:<br \/>\nCzeike Felix: Historisches Lexikon Wien, Bd. 1, Wien 1992, S. 580<br \/>\nCzeike Felix: Historisches Lexikon Wien, Bd. 3, Wien 1994, S. 229<br \/>\nDEHIO &#8211; Handbuch Wien, X &#8211; XXIII Bezirk, Wien 1996 S. 117<br \/>\nWaissensteiner Robert: Wiener Nutzbauten als Beispiele zukunftsorientierten Bauens, Wiener Schriften, Heft 38, Wien 1977, S. 81<\/p>\n","protected":false},"excerpt":{"rendered":"<p>Gro\u00dfindustrieller geb: 1829 gest.: 1909, Wien Matthias Hofherr z\u00e4hlt zu den bedeutenden Gro\u00dfindustriellen der Gr\u00fcnderzeit. In der Erlachgasse im 10. Bezirk errichtete er einen Gro\u00dfbetrieb f\u00fcr landwirtschaftliche Maschinen, der zu den gr\u00f6\u00dften Unternehmungen \u00d6sterreich &#8211; Ungarns z\u00e4hlte. 1905 verlegte die Unternehmung Hofherr und Schrantz ihren Firmensitz nach Floridsdorf und sechs Jahre sp\u00e4ter kam es zum &hellip; <\/p>\n<p class=\"link-more\"><a href=\"https:\/\/www.evang-friedhof.at\/simmering\/matthias-hofherr\/\" class=\"more-link\"><span class=\"screen-reader-text\">\u201eMatthias HOFHERR\u201c <\/span>weiterlesen<\/a><\/p>\n","protected":false},"author":1,"featured_media":0,"parent":0,"menu_order":0,"comment_status":"closed","ping_status":"closed","template":"","meta":{"ngg_post_thumbnail":0,"footnotes":""},"class_list":["post-23714","page","type-page","status-publish","hentry"],"_links":{"self":[{"href":"https:\/\/www.evang-friedhof.at\/simmering\/wp-json\/wp\/v2\/pages\/23714","targetHints":{"allow":["GET"]}}],"collection":[{"href":"https:\/\/www.evang-friedhof.at\/simmering\/wp-json\/wp\/v2\/pages"}],"about":[{"href":"https:\/\/www.evang-friedhof.at\/simmering\/wp-json\/wp\/v2\/types\/page"}],"author":[{"embeddable":true,"href":"https:\/\/www.evang-friedhof.at\/simmering\/wp-json\/wp\/v2\/users\/1"}],"replies":[{"embeddable":true,"href":"https:\/\/www.evang-friedhof.at\/simmering\/wp-json\/wp\/v2\/comments?post=23714"}],"version-history":[{"count":1,"href":"https:\/\/www.evang-friedhof.at\/simmering\/wp-json\/wp\/v2\/pages\/23714\/revisions"}],"predecessor-version":[{"id":23716,"href":"https:\/\/www.evang-friedhof.at\/simmering\/wp-json\/wp\/v2\/pages\/23714\/revisions\/23716"}],"wp:attachment":[{"href":"https:\/\/www.evang-friedhof.at\/simmering\/wp-json\/wp\/v2\/media?parent=23714"}],"curies":[{"name":"wp","href":"https:\/\/api.w.org\/{rel}","templated":true}]}}