{"id":23705,"date":"2022-11-02T16:07:31","date_gmt":"2022-11-02T15:07:31","guid":{"rendered":"https:\/\/www.evang-friedhof.at\/simmering\/?page_id=23705"},"modified":"2022-11-02T16:07:40","modified_gmt":"2022-11-02T15:07:40","slug":"franz-josef-freiherr-von-haymerle","status":"publish","type":"page","link":"https:\/\/www.evang-friedhof.at\/simmering\/franz-josef-freiherr-von-haymerle\/","title":{"rendered":"Franz Josef Freiherr von HAYMERLE"},"content":{"rendered":"<p><a href=\"http:\/\/www.evang-friedhof.at\/simmering\/wp-content\/uploads\/2022\/11\/10-1-44-Haymerle.jpg\"><img loading=\"lazy\" decoding=\"async\" class=\"alignleft size-medium wp-image-23706\" src=\"http:\/\/www.evang-friedhof.at\/simmering\/wp-content\/uploads\/2022\/11\/10-1-44-Haymerle-225x300.jpg\" alt=\"\" width=\"225\" height=\"300\" srcset=\"https:\/\/www.evang-friedhof.at\/simmering\/wp-content\/uploads\/2022\/11\/10-1-44-Haymerle-225x300.jpg 225w, https:\/\/www.evang-friedhof.at\/simmering\/wp-content\/uploads\/2022\/11\/10-1-44-Haymerle-768x1024.jpg 768w, https:\/\/www.evang-friedhof.at\/simmering\/wp-content\/uploads\/2022\/11\/10-1-44-Haymerle-350x467.jpg 350w, https:\/\/www.evang-friedhof.at\/simmering\/wp-content\/uploads\/2022\/11\/10-1-44-Haymerle.jpg 1080w\" sizes=\"auto, (max-width: 225px) 100vw, 225px\" \/><\/a>Verwaltungsbeamter, Sektionschef<\/p>\n<p>geb.: 3. 12. 1850, Pre\u00dfburg (Pozsony) (Bratislava) heute Slowakei<br \/>\ngest.: 16. 12. 1928, Wien<\/p>\n<p>Nach dem Besuch des Theresianums studierte Franz Josef Haymerle ab 1870 an der Wiener Universit\u00e4t Rechtswissenschaften und promovierte 1875. Zwei Jahre sp\u00e4ter wurde er im Ministerium f\u00fcr Kultus und Unterricht aufgenommen und ab 1881 mit der Verwaltung des industriellen Unterrichtswesens betraut. 1882 \u00fcbernahm er die Verwaltung des Museums f\u00fcr Kunst und Industrie und sa\u00df als Vertreter des Ministeriums im Aufsichtsrat der Kunstgewerbeschule am Stubenring. Zu seinen Leistungen z\u00e4hlt die Reformierung des industriellen Bildungswesens, des Gewerbemuseums, der graphischen Lehr &#8211; und Versuchsanstalt. Zwischen 1882 und 1894 gab er das \u201eCentralblatt f\u00fcr das gewerbliche Unterrichtswesen\u201c heraus. Er verfasste auch ein Lehrbuch das \u201e Deutsche Lesebuch f\u00fcr kommerzielle Lehranstalten\u201c, das mehrere Auflagen erlebte<\/p>\n<p>1884 wurde Haymerle Leiter des evangelischen Kultusreferates und erreichte die Neugestaltung der evangelisch &#8211; theologischen Fakult\u00e4t an der Universit\u00e4t Wien.<\/p>\n<p>1914 wurde er in den Freiherrnstand erhoben.<\/p>\n<p>Lit.:<br \/>\nAkad. d. Wiss. (Hrsg.): \u00d6sterreichisches Biographisches Lexikon, Bd. 2, Graz 1959, S. 227<br \/>\nCzeike Felix: Historisches Lexikon Wien, Bd. 3, Wien 1994, S. 104<\/p>\n","protected":false},"excerpt":{"rendered":"<p>Verwaltungsbeamter, Sektionschef geb.: 3. 12. 1850, Pre\u00dfburg (Pozsony) (Bratislava) heute Slowakei gest.: 16. 12. 1928, Wien Nach dem Besuch des Theresianums studierte Franz Josef Haymerle ab 1870 an der Wiener Universit\u00e4t Rechtswissenschaften und promovierte 1875. Zwei Jahre sp\u00e4ter wurde er im Ministerium f\u00fcr Kultus und Unterricht aufgenommen und ab 1881 mit der Verwaltung des industriellen &hellip; <\/p>\n<p class=\"link-more\"><a href=\"https:\/\/www.evang-friedhof.at\/simmering\/franz-josef-freiherr-von-haymerle\/\" class=\"more-link\"><span class=\"screen-reader-text\">\u201eFranz Josef Freiherr von HAYMERLE\u201c <\/span>weiterlesen<\/a><\/p>\n","protected":false},"author":1,"featured_media":0,"parent":0,"menu_order":0,"comment_status":"closed","ping_status":"closed","template":"","meta":{"ngg_post_thumbnail":0,"footnotes":""},"class_list":["post-23705","page","type-page","status-publish","hentry"],"_links":{"self":[{"href":"https:\/\/www.evang-friedhof.at\/simmering\/wp-json\/wp\/v2\/pages\/23705","targetHints":{"allow":["GET"]}}],"collection":[{"href":"https:\/\/www.evang-friedhof.at\/simmering\/wp-json\/wp\/v2\/pages"}],"about":[{"href":"https:\/\/www.evang-friedhof.at\/simmering\/wp-json\/wp\/v2\/types\/page"}],"author":[{"embeddable":true,"href":"https:\/\/www.evang-friedhof.at\/simmering\/wp-json\/wp\/v2\/users\/1"}],"replies":[{"embeddable":true,"href":"https:\/\/www.evang-friedhof.at\/simmering\/wp-json\/wp\/v2\/comments?post=23705"}],"version-history":[{"count":2,"href":"https:\/\/www.evang-friedhof.at\/simmering\/wp-json\/wp\/v2\/pages\/23705\/revisions"}],"predecessor-version":[{"id":23708,"href":"https:\/\/www.evang-friedhof.at\/simmering\/wp-json\/wp\/v2\/pages\/23705\/revisions\/23708"}],"wp:attachment":[{"href":"https:\/\/www.evang-friedhof.at\/simmering\/wp-json\/wp\/v2\/media?parent=23705"}],"curies":[{"name":"wp","href":"https:\/\/api.w.org\/{rel}","templated":true}]}}