{"id":23702,"date":"2022-11-02T16:07:05","date_gmt":"2022-11-02T15:07:05","guid":{"rendered":"https:\/\/www.evang-friedhof.at\/simmering\/?page_id=23702"},"modified":"2022-11-02T16:07:05","modified_gmt":"2022-11-02T15:07:05","slug":"dr-friedrich-von-haymerle","status":"publish","type":"page","link":"https:\/\/www.evang-friedhof.at\/simmering\/dr-friedrich-von-haymerle\/","title":{"rendered":"Dr. Friedrich (von) HAYMERLE"},"content":{"rendered":"<p><a href=\"http:\/\/www.evang-friedhof.at\/simmering\/wp-content\/uploads\/2022\/11\/10-1-45-Haymerle.jpg\"><img loading=\"lazy\" decoding=\"async\" class=\"alignleft size-medium wp-image-23703\" src=\"http:\/\/www.evang-friedhof.at\/simmering\/wp-content\/uploads\/2022\/11\/10-1-45-Haymerle-225x300.jpg\" alt=\"\" width=\"225\" height=\"300\" srcset=\"https:\/\/www.evang-friedhof.at\/simmering\/wp-content\/uploads\/2022\/11\/10-1-45-Haymerle-225x300.jpg 225w, https:\/\/www.evang-friedhof.at\/simmering\/wp-content\/uploads\/2022\/11\/10-1-45-Haymerle-768x1024.jpg 768w, https:\/\/www.evang-friedhof.at\/simmering\/wp-content\/uploads\/2022\/11\/10-1-45-Haymerle-350x467.jpg 350w, https:\/\/www.evang-friedhof.at\/simmering\/wp-content\/uploads\/2022\/11\/10-1-45-Haymerle.jpg 1080w\" sizes=\"auto, (max-width: 225px) 100vw, 225px\" \/><\/a>Industrieller<\/p>\n<p>geb.: 19. 07. 1881, Wien<br \/>\ngest.: 10. 03. 1969, Wien<\/p>\n<p>Der Sohn von Franz Josef von Haymerle, der auch mit dem \u00f6sterreichisch &#8211; ungarischen Au\u00dfenminister Baron Dr. Heinrich von Haymerle. verwandt war, studierte an der Universit\u00e4t Wien Rechtswissenschaften und schloss sein Studium mit dem Doktorat ab. In der Folge war er in Industrie und Finanzwesen im In &#8211; und Ausland t\u00e4tig unter anderem in der Mineral\u00f6lindustrie.<\/p>\n<p>An der Entwicklung des Automobils interessiert, \u00fcbte er nach 1918 das Amt des Pr\u00e4sidenten des \u00d6sterreichischen Automobilclubs aus und war auch Pr\u00e4sident des Wiener Rennvereins. Seine wirtschaftlichen Aktivit\u00e4ten schlugen sich im Amt des Vizepr\u00e4sidenten der deutschen Handelskammer nieder.<\/p>\n<p>1920 gr\u00fcndete er gemeinsam mit Viktor Michelizzi die \u201eMicco Filmerzeugungsgesellschaft Wien &#8211; Berlin\u201c und verpflichtete f\u00fcr den ersten Film \u201eGraf Cagliostro\u201c, der unter der Regie von Reinhold Sch\u00fcnzel gedreht wurde die Schauspielerin Liane Haid. Sie wurde 1923 seine Frau, von der er sich sp\u00e4ter wieder trennte. 1924 beendete er seine Filmaktivit\u00e4ten.<\/p>\n<p>Friedrich Haymerle war aber auch ein musischer Mensch, der selbst Wiener Musik komponierte. Er geh\u00f6rte auch der Vereinigung \u00f6sterreichischer Autoren, Komponisten und Musikeditoren (AKM) an.<\/p>\n<p>Lit.:<br \/>\nPlaner Franz: Das Jahrbuch der Wiener Gesellschaft 1929, Wien 1929, S. 236<br \/>\nTaylor Stephen (Hrsg.): Who is who in Austria, Wien 1959, S. 191<\/p>\n","protected":false},"excerpt":{"rendered":"<p>Industrieller geb.: 19. 07. 1881, Wien gest.: 10. 03. 1969, Wien Der Sohn von Franz Josef von Haymerle, der auch mit dem \u00f6sterreichisch &#8211; ungarischen Au\u00dfenminister Baron Dr. Heinrich von Haymerle. verwandt war, studierte an der Universit\u00e4t Wien Rechtswissenschaften und schloss sein Studium mit dem Doktorat ab. In der Folge war er in Industrie und &hellip; <\/p>\n<p class=\"link-more\"><a href=\"https:\/\/www.evang-friedhof.at\/simmering\/dr-friedrich-von-haymerle\/\" class=\"more-link\"><span class=\"screen-reader-text\">\u201eDr. Friedrich (von) HAYMERLE\u201c <\/span>weiterlesen<\/a><\/p>\n","protected":false},"author":1,"featured_media":0,"parent":0,"menu_order":0,"comment_status":"closed","ping_status":"closed","template":"","meta":{"ngg_post_thumbnail":0,"footnotes":""},"class_list":["post-23702","page","type-page","status-publish","hentry"],"_links":{"self":[{"href":"https:\/\/www.evang-friedhof.at\/simmering\/wp-json\/wp\/v2\/pages\/23702","targetHints":{"allow":["GET"]}}],"collection":[{"href":"https:\/\/www.evang-friedhof.at\/simmering\/wp-json\/wp\/v2\/pages"}],"about":[{"href":"https:\/\/www.evang-friedhof.at\/simmering\/wp-json\/wp\/v2\/types\/page"}],"author":[{"embeddable":true,"href":"https:\/\/www.evang-friedhof.at\/simmering\/wp-json\/wp\/v2\/users\/1"}],"replies":[{"embeddable":true,"href":"https:\/\/www.evang-friedhof.at\/simmering\/wp-json\/wp\/v2\/comments?post=23702"}],"version-history":[{"count":1,"href":"https:\/\/www.evang-friedhof.at\/simmering\/wp-json\/wp\/v2\/pages\/23702\/revisions"}],"predecessor-version":[{"id":23704,"href":"https:\/\/www.evang-friedhof.at\/simmering\/wp-json\/wp\/v2\/pages\/23702\/revisions\/23704"}],"wp:attachment":[{"href":"https:\/\/www.evang-friedhof.at\/simmering\/wp-json\/wp\/v2\/media?parent=23702"}],"curies":[{"name":"wp","href":"https:\/\/api.w.org\/{rel}","templated":true}]}}