{"id":23700,"date":"2022-11-02T16:05:48","date_gmt":"2022-11-02T15:05:48","guid":{"rendered":"https:\/\/www.evang-friedhof.at\/simmering\/?page_id=23700"},"modified":"2022-11-02T16:05:59","modified_gmt":"2022-11-02T15:05:59","slug":"otto-hauser","status":"publish","type":"page","link":"https:\/\/www.evang-friedhof.at\/simmering\/otto-hauser\/","title":{"rendered":"Otto HAUSER (Pseudonym: Ferdinand B\u00fcttner)"},"content":{"rendered":"<p><a href=\"http:\/\/www.evang-friedhof.at\/simmering\/wp-content\/uploads\/2022\/11\/marmor-grabstein-mit-blumen-dekor-v1079.jpg\"><img loading=\"lazy\" decoding=\"async\" class=\"alignleft size-medium wp-image-23658\" src=\"http:\/\/www.evang-friedhof.at\/simmering\/wp-content\/uploads\/2022\/11\/marmor-grabstein-mit-blumen-dekor-v1079-300x300.jpg\" alt=\"\" width=\"300\" height=\"300\" srcset=\"https:\/\/www.evang-friedhof.at\/simmering\/wp-content\/uploads\/2022\/11\/marmor-grabstein-mit-blumen-dekor-v1079-300x300.jpg 300w, https:\/\/www.evang-friedhof.at\/simmering\/wp-content\/uploads\/2022\/11\/marmor-grabstein-mit-blumen-dekor-v1079-150x150.jpg 150w, https:\/\/www.evang-friedhof.at\/simmering\/wp-content\/uploads\/2022\/11\/marmor-grabstein-mit-blumen-dekor-v1079-100x100.jpg 100w, https:\/\/www.evang-friedhof.at\/simmering\/wp-content\/uploads\/2022\/11\/marmor-grabstein-mit-blumen-dekor-v1079-250x250.jpg 250w, https:\/\/www.evang-friedhof.at\/simmering\/wp-content\/uploads\/2022\/11\/marmor-grabstein-mit-blumen-dekor-v1079.jpg 310w\" sizes=\"auto, (max-width: 300px) 100vw, 300px\" \/><\/a>\u00dcbersetzer, Schriftsteller, Literaturhistoriker<\/p>\n<p>geb.: 22. 08. 1876, Dijanes bei Vrbovec (Kroatien)<br \/>\ngest.: 26. 05. 1944, Blindendorf bei Wiener Neustadt<\/p>\n<p>Der Sohn eines Gutsbesitzers studierte zun\u00e4chst an der Technischen Hochschule, sp\u00e4ter wechselte er an die Wiener Universit\u00e4t und belegte evangelische Theologie und orientalische Sprachen ohne nach eigener Aussage je eine Pr\u00fcfung abzulegen oder einen Studienabschluss zu anzustreben. Otto Hauser kn\u00fcpfte Kontakte zu Theodor Herzl, der seine erste gr\u00f6\u00dfere Erz\u00e4hlung vom \u201eLehrer Johannes Johanson\u201c in der \u201eNeuen Freien Presse\u201c herausbrachte und ihn auch weiter f\u00f6rderte.<\/p>\n<p>Den Ersten Weltkrieg erlebte Hauser als Aktiver wobei er ab 1916 auf dem Balkan eingesetzt wurde und dabei zeitweilig auch als Redakteur f\u00fcr die Belgrader Nachrichten arbeitete. Nach seiner R\u00fcckkehr lebte er, von kurzen Aufenthalten in Weimar und Danzig abgesehen, haupts\u00e4chlich in Wien.<\/p>\n<p>Otto Hauser besa\u00df eine au\u00dfergew\u00f6hnliche Sprachbegabung, die ihn bef\u00e4higte \u00dcbersetzungen von Dichtungen und anderen Werken aus rund 30 Sprachen anzufertigen. Er verfasste eine Vielzahl von Romanen, wie beispielsweise \u201eSpinoza\u201c oder das Epos Atlantis\u201c die stark der Neoromantik verhaftet sind. In seiner\u201eWeltgeschichte der Literatur\u201c, wie auch in dem mythologischen Werk \u201eGermanischer Glaube\u201c verfocht er die Idee einer lichten nordischen Rasse als Kulturtr\u00e4gerin, die er dann ohne je anthropologisch &#8211; naturwissenschaftliche Studien betrieben zu haben, zu einer obskuren Rassenkunde ausbaute. Nach 1920 suchte er den Kontakt zu Gruppen der Jugendbewegung, die er f\u00fcr seine Ausleseideen zu gewinnen suchte bzw. gr\u00fcndete eigene Gruppen, wie die \u201eJungwacht\u201c, \u201eJung Wiking\u201c oder den \u201eAtlantisbund\u201c.<\/p>\n<p>Trotz seiner geistigen N\u00e4he zu ihrer Ideologie erfuhr Otto Hauser nach 1938 keine F\u00f6rderung durch die Nationalsozialisten.<\/p>\n<p>Der Tote wurde 1979 exhumiert, einge\u00e4schert, und die Urne auf dem Matzleinsdorfer Friedhof beigesetzt.<\/p>\n<p>Lit.:<br \/>\nDer Gro\u00dfe Brockhaus, Leipzig 193115, S. 240<br \/>\nAkademie der Wiss. (Hrsg.) \u00d6sterreichisches Biographisches Lexikon, Bd. 2, Graz 1959, S. 220<\/p>\n","protected":false},"excerpt":{"rendered":"<p>\u00dcbersetzer, Schriftsteller, Literaturhistoriker geb.: 22. 08. 1876, Dijanes bei Vrbovec (Kroatien) gest.: 26. 05. 1944, Blindendorf bei Wiener Neustadt Der Sohn eines Gutsbesitzers studierte zun\u00e4chst an der Technischen Hochschule, sp\u00e4ter wechselte er an die Wiener Universit\u00e4t und belegte evangelische Theologie und orientalische Sprachen ohne nach eigener Aussage je eine Pr\u00fcfung abzulegen oder einen Studienabschluss zu &hellip; <\/p>\n<p class=\"link-more\"><a href=\"https:\/\/www.evang-friedhof.at\/simmering\/otto-hauser\/\" class=\"more-link\"><span class=\"screen-reader-text\">\u201eOtto HAUSER (Pseudonym: Ferdinand B\u00fcttner)\u201c <\/span>weiterlesen<\/a><\/p>\n","protected":false},"author":1,"featured_media":0,"parent":0,"menu_order":0,"comment_status":"closed","ping_status":"closed","template":"","meta":{"ngg_post_thumbnail":0,"footnotes":""},"class_list":["post-23700","page","type-page","status-publish","hentry"],"_links":{"self":[{"href":"https:\/\/www.evang-friedhof.at\/simmering\/wp-json\/wp\/v2\/pages\/23700","targetHints":{"allow":["GET"]}}],"collection":[{"href":"https:\/\/www.evang-friedhof.at\/simmering\/wp-json\/wp\/v2\/pages"}],"about":[{"href":"https:\/\/www.evang-friedhof.at\/simmering\/wp-json\/wp\/v2\/types\/page"}],"author":[{"embeddable":true,"href":"https:\/\/www.evang-friedhof.at\/simmering\/wp-json\/wp\/v2\/users\/1"}],"replies":[{"embeddable":true,"href":"https:\/\/www.evang-friedhof.at\/simmering\/wp-json\/wp\/v2\/comments?post=23700"}],"version-history":[{"count":1,"href":"https:\/\/www.evang-friedhof.at\/simmering\/wp-json\/wp\/v2\/pages\/23700\/revisions"}],"predecessor-version":[{"id":23701,"href":"https:\/\/www.evang-friedhof.at\/simmering\/wp-json\/wp\/v2\/pages\/23700\/revisions\/23701"}],"wp:attachment":[{"href":"https:\/\/www.evang-friedhof.at\/simmering\/wp-json\/wp\/v2\/media?parent=23700"}],"curies":[{"name":"wp","href":"https:\/\/api.w.org\/{rel}","templated":true}]}}