{"id":23694,"date":"2022-11-02T16:02:18","date_gmt":"2022-11-02T15:02:18","guid":{"rendered":"https:\/\/www.evang-friedhof.at\/simmering\/?page_id=23694"},"modified":"2022-11-02T16:02:18","modified_gmt":"2022-11-02T15:02:18","slug":"helga-hartmann","status":"publish","type":"page","link":"https:\/\/www.evang-friedhof.at\/simmering\/helga-hartmann\/","title":{"rendered":"Helga HARTMANN"},"content":{"rendered":"<p><a href=\"http:\/\/www.evang-friedhof.at\/simmering\/wp-content\/uploads\/2022\/11\/2-9-Hartmann.jpg\"><img loading=\"lazy\" decoding=\"async\" class=\"alignleft size-medium wp-image-23695\" src=\"http:\/\/www.evang-friedhof.at\/simmering\/wp-content\/uploads\/2022\/11\/2-9-Hartmann-225x300.jpg\" alt=\"\" width=\"225\" height=\"300\" srcset=\"https:\/\/www.evang-friedhof.at\/simmering\/wp-content\/uploads\/2022\/11\/2-9-Hartmann-225x300.jpg 225w, https:\/\/www.evang-friedhof.at\/simmering\/wp-content\/uploads\/2022\/11\/2-9-Hartmann-768x1024.jpg 768w, https:\/\/www.evang-friedhof.at\/simmering\/wp-content\/uploads\/2022\/11\/2-9-Hartmann-350x467.jpg 350w, https:\/\/www.evang-friedhof.at\/simmering\/wp-content\/uploads\/2022\/11\/2-9-Hartmann.jpg 1080w\" sizes=\"auto, (max-width: 225px) 100vw, 225px\" \/><\/a>Direktorin der evangelischen Frauenschule und der evangelischen Frauenarbeit<\/p>\n<p>geb.: 27. 07. 1899 gest.: 20. 07. 1971, Wien<\/p>\n<p>Helga Hartmann sollte 1931 nur f\u00fcr ein halbes Jahr zur Leitung der evangelischen sozialen Frauenschule nach \u00d6sterreich kommen, doch blieb sie bis zu ihrem Tod in dieser Stadt. Bis 1939 hatte sie die Leitung der Schule inne, dann \u00fcbernahm sie die \u00fcberregionale Frauenarbeit der evangelischen Kirche. Dieses Ressort des Oberkirchenrates nannte sich damals Frauenbibelarbeit.<\/p>\n<p>Im Jahr 1947 erfolgte die neuerliche Berufung der Leiterin der evangelischen Frauenschule in Wien und sie \u00fcbte diese Funktion bis zu ihrer Pensionierung 1965 aus. Daneben blieb sie ihrer gesamt\u00f6sterreichischen Arbeit treu. Auf ihr Engagement gehen die \u201eHandreichungen\u201c zur\u00fcck, die bis heute von der Frauenarbeit herausgegeben werden. Auch der Beginn der Weltgebetsarbeit f\u00e4llt in ihre Zeit. Vieles das sie begonnen hatte, tr\u00e4gt heute Fr\u00fcchte. andere Aktionen, wie ihr Kalender \u201eZeit f\u00fcr die Ewigkeit\u201c waren stark an ihre Person gebunden.<\/p>\n<p>Lit.:<br \/>\nAmt und Gemeinde, Sonderdruck, September 1971<\/p>\n","protected":false},"excerpt":{"rendered":"<p>Direktorin der evangelischen Frauenschule und der evangelischen Frauenarbeit geb.: 27. 07. 1899 gest.: 20. 07. 1971, Wien Helga Hartmann sollte 1931 nur f\u00fcr ein halbes Jahr zur Leitung der evangelischen sozialen Frauenschule nach \u00d6sterreich kommen, doch blieb sie bis zu ihrem Tod in dieser Stadt. Bis 1939 hatte sie die Leitung der Schule inne, dann &hellip; <\/p>\n<p class=\"link-more\"><a href=\"https:\/\/www.evang-friedhof.at\/simmering\/helga-hartmann\/\" class=\"more-link\"><span class=\"screen-reader-text\">\u201eHelga HARTMANN\u201c <\/span>weiterlesen<\/a><\/p>\n","protected":false},"author":1,"featured_media":0,"parent":0,"menu_order":0,"comment_status":"closed","ping_status":"closed","template":"","meta":{"ngg_post_thumbnail":0,"footnotes":""},"class_list":["post-23694","page","type-page","status-publish","hentry"],"_links":{"self":[{"href":"https:\/\/www.evang-friedhof.at\/simmering\/wp-json\/wp\/v2\/pages\/23694","targetHints":{"allow":["GET"]}}],"collection":[{"href":"https:\/\/www.evang-friedhof.at\/simmering\/wp-json\/wp\/v2\/pages"}],"about":[{"href":"https:\/\/www.evang-friedhof.at\/simmering\/wp-json\/wp\/v2\/types\/page"}],"author":[{"embeddable":true,"href":"https:\/\/www.evang-friedhof.at\/simmering\/wp-json\/wp\/v2\/users\/1"}],"replies":[{"embeddable":true,"href":"https:\/\/www.evang-friedhof.at\/simmering\/wp-json\/wp\/v2\/comments?post=23694"}],"version-history":[{"count":1,"href":"https:\/\/www.evang-friedhof.at\/simmering\/wp-json\/wp\/v2\/pages\/23694\/revisions"}],"predecessor-version":[{"id":23696,"href":"https:\/\/www.evang-friedhof.at\/simmering\/wp-json\/wp\/v2\/pages\/23694\/revisions\/23696"}],"wp:attachment":[{"href":"https:\/\/www.evang-friedhof.at\/simmering\/wp-json\/wp\/v2\/media?parent=23694"}],"curies":[{"name":"wp","href":"https:\/\/api.w.org\/{rel}","templated":true}]}}