{"id":23691,"date":"2022-11-02T16:01:36","date_gmt":"2022-11-02T15:01:36","guid":{"rendered":"https:\/\/www.evang-friedhof.at\/simmering\/?page_id=23691"},"modified":"2022-11-02T16:01:36","modified_gmt":"2022-11-02T15:01:36","slug":"dr-egon-hajek","status":"publish","type":"page","link":"https:\/\/www.evang-friedhof.at\/simmering\/dr-egon-hajek\/","title":{"rendered":"Dr. Egon HAJEK (Pseudonym: Egon Hain)"},"content":{"rendered":"<p><a href=\"http:\/\/www.evang-friedhof.at\/simmering\/wp-content\/uploads\/2022\/11\/P-3-Hajek-2.jpg\"><img loading=\"lazy\" decoding=\"async\" class=\"alignleft size-medium wp-image-23692\" src=\"http:\/\/www.evang-friedhof.at\/simmering\/wp-content\/uploads\/2022\/11\/P-3-Hajek-2-225x300.jpg\" alt=\"\" width=\"225\" height=\"300\" srcset=\"https:\/\/www.evang-friedhof.at\/simmering\/wp-content\/uploads\/2022\/11\/P-3-Hajek-2-225x300.jpg 225w, https:\/\/www.evang-friedhof.at\/simmering\/wp-content\/uploads\/2022\/11\/P-3-Hajek-2-768x1024.jpg 768w, https:\/\/www.evang-friedhof.at\/simmering\/wp-content\/uploads\/2022\/11\/P-3-Hajek-2-350x467.jpg 350w, https:\/\/www.evang-friedhof.at\/simmering\/wp-content\/uploads\/2022\/11\/P-3-Hajek-2.jpg 1080w\" sizes=\"auto, (max-width: 225px) 100vw, 225px\" \/><\/a>Professor, Pfarrer<\/p>\n<p>geb.: 6. 11. 1888, Kronstadt (Brasov), Siebenb\u00fcrgen, heute Rum\u00e4nien<br \/>\ngest.: 15. 05. 1963, Wien<\/p>\n<p>Egon Hajek studierte an den Universit\u00e4ten von Berlin, Kiel sowie Budapest und promovierte 1913 zum Doktor der Philosophie. 1925 wurde er in Hermannstadt (Sibiu) ordiniert und verblieb dort bis zu seiner Ausreise 1929 nach \u00d6sterreich als Stadtpfarrer. In Wien \u00fcbernahm er das neue Pfarramt in Wien &#8211; Neubau. Von 1932 &#8211; 1956 wirkte er als Pfarrer in W\u00e4hring.<\/p>\n<p>Besondere Verdienste erwarb er sich als Leiter des kirchenmusikalischen Referats im Oberkirchenrat, das er 1944 \u00fcbernahm und ab 1938 als Professor an der Akademie f\u00fcr Musik und darstellende Kunst. 1946 habilitierte er sich an der theologischen Fakult\u00e4t der Universit\u00e4t Wien.<\/p>\n<p>Der vielseitig Begabte war auch als Schriftsteller und Komponist t\u00e4tig, er schrieb zahlreiche Romane, Novellen, Gedichte und geistliche Spiele. Unter den Ver\u00f6ffentlichungen seien \u201eDas Leben des Sebastian Bach\u201c, \u201eK\u00f6nig Lautenschl\u00e4ger\u201c oder das autobiographische Werk \u201eWanderung unter Sternen erw\u00e4hnt\u201c. Der Film \u201e Der Kantor im Arrest\u201c stammt ebenfalls von ihm.<\/p>\n<p>Egon Hajek gr\u00fcndete auch die Bach &#8211; Kantorei und den Lutherchor in W\u00e4hring.<\/p>\n<p>Lit.:<br \/>\nCzeike Felix: Historisches Lexikon Wien, Bd. 3, Wien 1994, S. 31<\/p>\n","protected":false},"excerpt":{"rendered":"<p>Professor, Pfarrer geb.: 6. 11. 1888, Kronstadt (Brasov), Siebenb\u00fcrgen, heute Rum\u00e4nien gest.: 15. 05. 1963, Wien Egon Hajek studierte an den Universit\u00e4ten von Berlin, Kiel sowie Budapest und promovierte 1913 zum Doktor der Philosophie. 1925 wurde er in Hermannstadt (Sibiu) ordiniert und verblieb dort bis zu seiner Ausreise 1929 nach \u00d6sterreich als Stadtpfarrer. In Wien &hellip; <\/p>\n<p class=\"link-more\"><a href=\"https:\/\/www.evang-friedhof.at\/simmering\/dr-egon-hajek\/\" class=\"more-link\"><span class=\"screen-reader-text\">\u201eDr. Egon HAJEK (Pseudonym: Egon Hain)\u201c <\/span>weiterlesen<\/a><\/p>\n","protected":false},"author":1,"featured_media":0,"parent":0,"menu_order":0,"comment_status":"closed","ping_status":"closed","template":"","meta":{"ngg_post_thumbnail":0,"footnotes":""},"class_list":["post-23691","page","type-page","status-publish","hentry"],"_links":{"self":[{"href":"https:\/\/www.evang-friedhof.at\/simmering\/wp-json\/wp\/v2\/pages\/23691","targetHints":{"allow":["GET"]}}],"collection":[{"href":"https:\/\/www.evang-friedhof.at\/simmering\/wp-json\/wp\/v2\/pages"}],"about":[{"href":"https:\/\/www.evang-friedhof.at\/simmering\/wp-json\/wp\/v2\/types\/page"}],"author":[{"embeddable":true,"href":"https:\/\/www.evang-friedhof.at\/simmering\/wp-json\/wp\/v2\/users\/1"}],"replies":[{"embeddable":true,"href":"https:\/\/www.evang-friedhof.at\/simmering\/wp-json\/wp\/v2\/comments?post=23691"}],"version-history":[{"count":1,"href":"https:\/\/www.evang-friedhof.at\/simmering\/wp-json\/wp\/v2\/pages\/23691\/revisions"}],"predecessor-version":[{"id":23693,"href":"https:\/\/www.evang-friedhof.at\/simmering\/wp-json\/wp\/v2\/pages\/23691\/revisions\/23693"}],"wp:attachment":[{"href":"https:\/\/www.evang-friedhof.at\/simmering\/wp-json\/wp\/v2\/media?parent=23691"}],"curies":[{"name":"wp","href":"https:\/\/api.w.org\/{rel}","templated":true}]}}