{"id":23688,"date":"2022-11-02T16:00:33","date_gmt":"2022-11-02T15:00:33","guid":{"rendered":"https:\/\/www.evang-friedhof.at\/simmering\/?page_id=23688"},"modified":"2022-11-02T16:00:33","modified_gmt":"2022-11-02T15:00:33","slug":"friedrich-hahnel","status":"publish","type":"page","link":"https:\/\/www.evang-friedhof.at\/simmering\/friedrich-hahnel\/","title":{"rendered":"Friedrich HAHNEL (genannt: Lisetti)"},"content":{"rendered":"<div class=\"description\"><a href=\"http:\/\/www.evang-friedhof.at\/simmering\/wp-content\/uploads\/2022\/11\/12-5-56-Hahnel-1.jpg\"><img loading=\"lazy\" decoding=\"async\" class=\"alignleft size-medium wp-image-23689\" src=\"http:\/\/www.evang-friedhof.at\/simmering\/wp-content\/uploads\/2022\/11\/12-5-56-Hahnel-1-225x300.jpg\" alt=\"\" width=\"225\" height=\"300\" srcset=\"https:\/\/www.evang-friedhof.at\/simmering\/wp-content\/uploads\/2022\/11\/12-5-56-Hahnel-1-225x300.jpg 225w, https:\/\/www.evang-friedhof.at\/simmering\/wp-content\/uploads\/2022\/11\/12-5-56-Hahnel-1-768x1024.jpg 768w, https:\/\/www.evang-friedhof.at\/simmering\/wp-content\/uploads\/2022\/11\/12-5-56-Hahnel-1-350x467.jpg 350w, https:\/\/www.evang-friedhof.at\/simmering\/wp-content\/uploads\/2022\/11\/12-5-56-Hahnel-1.jpg 1080w\" sizes=\"auto, (max-width: 225px) 100vw, 225px\" \/><\/a>Zauberk\u00fcnstler<\/p>\n<p>geb.:<br \/>\ngest.: 26. 07. 1985, Wien<\/p>\n<p>Friedrich Hahnel war kein Mann der gro\u00dfen B\u00fchnen sondern er bevorzugte f\u00fcr seine Kunst den Kontakt mit den Menschen im intimen Rahmen kleiner Lokale. Auch noch im hohen Alter widmete er sich der Zauberkunst und gab, betreut von Mitgliedern des magischen Clubs, bei Veranstaltungen des Pflegeheims Lainz, Kunstst\u00fccke f\u00fcr seine Mitpatienten zum Besten.<\/p>\n<p>Lit.:<br \/>\nHavelka Hans: Der Wiener Zentralfriedhof, Wien 1989, S. 132<\/p><\/div>\n","protected":false},"excerpt":{"rendered":"<p>Zauberk\u00fcnstler geb.: gest.: 26. 07. 1985, Wien Friedrich Hahnel war kein Mann der gro\u00dfen B\u00fchnen sondern er bevorzugte f\u00fcr seine Kunst den Kontakt mit den Menschen im intimen Rahmen kleiner Lokale. Auch noch im hohen Alter widmete er sich der Zauberkunst und gab, betreut von Mitgliedern des magischen Clubs, bei Veranstaltungen des Pflegeheims Lainz, Kunstst\u00fccke &hellip; <\/p>\n<p class=\"link-more\"><a href=\"https:\/\/www.evang-friedhof.at\/simmering\/friedrich-hahnel\/\" class=\"more-link\"><span class=\"screen-reader-text\">\u201eFriedrich HAHNEL (genannt: Lisetti)\u201c <\/span>weiterlesen<\/a><\/p>\n","protected":false},"author":1,"featured_media":0,"parent":0,"menu_order":0,"comment_status":"closed","ping_status":"closed","template":"","meta":{"ngg_post_thumbnail":0,"footnotes":""},"class_list":["post-23688","page","type-page","status-publish","hentry"],"_links":{"self":[{"href":"https:\/\/www.evang-friedhof.at\/simmering\/wp-json\/wp\/v2\/pages\/23688","targetHints":{"allow":["GET"]}}],"collection":[{"href":"https:\/\/www.evang-friedhof.at\/simmering\/wp-json\/wp\/v2\/pages"}],"about":[{"href":"https:\/\/www.evang-friedhof.at\/simmering\/wp-json\/wp\/v2\/types\/page"}],"author":[{"embeddable":true,"href":"https:\/\/www.evang-friedhof.at\/simmering\/wp-json\/wp\/v2\/users\/1"}],"replies":[{"embeddable":true,"href":"https:\/\/www.evang-friedhof.at\/simmering\/wp-json\/wp\/v2\/comments?post=23688"}],"version-history":[{"count":1,"href":"https:\/\/www.evang-friedhof.at\/simmering\/wp-json\/wp\/v2\/pages\/23688\/revisions"}],"predecessor-version":[{"id":23690,"href":"https:\/\/www.evang-friedhof.at\/simmering\/wp-json\/wp\/v2\/pages\/23688\/revisions\/23690"}],"wp:attachment":[{"href":"https:\/\/www.evang-friedhof.at\/simmering\/wp-json\/wp\/v2\/media?parent=23688"}],"curies":[{"name":"wp","href":"https:\/\/api.w.org\/{rel}","templated":true}]}}