{"id":23680,"date":"2022-11-02T15:58:48","date_gmt":"2022-11-02T14:58:48","guid":{"rendered":"https:\/\/www.evang-friedhof.at\/simmering\/?page_id=23680"},"modified":"2022-11-02T15:58:48","modified_gmt":"2022-11-02T14:58:48","slug":"dr-wilhelm-haardt","status":"publish","type":"page","link":"https:\/\/www.evang-friedhof.at\/simmering\/dr-wilhelm-haardt\/","title":{"rendered":"Dr. Wilhelm HAARDT"},"content":{"rendered":"<div class=\"description\"><a href=\"http:\/\/www.evang-friedhof.at\/simmering\/wp-content\/uploads\/2022\/11\/1-R-11-Haardt-1.jpg\"><img loading=\"lazy\" decoding=\"async\" class=\"alignleft size-medium wp-image-23678\" src=\"http:\/\/www.evang-friedhof.at\/simmering\/wp-content\/uploads\/2022\/11\/1-R-11-Haardt-1-225x300.jpg\" alt=\"\" width=\"225\" height=\"300\" srcset=\"https:\/\/www.evang-friedhof.at\/simmering\/wp-content\/uploads\/2022\/11\/1-R-11-Haardt-1-225x300.jpg 225w, https:\/\/www.evang-friedhof.at\/simmering\/wp-content\/uploads\/2022\/11\/1-R-11-Haardt-1-350x467.jpg 350w, https:\/\/www.evang-friedhof.at\/simmering\/wp-content\/uploads\/2022\/11\/1-R-11-Haardt-1.jpg 768w\" sizes=\"auto, (max-width: 225px) 100vw, 225px\" \/><\/a>Facharzt<\/p>\n<p>geb.: 12. 05. 1894<br \/>\ngest.: 3. 08. 1974<\/p>\n<p>Wilhelm Haardt studierte an der Wiener Universit\u00e4t Medizin und spezialisierte sich in seiner weiteren fach\u00e4rztlichen Ausbildung auf den Bereich Hals, Nasen und Ohren. Zu seinen Lehrern z\u00e4hlten Wertheim, Pirquet, Hochenegg und O. Mayer. 1941 konnte er sich habilitieren. er wurde schlie\u00dflich Primararzt am Krankenhaus in Sankt P\u00f6lten.<\/p>\n<p>Lit.:<br \/>\nTeichl Robert: \u00d6sterreicher der Gegenwart, Wien 1951, S. 94.<\/p><\/div>\n","protected":false},"excerpt":{"rendered":"<p>Facharzt geb.: 12. 05. 1894 gest.: 3. 08. 1974 Wilhelm Haardt studierte an der Wiener Universit\u00e4t Medizin und spezialisierte sich in seiner weiteren fach\u00e4rztlichen Ausbildung auf den Bereich Hals, Nasen und Ohren. Zu seinen Lehrern z\u00e4hlten Wertheim, Pirquet, Hochenegg und O. Mayer. 1941 konnte er sich habilitieren. er wurde schlie\u00dflich Primararzt am Krankenhaus in Sankt &hellip; <\/p>\n<p class=\"link-more\"><a href=\"https:\/\/www.evang-friedhof.at\/simmering\/dr-wilhelm-haardt\/\" class=\"more-link\"><span class=\"screen-reader-text\">\u201eDr. Wilhelm HAARDT\u201c <\/span>weiterlesen<\/a><\/p>\n","protected":false},"author":1,"featured_media":0,"parent":0,"menu_order":0,"comment_status":"closed","ping_status":"closed","template":"","meta":{"ngg_post_thumbnail":0,"footnotes":""},"class_list":["post-23680","page","type-page","status-publish","hentry"],"_links":{"self":[{"href":"https:\/\/www.evang-friedhof.at\/simmering\/wp-json\/wp\/v2\/pages\/23680","targetHints":{"allow":["GET"]}}],"collection":[{"href":"https:\/\/www.evang-friedhof.at\/simmering\/wp-json\/wp\/v2\/pages"}],"about":[{"href":"https:\/\/www.evang-friedhof.at\/simmering\/wp-json\/wp\/v2\/types\/page"}],"author":[{"embeddable":true,"href":"https:\/\/www.evang-friedhof.at\/simmering\/wp-json\/wp\/v2\/users\/1"}],"replies":[{"embeddable":true,"href":"https:\/\/www.evang-friedhof.at\/simmering\/wp-json\/wp\/v2\/comments?post=23680"}],"version-history":[{"count":1,"href":"https:\/\/www.evang-friedhof.at\/simmering\/wp-json\/wp\/v2\/pages\/23680\/revisions"}],"predecessor-version":[{"id":23681,"href":"https:\/\/www.evang-friedhof.at\/simmering\/wp-json\/wp\/v2\/pages\/23680\/revisions\/23681"}],"wp:attachment":[{"href":"https:\/\/www.evang-friedhof.at\/simmering\/wp-json\/wp\/v2\/media?parent=23680"}],"curies":[{"name":"wp","href":"https:\/\/api.w.org\/{rel}","templated":true}]}}