{"id":23666,"date":"2022-11-02T15:56:07","date_gmt":"2022-11-02T14:56:07","guid":{"rendered":"https:\/\/www.evang-friedhof.at\/simmering\/?page_id=23666"},"modified":"2022-11-02T15:56:07","modified_gmt":"2022-11-02T14:56:07","slug":"ludwig-ferdinand-graf","status":"publish","type":"page","link":"https:\/\/www.evang-friedhof.at\/simmering\/ludwig-ferdinand-graf\/","title":{"rendered":"Ludwig Ferdinand GRAF"},"content":{"rendered":"<p><a href=\"http:\/\/www.evang-friedhof.at\/simmering\/wp-content\/uploads\/2022\/11\/K-6-3-Graf-Helpein.jpg\"><img loading=\"lazy\" decoding=\"async\" class=\"alignleft size-medium wp-image-23667\" src=\"http:\/\/www.evang-friedhof.at\/simmering\/wp-content\/uploads\/2022\/11\/K-6-3-Graf-Helpein-225x300.jpg\" alt=\"\" width=\"225\" height=\"300\" srcset=\"https:\/\/www.evang-friedhof.at\/simmering\/wp-content\/uploads\/2022\/11\/K-6-3-Graf-Helpein-225x300.jpg 225w, https:\/\/www.evang-friedhof.at\/simmering\/wp-content\/uploads\/2022\/11\/K-6-3-Graf-Helpein-350x467.jpg 350w, https:\/\/www.evang-friedhof.at\/simmering\/wp-content\/uploads\/2022\/11\/K-6-3-Graf-Helpein.jpg 768w\" sizes=\"auto, (max-width: 225px) 100vw, 225px\" \/><\/a>Maler<\/p>\n<p>geb.: 29. 12. 1868, Wien<br \/>\ngest.: 27. 11. 1932, Wien ( 12. 1937)<\/p>\n<p>Der Sohn des Historien &#8211; und Portr\u00e4tmaler Ludwig Graf studierte an der Wiener Akademie der bildenden K\u00fcnste bei August Eisenmenger, Leopold Griepenkerl und Leopold Karl M\u00fcller. Er ging 1892 nach Paris an die Akademie Julian zu J. Lefebvre und T. Robert &#8211; Fleury. Seine Eindr\u00fccke bei Reisen nach Concarneau in der Bretagne, nach England, Belgien, die Niederlande, Deutschland und Italien spiegelten sich in hellen lichterf\u00fcllten Landschaftsbildern. Von Reisen in Europa und nach Nordamerika abgesehen, lebte er seit 1894 st\u00e4ndig in Wien.<\/p>\n<p>Graf geh\u00f6rte zu den f\u00fchrenden \u00f6sterreichischen Impressionisten, kam aber nach einer expressionistischen Phase zu naturnahen, pastos &#8211; farbige Bildkompositionen.<\/p>\n<p>Der K\u00fcnstler war Mitbegr\u00fcnder des Hagenbundes und war seit 1902 fast allj\u00e4hrlich auf dessen Ausstellungen vertreten und wurde 1930 Ehrenmitglied dieser Vereinigung.<\/p>\n<p>Lit.:<br \/>\nAkad. d. Wiss. (Hrsg.): \u00d6sterreichisches Biographisches Lexikon, Bd. 2, Graz 1959, S. 44<br \/>\nFuchs Heinrich: Die \u00f6sterreichischen Maler des 19. Jhdts, Bd. 2, Wien 1973, S. K24<br \/>\nKulturamt d. Stadt Wien (Hrsg.): Wien um 1900, Wien 1964 S. 118<\/p>\n","protected":false},"excerpt":{"rendered":"<p>Maler geb.: 29. 12. 1868, Wien gest.: 27. 11. 1932, Wien ( 12. 1937) Der Sohn des Historien &#8211; und Portr\u00e4tmaler Ludwig Graf studierte an der Wiener Akademie der bildenden K\u00fcnste bei August Eisenmenger, Leopold Griepenkerl und Leopold Karl M\u00fcller. Er ging 1892 nach Paris an die Akademie Julian zu J. Lefebvre und T. Robert &hellip; <\/p>\n<p class=\"link-more\"><a href=\"https:\/\/www.evang-friedhof.at\/simmering\/ludwig-ferdinand-graf\/\" class=\"more-link\"><span class=\"screen-reader-text\">\u201eLudwig Ferdinand GRAF\u201c <\/span>weiterlesen<\/a><\/p>\n","protected":false},"author":1,"featured_media":0,"parent":0,"menu_order":0,"comment_status":"closed","ping_status":"closed","template":"","meta":{"ngg_post_thumbnail":0,"footnotes":""},"class_list":["post-23666","page","type-page","status-publish","hentry"],"_links":{"self":[{"href":"https:\/\/www.evang-friedhof.at\/simmering\/wp-json\/wp\/v2\/pages\/23666","targetHints":{"allow":["GET"]}}],"collection":[{"href":"https:\/\/www.evang-friedhof.at\/simmering\/wp-json\/wp\/v2\/pages"}],"about":[{"href":"https:\/\/www.evang-friedhof.at\/simmering\/wp-json\/wp\/v2\/types\/page"}],"author":[{"embeddable":true,"href":"https:\/\/www.evang-friedhof.at\/simmering\/wp-json\/wp\/v2\/users\/1"}],"replies":[{"embeddable":true,"href":"https:\/\/www.evang-friedhof.at\/simmering\/wp-json\/wp\/v2\/comments?post=23666"}],"version-history":[{"count":1,"href":"https:\/\/www.evang-friedhof.at\/simmering\/wp-json\/wp\/v2\/pages\/23666\/revisions"}],"predecessor-version":[{"id":23668,"href":"https:\/\/www.evang-friedhof.at\/simmering\/wp-json\/wp\/v2\/pages\/23666\/revisions\/23668"}],"wp:attachment":[{"href":"https:\/\/www.evang-friedhof.at\/simmering\/wp-json\/wp\/v2\/media?parent=23666"}],"curies":[{"name":"wp","href":"https:\/\/api.w.org\/{rel}","templated":true}]}}