{"id":23663,"date":"2022-11-02T15:54:54","date_gmt":"2022-11-02T14:54:54","guid":{"rendered":"https:\/\/www.evang-friedhof.at\/simmering\/?page_id=23663"},"modified":"2022-11-02T15:54:54","modified_gmt":"2022-11-02T14:54:54","slug":"gotthold-goehring","status":"publish","type":"page","link":"https:\/\/www.evang-friedhof.at\/simmering\/gotthold-goehring\/","title":{"rendered":"Gotthold G\u00d6HRING"},"content":{"rendered":"<p><a href=\"http:\/\/www.evang-friedhof.at\/simmering\/wp-content\/uploads\/2022\/11\/P-23-Goehring-2.jpg\"><img loading=\"lazy\" decoding=\"async\" class=\"alignleft size-medium wp-image-23664\" src=\"http:\/\/www.evang-friedhof.at\/simmering\/wp-content\/uploads\/2022\/11\/P-23-Goehring-2-225x300.jpg\" alt=\"\" width=\"225\" height=\"300\" srcset=\"https:\/\/www.evang-friedhof.at\/simmering\/wp-content\/uploads\/2022\/11\/P-23-Goehring-2-225x300.jpg 225w, https:\/\/www.evang-friedhof.at\/simmering\/wp-content\/uploads\/2022\/11\/P-23-Goehring-2-768x1024.jpg 768w, https:\/\/www.evang-friedhof.at\/simmering\/wp-content\/uploads\/2022\/11\/P-23-Goehring-2-350x467.jpg 350w, https:\/\/www.evang-friedhof.at\/simmering\/wp-content\/uploads\/2022\/11\/P-23-Goehring-2.jpg 1080w\" sizes=\"auto, (max-width: 225px) 100vw, 225px\" \/><\/a>Pfarrer<\/p>\n<p>geb.: 1903<br \/>\ngest.: 5. 03. 1972, Wien<\/p>\n<p>Nach dem Ende des Zweiten Weltkrieges kam er aus der evangelischen Nachbarkirche des ehemaligen Jugoslawien nach \u00d6sterreich. Vom M\u00e4rz 1950 bis zu seiner Pensionierung 1968 war er Rektor der Inneren Mission f\u00fcr Wien, Nieder\u00f6sterreich und das Burgenland.<\/p>\n","protected":false},"excerpt":{"rendered":"<p>Pfarrer geb.: 1903 gest.: 5. 03. 1972, Wien Nach dem Ende des Zweiten Weltkrieges kam er aus der evangelischen Nachbarkirche des ehemaligen Jugoslawien nach \u00d6sterreich. Vom M\u00e4rz 1950 bis zu seiner Pensionierung 1968 war er Rektor der Inneren Mission f\u00fcr Wien, Nieder\u00f6sterreich und das Burgenland.<\/p>\n","protected":false},"author":1,"featured_media":0,"parent":0,"menu_order":0,"comment_status":"closed","ping_status":"closed","template":"","meta":{"ngg_post_thumbnail":0,"footnotes":""},"class_list":["post-23663","page","type-page","status-publish","hentry"],"_links":{"self":[{"href":"https:\/\/www.evang-friedhof.at\/simmering\/wp-json\/wp\/v2\/pages\/23663","targetHints":{"allow":["GET"]}}],"collection":[{"href":"https:\/\/www.evang-friedhof.at\/simmering\/wp-json\/wp\/v2\/pages"}],"about":[{"href":"https:\/\/www.evang-friedhof.at\/simmering\/wp-json\/wp\/v2\/types\/page"}],"author":[{"embeddable":true,"href":"https:\/\/www.evang-friedhof.at\/simmering\/wp-json\/wp\/v2\/users\/1"}],"replies":[{"embeddable":true,"href":"https:\/\/www.evang-friedhof.at\/simmering\/wp-json\/wp\/v2\/comments?post=23663"}],"version-history":[{"count":1,"href":"https:\/\/www.evang-friedhof.at\/simmering\/wp-json\/wp\/v2\/pages\/23663\/revisions"}],"predecessor-version":[{"id":23665,"href":"https:\/\/www.evang-friedhof.at\/simmering\/wp-json\/wp\/v2\/pages\/23663\/revisions\/23665"}],"wp:attachment":[{"href":"https:\/\/www.evang-friedhof.at\/simmering\/wp-json\/wp\/v2\/media?parent=23663"}],"curies":[{"name":"wp","href":"https:\/\/api.w.org\/{rel}","templated":true}]}}