{"id":23660,"date":"2022-11-02T15:54:23","date_gmt":"2022-11-02T14:54:23","guid":{"rendered":"https:\/\/www.evang-friedhof.at\/simmering\/?page_id=23660"},"modified":"2022-11-02T15:54:23","modified_gmt":"2022-11-02T14:54:23","slug":"edmund-ritter-von-gayer","status":"publish","type":"page","link":"https:\/\/www.evang-friedhof.at\/simmering\/edmund-ritter-von-gayer\/","title":{"rendered":"Edmund Ritter von GAYER"},"content":{"rendered":"<div class=\"description\"><a href=\"http:\/\/www.evang-friedhof.at\/simmering\/wp-content\/uploads\/2022\/11\/2-455-b.-458-Bernheimer-2-1.jpg\"><img loading=\"lazy\" decoding=\"async\" class=\"alignleft size-medium wp-image-23661\" src=\"http:\/\/www.evang-friedhof.at\/simmering\/wp-content\/uploads\/2022\/11\/2-455-b.-458-Bernheimer-2-1-225x300.jpg\" alt=\"\" width=\"225\" height=\"300\" srcset=\"https:\/\/www.evang-friedhof.at\/simmering\/wp-content\/uploads\/2022\/11\/2-455-b.-458-Bernheimer-2-1-225x300.jpg 225w, https:\/\/www.evang-friedhof.at\/simmering\/wp-content\/uploads\/2022\/11\/2-455-b.-458-Bernheimer-2-1-350x467.jpg 350w, https:\/\/www.evang-friedhof.at\/simmering\/wp-content\/uploads\/2022\/11\/2-455-b.-458-Bernheimer-2-1.jpg 768w\" sizes=\"auto, (max-width: 225px) 100vw, 225px\" \/><\/a>Politiker<\/p>\n<p>geb.: 7. 11. 1860, Obermoschtenitz (Horni Mostenice, M\u00e4hren) heute Tschechien<br \/>\ngest.: 18. 08. 1952, Wien<\/p>\n<p>Edmund Gayer trat 1884 in die Wiener Polizeidirektion ein und wurde 1906 in die Kabinettskanzlei von Kaiser Franz Joseph I. berufen. Er war mit der Leitung des Sicherheitsdienstes und auch mit der Aufkl\u00e4rung des Spionagefalles von Oberst Redl befasst. 1918 erreichte die Karriere des Politikers seinen H\u00f6hepunkt, als er Polizeipr\u00e4sident und im Juni Innenminister wurde. Im Verein mit Ministerpr\u00e4sident Heinrich Lammasch erwirkte er am 11. 11. 1918 von Kaiser Karl I. den Verzicht auf die Regierungsgesch\u00e4fte. Damit war der Weg frei f\u00fcr die Ausrufung der Republik.<\/p>\n<p>Lit.:<br \/>\nCzeike Felix: Historisches Lexikon Wien, Bd. 2, Wien 1993, S. 482<\/p><\/div>\n","protected":false},"excerpt":{"rendered":"<p>Politiker geb.: 7. 11. 1860, Obermoschtenitz (Horni Mostenice, M\u00e4hren) heute Tschechien gest.: 18. 08. 1952, Wien Edmund Gayer trat 1884 in die Wiener Polizeidirektion ein und wurde 1906 in die Kabinettskanzlei von Kaiser Franz Joseph I. berufen. Er war mit der Leitung des Sicherheitsdienstes und auch mit der Aufkl\u00e4rung des Spionagefalles von Oberst Redl befasst. &hellip; <\/p>\n<p class=\"link-more\"><a href=\"https:\/\/www.evang-friedhof.at\/simmering\/edmund-ritter-von-gayer\/\" class=\"more-link\"><span class=\"screen-reader-text\">\u201eEdmund Ritter von GAYER\u201c <\/span>weiterlesen<\/a><\/p>\n","protected":false},"author":1,"featured_media":0,"parent":0,"menu_order":0,"comment_status":"closed","ping_status":"closed","template":"","meta":{"ngg_post_thumbnail":0,"footnotes":""},"class_list":["post-23660","page","type-page","status-publish","hentry"],"_links":{"self":[{"href":"https:\/\/www.evang-friedhof.at\/simmering\/wp-json\/wp\/v2\/pages\/23660","targetHints":{"allow":["GET"]}}],"collection":[{"href":"https:\/\/www.evang-friedhof.at\/simmering\/wp-json\/wp\/v2\/pages"}],"about":[{"href":"https:\/\/www.evang-friedhof.at\/simmering\/wp-json\/wp\/v2\/types\/page"}],"author":[{"embeddable":true,"href":"https:\/\/www.evang-friedhof.at\/simmering\/wp-json\/wp\/v2\/users\/1"}],"replies":[{"embeddable":true,"href":"https:\/\/www.evang-friedhof.at\/simmering\/wp-json\/wp\/v2\/comments?post=23660"}],"version-history":[{"count":1,"href":"https:\/\/www.evang-friedhof.at\/simmering\/wp-json\/wp\/v2\/pages\/23660\/revisions"}],"predecessor-version":[{"id":23662,"href":"https:\/\/www.evang-friedhof.at\/simmering\/wp-json\/wp\/v2\/pages\/23660\/revisions\/23662"}],"wp:attachment":[{"href":"https:\/\/www.evang-friedhof.at\/simmering\/wp-json\/wp\/v2\/media?parent=23660"}],"curies":[{"name":"wp","href":"https:\/\/api.w.org\/{rel}","templated":true}]}}