{"id":23651,"date":"2022-11-02T15:52:35","date_gmt":"2022-11-02T14:52:35","guid":{"rendered":"https:\/\/www.evang-friedhof.at\/simmering\/?page_id=23651"},"modified":"2022-11-02T15:52:35","modified_gmt":"2022-11-02T14:52:35","slug":"rudolf-freiherr-von-franz","status":"publish","type":"page","link":"https:\/\/www.evang-friedhof.at\/simmering\/rudolf-freiherr-von-franz\/","title":{"rendered":"Rudolf Freiherr von FRANZ"},"content":{"rendered":"<div class=\"description\"><a href=\"http:\/\/www.evang-friedhof.at\/simmering\/wp-content\/uploads\/2022\/11\/P-10-Franz-2.jpg\"><img loading=\"lazy\" decoding=\"async\" class=\"alignleft size-medium wp-image-23652\" src=\"http:\/\/www.evang-friedhof.at\/simmering\/wp-content\/uploads\/2022\/11\/P-10-Franz-2-300x225.jpg\" alt=\"\" width=\"300\" height=\"225\" srcset=\"https:\/\/www.evang-friedhof.at\/simmering\/wp-content\/uploads\/2022\/11\/P-10-Franz-2-300x225.jpg 300w, https:\/\/www.evang-friedhof.at\/simmering\/wp-content\/uploads\/2022\/11\/P-10-Franz-2-1024x768.jpg 1024w, https:\/\/www.evang-friedhof.at\/simmering\/wp-content\/uploads\/2022\/11\/P-10-Franz-2-768x576.jpg 768w, https:\/\/www.evang-friedhof.at\/simmering\/wp-content\/uploads\/2022\/11\/P-10-Franz-2-350x263.jpg 350w, https:\/\/www.evang-friedhof.at\/simmering\/wp-content\/uploads\/2022\/11\/P-10-Franz-2.jpg 1440w\" sizes=\"auto, (max-width: 300px) 100vw, 300px\" \/><\/a>Jurist<\/p>\n<p>geb.: 28. 01. 1842, Wien<br \/>\ngest.: 20. 03. 1909, Wien<\/p>\n<p>Der Sohn des evangelischen Theologen Gottfried Franz (1803 &#8211; 1873) studierte an der Wiener Universit\u00e4t Rechtswissenschaften und promovierte 1868. Seit 1865 arbeitete er in der nieder\u00f6sterreichischen Finanzprokuratur und wechselte 1870 in das Ministerium f\u00fcr Kultus und Unterricht. Dort war er als Sektionsrat f\u00fcr die evangelische Abteilung zust\u00e4ndig. 1889 avancierte er zum Sektionschef und 1903 zum Geheimen Rat.<\/p>\n<p>1884 wurde er Pr\u00e4sident des Evangelischen Oberkirchenrates und war an der gemeinsamen Kirchenverfassung f\u00fcr beide evangelischen Kirchen ma\u00dfgeblich beteiligt.<\/p>\n<p>Seit 1887 war Rudolf Franz auch lebensl\u00e4ngliches Mitglied des Herrenhauses und wurde 1909 in den Freiherrnstand aufgenommen.<\/p>\n<p>Lit.:<br \/>\nAkad. d. Wiss. (Hrsg.): \u00d6sterreichisches Biographisches Lexikon, Bd. 1, Graz 1957, S. 348<br \/>\nCzeike Felix: Historisches Lexikon Wien, Bd. 2, Wien 1993, S. 361<\/p><\/div>\n","protected":false},"excerpt":{"rendered":"<p>Jurist geb.: 28. 01. 1842, Wien gest.: 20. 03. 1909, Wien Der Sohn des evangelischen Theologen Gottfried Franz (1803 &#8211; 1873) studierte an der Wiener Universit\u00e4t Rechtswissenschaften und promovierte 1868. Seit 1865 arbeitete er in der nieder\u00f6sterreichischen Finanzprokuratur und wechselte 1870 in das Ministerium f\u00fcr Kultus und Unterricht. Dort war er als Sektionsrat f\u00fcr die &hellip; <\/p>\n<p class=\"link-more\"><a href=\"https:\/\/www.evang-friedhof.at\/simmering\/rudolf-freiherr-von-franz\/\" class=\"more-link\"><span class=\"screen-reader-text\">\u201eRudolf Freiherr von FRANZ\u201c <\/span>weiterlesen<\/a><\/p>\n","protected":false},"author":1,"featured_media":0,"parent":0,"menu_order":0,"comment_status":"closed","ping_status":"closed","template":"","meta":{"ngg_post_thumbnail":0,"footnotes":""},"class_list":["post-23651","page","type-page","status-publish","hentry"],"_links":{"self":[{"href":"https:\/\/www.evang-friedhof.at\/simmering\/wp-json\/wp\/v2\/pages\/23651","targetHints":{"allow":["GET"]}}],"collection":[{"href":"https:\/\/www.evang-friedhof.at\/simmering\/wp-json\/wp\/v2\/pages"}],"about":[{"href":"https:\/\/www.evang-friedhof.at\/simmering\/wp-json\/wp\/v2\/types\/page"}],"author":[{"embeddable":true,"href":"https:\/\/www.evang-friedhof.at\/simmering\/wp-json\/wp\/v2\/users\/1"}],"replies":[{"embeddable":true,"href":"https:\/\/www.evang-friedhof.at\/simmering\/wp-json\/wp\/v2\/comments?post=23651"}],"version-history":[{"count":1,"href":"https:\/\/www.evang-friedhof.at\/simmering\/wp-json\/wp\/v2\/pages\/23651\/revisions"}],"predecessor-version":[{"id":23653,"href":"https:\/\/www.evang-friedhof.at\/simmering\/wp-json\/wp\/v2\/pages\/23651\/revisions\/23653"}],"wp:attachment":[{"href":"https:\/\/www.evang-friedhof.at\/simmering\/wp-json\/wp\/v2\/media?parent=23651"}],"curies":[{"name":"wp","href":"https:\/\/api.w.org\/{rel}","templated":true}]}}