{"id":23637,"date":"2022-11-02T15:43:22","date_gmt":"2022-11-02T14:43:22","guid":{"rendered":"https:\/\/www.evang-friedhof.at\/simmering\/?page_id=23637"},"modified":"2022-11-02T15:43:22","modified_gmt":"2022-11-02T14:43:22","slug":"ddr-gustav-entz","status":"publish","type":"page","link":"https:\/\/www.evang-friedhof.at\/simmering\/ddr-gustav-entz\/","title":{"rendered":"DDr. Gustav ENTZ"},"content":{"rendered":"<p><a href=\"http:\/\/www.evang-friedhof.at\/simmering\/wp-content\/uploads\/2022\/11\/2-463-u.-464-Entz-1.jpg\"><img loading=\"lazy\" decoding=\"async\" class=\"alignleft size-medium wp-image-23638\" src=\"http:\/\/www.evang-friedhof.at\/simmering\/wp-content\/uploads\/2022\/11\/2-463-u.-464-Entz-1-225x300.jpg\" alt=\"\" width=\"225\" height=\"300\" srcset=\"https:\/\/www.evang-friedhof.at\/simmering\/wp-content\/uploads\/2022\/11\/2-463-u.-464-Entz-1-225x300.jpg 225w, https:\/\/www.evang-friedhof.at\/simmering\/wp-content\/uploads\/2022\/11\/2-463-u.-464-Entz-1-768x1024.jpg 768w, https:\/\/www.evang-friedhof.at\/simmering\/wp-content\/uploads\/2022\/11\/2-463-u.-464-Entz-1-350x467.jpg 350w, https:\/\/www.evang-friedhof.at\/simmering\/wp-content\/uploads\/2022\/11\/2-463-u.-464-Entz-1.jpg 1080w\" sizes=\"auto, (max-width: 225px) 100vw, 225px\" \/><\/a>Theologe<\/p>\n<p>geb.: 14. 09. 1884, Wien<br \/>\ngest.: 1957<\/p>\n<p>Gustav Entz studierte an den Universit\u00e4ten von Wien, Berlin und Marburg \/Lahn und promovierte 1911 in Wien zum Doktor der Philosophie. 1923 folgte in K\u00f6nigsberg [Preu\u00dfen] (Kaliningrad [Russland]) die Promotion zum Doktor der evangelischen Theologie.<\/p>\n<p>Von 1909 bis 1912 war er Inspektor am Evangelischen Theologenheim in Wien und anschlie\u00dfend wirkte er als Pfarrer der evangelischen Pfarre A.B. in Hietzing. 1922 wurde er ordentlicher Professor f\u00fcr praktische Theologie an der evangelisch &#8211; theologischen Fakult\u00e4t, deren Dekan er von 1938 &#8211; 1949 war.<\/p>\n<p>Zu seinen Werken z\u00e4hlt unter anderem \u201eDie Innere Mission als Lebensquelle der Evangelischen Kirche\u201c.<\/p>\n<p>Lit.:<br \/>\nOrgel Wilhelm (Bearb.): Wer ist wer in \u00d6sterreich, Wien 1953, S. 43<br \/>\nTeichl Robert: \u00d6sterreicher der Gegenwart, Wien 1951, S. 57<\/p>\n","protected":false},"excerpt":{"rendered":"<p>Theologe geb.: 14. 09. 1884, Wien gest.: 1957 Gustav Entz studierte an den Universit\u00e4ten von Wien, Berlin und Marburg \/Lahn und promovierte 1911 in Wien zum Doktor der Philosophie. 1923 folgte in K\u00f6nigsberg [Preu\u00dfen] (Kaliningrad [Russland]) die Promotion zum Doktor der evangelischen Theologie. Von 1909 bis 1912 war er Inspektor am Evangelischen Theologenheim in Wien &hellip; <\/p>\n<p class=\"link-more\"><a href=\"https:\/\/www.evang-friedhof.at\/simmering\/ddr-gustav-entz\/\" class=\"more-link\"><span class=\"screen-reader-text\">\u201eDDr. Gustav ENTZ\u201c <\/span>weiterlesen<\/a><\/p>\n","protected":false},"author":1,"featured_media":0,"parent":0,"menu_order":0,"comment_status":"closed","ping_status":"closed","template":"","meta":{"ngg_post_thumbnail":0,"footnotes":""},"class_list":["post-23637","page","type-page","status-publish","hentry"],"_links":{"self":[{"href":"https:\/\/www.evang-friedhof.at\/simmering\/wp-json\/wp\/v2\/pages\/23637","targetHints":{"allow":["GET"]}}],"collection":[{"href":"https:\/\/www.evang-friedhof.at\/simmering\/wp-json\/wp\/v2\/pages"}],"about":[{"href":"https:\/\/www.evang-friedhof.at\/simmering\/wp-json\/wp\/v2\/types\/page"}],"author":[{"embeddable":true,"href":"https:\/\/www.evang-friedhof.at\/simmering\/wp-json\/wp\/v2\/users\/1"}],"replies":[{"embeddable":true,"href":"https:\/\/www.evang-friedhof.at\/simmering\/wp-json\/wp\/v2\/comments?post=23637"}],"version-history":[{"count":1,"href":"https:\/\/www.evang-friedhof.at\/simmering\/wp-json\/wp\/v2\/pages\/23637\/revisions"}],"predecessor-version":[{"id":23639,"href":"https:\/\/www.evang-friedhof.at\/simmering\/wp-json\/wp\/v2\/pages\/23637\/revisions\/23639"}],"wp:attachment":[{"href":"https:\/\/www.evang-friedhof.at\/simmering\/wp-json\/wp\/v2\/media?parent=23637"}],"curies":[{"name":"wp","href":"https:\/\/api.w.org\/{rel}","templated":true}]}}