{"id":23634,"date":"2022-11-02T15:42:48","date_gmt":"2022-11-02T14:42:48","guid":{"rendered":"https:\/\/www.evang-friedhof.at\/simmering\/?page_id=23634"},"modified":"2022-11-02T15:42:48","modified_gmt":"2022-11-02T14:42:48","slug":"karl-franz-enslein","status":"publish","type":"page","link":"https:\/\/www.evang-friedhof.at\/simmering\/karl-franz-enslein\/","title":{"rendered":"Karl Franz ENSLEIN"},"content":{"rendered":"<p><a href=\"http:\/\/www.evang-friedhof.at\/simmering\/wp-content\/uploads\/2022\/11\/1-342-Enslein-1.jpg\"><img loading=\"lazy\" decoding=\"async\" class=\"alignleft size-medium wp-image-23635\" src=\"http:\/\/www.evang-friedhof.at\/simmering\/wp-content\/uploads\/2022\/11\/1-342-Enslein-1-225x300.jpg\" alt=\"\" width=\"225\" height=\"300\" srcset=\"https:\/\/www.evang-friedhof.at\/simmering\/wp-content\/uploads\/2022\/11\/1-342-Enslein-1-225x300.jpg 225w, https:\/\/www.evang-friedhof.at\/simmering\/wp-content\/uploads\/2022\/11\/1-342-Enslein-1-768x1024.jpg 768w, https:\/\/www.evang-friedhof.at\/simmering\/wp-content\/uploads\/2022\/11\/1-342-Enslein-1-350x467.jpg 350w, https:\/\/www.evang-friedhof.at\/simmering\/wp-content\/uploads\/2022\/11\/1-342-Enslein-1.jpg 1080w\" sizes=\"auto, (max-width: 225px) 100vw, 225px\" \/><\/a>Musiker<\/p>\n<p>geb.: 4. 06. 1849,<br \/>\ngest.: 29. 07. 1907, Wien<\/p>\n<p>Karl Enslein lernte zuerst Violine, dann ein Blasinstrument, um in eine Milit\u00e4rkapelle aufgenommen zu werden. Nachdem er sich auch mit Klavier und Harmonielehre besch\u00e4ftigt hatte, verlegte er sich schlie\u00dflich ganz auf das Zitherspiel das er bis zur Virtuosit\u00e4t perfektionierte. Neben Auftritten bei Hof konzertierte der \u201ef\u00fcrstlich Auerspergische Kammervirtuose\u201c auch im Wiener Musikverein.<\/p>\n<p>Neben zahlreichen Transkriptionen f\u00fcr sein Instrument, komponierte der K\u00fcnstler mehr als 300 St\u00fccke. Sein Wissen gab er als Lehrer f\u00fcr Zither und Kompositionslehre weiter.<\/p>\n<p>F\u00fcr seine Verdienste wurde er mit der kaiserlichen Goldmedaille ausgezeichnet.<\/p>\n<p>Lit.:<br \/>\nKosel Hermann Cl.: Deutsch &#8211; \u00d6sterreichisches K\u00fcnstler &#8211; und Schriftsteller Lexikon, Bd. 1, Wien 1902, S. 541<\/p>\n","protected":false},"excerpt":{"rendered":"<p>Musiker geb.: 4. 06. 1849, gest.: 29. 07. 1907, Wien Karl Enslein lernte zuerst Violine, dann ein Blasinstrument, um in eine Milit\u00e4rkapelle aufgenommen zu werden. Nachdem er sich auch mit Klavier und Harmonielehre besch\u00e4ftigt hatte, verlegte er sich schlie\u00dflich ganz auf das Zitherspiel das er bis zur Virtuosit\u00e4t perfektionierte. Neben Auftritten bei Hof konzertierte der &hellip; <\/p>\n<p class=\"link-more\"><a href=\"https:\/\/www.evang-friedhof.at\/simmering\/karl-franz-enslein\/\" class=\"more-link\"><span class=\"screen-reader-text\">\u201eKarl Franz ENSLEIN\u201c <\/span>weiterlesen<\/a><\/p>\n","protected":false},"author":1,"featured_media":0,"parent":0,"menu_order":0,"comment_status":"closed","ping_status":"closed","template":"","meta":{"ngg_post_thumbnail":0,"footnotes":""},"class_list":["post-23634","page","type-page","status-publish","hentry"],"_links":{"self":[{"href":"https:\/\/www.evang-friedhof.at\/simmering\/wp-json\/wp\/v2\/pages\/23634","targetHints":{"allow":["GET"]}}],"collection":[{"href":"https:\/\/www.evang-friedhof.at\/simmering\/wp-json\/wp\/v2\/pages"}],"about":[{"href":"https:\/\/www.evang-friedhof.at\/simmering\/wp-json\/wp\/v2\/types\/page"}],"author":[{"embeddable":true,"href":"https:\/\/www.evang-friedhof.at\/simmering\/wp-json\/wp\/v2\/users\/1"}],"replies":[{"embeddable":true,"href":"https:\/\/www.evang-friedhof.at\/simmering\/wp-json\/wp\/v2\/comments?post=23634"}],"version-history":[{"count":1,"href":"https:\/\/www.evang-friedhof.at\/simmering\/wp-json\/wp\/v2\/pages\/23634\/revisions"}],"predecessor-version":[{"id":23636,"href":"https:\/\/www.evang-friedhof.at\/simmering\/wp-json\/wp\/v2\/pages\/23634\/revisions\/23636"}],"wp:attachment":[{"href":"https:\/\/www.evang-friedhof.at\/simmering\/wp-json\/wp\/v2\/media?parent=23634"}],"curies":[{"name":"wp","href":"https:\/\/api.w.org\/{rel}","templated":true}]}}