{"id":23624,"date":"2022-11-02T15:40:50","date_gmt":"2022-11-02T14:40:50","guid":{"rendered":"https:\/\/www.evang-friedhof.at\/simmering\/?page_id=23624"},"modified":"2022-11-02T15:40:50","modified_gmt":"2022-11-02T14:40:50","slug":"wilhelm-dworaczek","status":"publish","type":"page","link":"https:\/\/www.evang-friedhof.at\/simmering\/wilhelm-dworaczek\/","title":{"rendered":"Wilhelm DWORACZEK (Pseudonym: Paul Wilhelm)"},"content":{"rendered":"<div class=\"description\"><a href=\"http:\/\/www.evang-friedhof.at\/simmering\/wp-content\/uploads\/2022\/11\/8-6-40-Dworaczek-2.jpg\"><img loading=\"lazy\" decoding=\"async\" class=\"alignleft size-medium wp-image-23625\" src=\"http:\/\/www.evang-friedhof.at\/simmering\/wp-content\/uploads\/2022\/11\/8-6-40-Dworaczek-2-225x300.jpg\" alt=\"\" width=\"225\" height=\"300\" srcset=\"https:\/\/www.evang-friedhof.at\/simmering\/wp-content\/uploads\/2022\/11\/8-6-40-Dworaczek-2-225x300.jpg 225w, https:\/\/www.evang-friedhof.at\/simmering\/wp-content\/uploads\/2022\/11\/8-6-40-Dworaczek-2-768x1024.jpg 768w, https:\/\/www.evang-friedhof.at\/simmering\/wp-content\/uploads\/2022\/11\/8-6-40-Dworaczek-2-350x467.jpg 350w, https:\/\/www.evang-friedhof.at\/simmering\/wp-content\/uploads\/2022\/11\/8-6-40-Dworaczek-2.jpg 1080w\" sizes=\"auto, (max-width: 225px) 100vw, 225px\" \/><\/a>Dichter<\/p>\n<p>geb.: 25. 04. 1873, Wien<br \/>\ngest.: 25. 11. 1916, Wien<\/p>\n<p>Wilhelm Dworaczek sollte urspr\u00fcnglich Kaufmann werden, doch gingen seine pers\u00f6nlichen Interessen mehr in Richtung Kunst und Literatur und so studierte er an der Wiener Universit\u00e4t als au\u00dferordentlicher H\u00f6rer Philosophie und \u00c4sthetik.<\/p>\n<p>Einerseits verdiente er seinen Unterhalt als Mitarbeiter verschiedener Zeitungen und Zeitschriften und andererseits versuchte er mit seiner Lyrik, wie den B\u00e4nden \u201eD\u00e4mmerungen\u201c sowie \u201eWanderungen\u201c und Dramatik Anklang zu finden. 1906 erhielt er f\u00fcr sein Versdrama \u201e La Valliere\u201c den Bauernfeind &#8211; Preis. Weitere Werke aus seiner Feder sind \u201eWahrheit\u201c sowie das Festspiel \u201eDer Tag des .Hauses\u201c<\/p>\n<p>Lit.:<br \/>\nAkad. der Wiss. (Hrsg.): \u00d6sterreichisches Biographisches Lexikon, Bd. 1 Graz 1954, S. 207<br \/>\nGiebisch Hans, Gugitz Gustav: Bio &#8211; Bibliographisches Literatur Lexikon, Wien 1964, S. 67f<br \/>\nNFPr v. 25. 11. 1916<\/p><\/div>\n","protected":false},"excerpt":{"rendered":"<p>Dichter geb.: 25. 04. 1873, Wien gest.: 25. 11. 1916, Wien Wilhelm Dworaczek sollte urspr\u00fcnglich Kaufmann werden, doch gingen seine pers\u00f6nlichen Interessen mehr in Richtung Kunst und Literatur und so studierte er an der Wiener Universit\u00e4t als au\u00dferordentlicher H\u00f6rer Philosophie und \u00c4sthetik. Einerseits verdiente er seinen Unterhalt als Mitarbeiter verschiedener Zeitungen und Zeitschriften und andererseits &hellip; <\/p>\n<p class=\"link-more\"><a href=\"https:\/\/www.evang-friedhof.at\/simmering\/wilhelm-dworaczek\/\" class=\"more-link\"><span class=\"screen-reader-text\">\u201eWilhelm DWORACZEK (Pseudonym: Paul Wilhelm)\u201c <\/span>weiterlesen<\/a><\/p>\n","protected":false},"author":1,"featured_media":0,"parent":0,"menu_order":0,"comment_status":"closed","ping_status":"closed","template":"","meta":{"ngg_post_thumbnail":0,"footnotes":""},"class_list":["post-23624","page","type-page","status-publish","hentry"],"_links":{"self":[{"href":"https:\/\/www.evang-friedhof.at\/simmering\/wp-json\/wp\/v2\/pages\/23624","targetHints":{"allow":["GET"]}}],"collection":[{"href":"https:\/\/www.evang-friedhof.at\/simmering\/wp-json\/wp\/v2\/pages"}],"about":[{"href":"https:\/\/www.evang-friedhof.at\/simmering\/wp-json\/wp\/v2\/types\/page"}],"author":[{"embeddable":true,"href":"https:\/\/www.evang-friedhof.at\/simmering\/wp-json\/wp\/v2\/users\/1"}],"replies":[{"embeddable":true,"href":"https:\/\/www.evang-friedhof.at\/simmering\/wp-json\/wp\/v2\/comments?post=23624"}],"version-history":[{"count":1,"href":"https:\/\/www.evang-friedhof.at\/simmering\/wp-json\/wp\/v2\/pages\/23624\/revisions"}],"predecessor-version":[{"id":23626,"href":"https:\/\/www.evang-friedhof.at\/simmering\/wp-json\/wp\/v2\/pages\/23624\/revisions\/23626"}],"wp:attachment":[{"href":"https:\/\/www.evang-friedhof.at\/simmering\/wp-json\/wp\/v2\/media?parent=23624"}],"curies":[{"name":"wp","href":"https:\/\/api.w.org\/{rel}","templated":true}]}}