{"id":23601,"date":"2022-11-02T15:35:23","date_gmt":"2022-11-02T14:35:23","guid":{"rendered":"https:\/\/www.evang-friedhof.at\/simmering\/?page_id=23601"},"modified":"2022-11-02T15:35:23","modified_gmt":"2022-11-02T14:35:23","slug":"dr-walter-ernst-bernheimer","status":"publish","type":"page","link":"https:\/\/www.evang-friedhof.at\/simmering\/dr-walter-ernst-bernheimer\/","title":{"rendered":"Dr. Walter Ernst BERNHEIMER"},"content":{"rendered":"<p><a href=\"http:\/\/www.evang-friedhof.at\/simmering\/wp-content\/uploads\/2022\/11\/2-455-b.-458-Bernheimer-2.jpg\"><img loading=\"lazy\" decoding=\"async\" class=\"alignleft size-medium wp-image-23602\" src=\"http:\/\/www.evang-friedhof.at\/simmering\/wp-content\/uploads\/2022\/11\/2-455-b.-458-Bernheimer-2-225x300.jpg\" alt=\"\" width=\"225\" height=\"300\" srcset=\"https:\/\/www.evang-friedhof.at\/simmering\/wp-content\/uploads\/2022\/11\/2-455-b.-458-Bernheimer-2-225x300.jpg 225w, https:\/\/www.evang-friedhof.at\/simmering\/wp-content\/uploads\/2022\/11\/2-455-b.-458-Bernheimer-2-768x1024.jpg 768w, https:\/\/www.evang-friedhof.at\/simmering\/wp-content\/uploads\/2022\/11\/2-455-b.-458-Bernheimer-2-350x467.jpg 350w, https:\/\/www.evang-friedhof.at\/simmering\/wp-content\/uploads\/2022\/11\/2-455-b.-458-Bernheimer-2.jpg 1080w\" sizes=\"auto, (max-width: 225px) 100vw, 225px\" \/><\/a>Astronom<\/p>\n<p>geb.: 8. 12. 1892, Wien<br \/>\ngest.: 14. 12. 1937, Wien<\/p>\n<p>Der international bekannte Astronom war Mitarbeiter an der Universit\u00e4tssternwarte in Wien und Titularextraordinarius an der Universit\u00e4t Wien. Zahlreiche Publikationen \u00fcber die Sonnenstrahlung und Helligkeitsmessungen von Kometen, Nebeln und Sternhaufen waren die Frucht seiner T\u00e4tigkeit.<\/p>\n<p>Lit.:<br \/>\nCzeike Felix: Historisches Lexikon Wien, Bd. 1, Wien 1992, S. 340<br \/>\nAkad. d. Wiss. (Hrsg.): \u00d6sterreichisches Biographisches Lexikon, Bd. 1, Graz 1957, S. 76<br \/>\nWiener Zeitung v. 16. 12. 1937, S. 6<\/p>\n","protected":false},"excerpt":{"rendered":"<p>Astronom geb.: 8. 12. 1892, Wien gest.: 14. 12. 1937, Wien Der international bekannte Astronom war Mitarbeiter an der Universit\u00e4tssternwarte in Wien und Titularextraordinarius an der Universit\u00e4t Wien. Zahlreiche Publikationen \u00fcber die Sonnenstrahlung und Helligkeitsmessungen von Kometen, Nebeln und Sternhaufen waren die Frucht seiner T\u00e4tigkeit. Lit.: Czeike Felix: Historisches Lexikon Wien, Bd. 1, Wien 1992, &hellip; <\/p>\n<p class=\"link-more\"><a href=\"https:\/\/www.evang-friedhof.at\/simmering\/dr-walter-ernst-bernheimer\/\" class=\"more-link\"><span class=\"screen-reader-text\">\u201eDr. Walter Ernst BERNHEIMER\u201c <\/span>weiterlesen<\/a><\/p>\n","protected":false},"author":1,"featured_media":0,"parent":0,"menu_order":0,"comment_status":"closed","ping_status":"closed","template":"","meta":{"ngg_post_thumbnail":0,"footnotes":""},"class_list":["post-23601","page","type-page","status-publish","hentry"],"_links":{"self":[{"href":"https:\/\/www.evang-friedhof.at\/simmering\/wp-json\/wp\/v2\/pages\/23601","targetHints":{"allow":["GET"]}}],"collection":[{"href":"https:\/\/www.evang-friedhof.at\/simmering\/wp-json\/wp\/v2\/pages"}],"about":[{"href":"https:\/\/www.evang-friedhof.at\/simmering\/wp-json\/wp\/v2\/types\/page"}],"author":[{"embeddable":true,"href":"https:\/\/www.evang-friedhof.at\/simmering\/wp-json\/wp\/v2\/users\/1"}],"replies":[{"embeddable":true,"href":"https:\/\/www.evang-friedhof.at\/simmering\/wp-json\/wp\/v2\/comments?post=23601"}],"version-history":[{"count":1,"href":"https:\/\/www.evang-friedhof.at\/simmering\/wp-json\/wp\/v2\/pages\/23601\/revisions"}],"predecessor-version":[{"id":23603,"href":"https:\/\/www.evang-friedhof.at\/simmering\/wp-json\/wp\/v2\/pages\/23601\/revisions\/23603"}],"wp:attachment":[{"href":"https:\/\/www.evang-friedhof.at\/simmering\/wp-json\/wp\/v2\/media?parent=23601"}],"curies":[{"name":"wp","href":"https:\/\/api.w.org\/{rel}","templated":true}]}}