{"id":23598,"date":"2022-11-02T15:33:08","date_gmt":"2022-11-02T14:33:08","guid":{"rendered":"https:\/\/www.evang-friedhof.at\/simmering\/?page_id=23598"},"modified":"2022-11-02T15:33:08","modified_gmt":"2022-11-02T14:33:08","slug":"ing-viktor-brausewetter","status":"publish","type":"page","link":"https:\/\/www.evang-friedhof.at\/simmering\/ing-viktor-brausewetter\/","title":{"rendered":"Ing. Viktor BRAUSEWETTER"},"content":{"rendered":"<div class=\"description\"><a href=\"http:\/\/www.evang-friedhof.at\/simmering\/wp-content\/uploads\/2022\/11\/1-127-Brausewetter-2-1.jpg\"><img loading=\"lazy\" decoding=\"async\" class=\"alignleft size-medium wp-image-23599\" src=\"http:\/\/www.evang-friedhof.at\/simmering\/wp-content\/uploads\/2022\/11\/1-127-Brausewetter-2-1-300x225.jpg\" alt=\"\" width=\"300\" height=\"225\" srcset=\"https:\/\/www.evang-friedhof.at\/simmering\/wp-content\/uploads\/2022\/11\/1-127-Brausewetter-2-1-300x225.jpg 300w, https:\/\/www.evang-friedhof.at\/simmering\/wp-content\/uploads\/2022\/11\/1-127-Brausewetter-2-1-768x576.jpg 768w, https:\/\/www.evang-friedhof.at\/simmering\/wp-content\/uploads\/2022\/11\/1-127-Brausewetter-2-1-350x263.jpg 350w, https:\/\/www.evang-friedhof.at\/simmering\/wp-content\/uploads\/2022\/11\/1-127-Brausewetter-2-1.jpg 1024w\" sizes=\"auto, (max-width: 300px) 100vw, 300px\" \/><\/a>Bauunternehmer<\/p>\n<p>geb.: 12. 09. 1845, Gumbinnen (Gussew) Preu\u00dfen, heute Russland<br \/>\ngest.: 12. 03. 1926, Wien<\/p>\n<p>Nach seinem Studium an der Technischen Hochschule in Hannover trat er in den Dienst der Baudirektion der \u00d6sterreichischen Staatseisenbahngesellschaft. Zu seinen T\u00e4tigkeiten z\u00e4hlte die Trassierung der &#8211; m\u00e4hrisch &#8211; schlesischen Zentralbahn und der Wagtalbahn.<\/p>\n<p>1879 gr\u00fcndete er mit Adolf Freiherr von Pittel die Betonbauunternehmung \u201ePittel &amp; Brausewetter\u201c in Wien, die sp\u00e4ter auch in Sofia, Bielitz, Prag und Budapest Niederlassungen hatte. Zu den Bauausf\u00fchrung der Firma z\u00e4hlten Kanalisierungen, Br\u00fcckenbauten, Wasserkraftwerke, wie die B\u00e4renwerke im Fuschertal oder das Wiestalwerk in Salzburg sowie Festungs &#8211; und Industriebauten, wie die Festungen in Krakau und Przemysl, aber auch Thermalanlagen in den verschiedenen Kronl\u00e4ndern.<\/p>\n<p>Viktor Brausewetter war auch Seniorchef der Bauunternehmung E. G\u00e4rtner in Wien.<\/p>\n<p>Anl\u00e4sslich seines 80. Geburtstages erhielt der langj\u00e4hrige Pr\u00e4sident des \u00f6sterreichischen Betonvereins von der Technischen Hochschule Wien das Ehrendoktorat verliehen.<\/p>\n<p>Lit.:<br \/>\nAkad. d. Wiss. (Hrsg.): \u00d6sterreichisches Biographisches Lexikon, Bd. 1, Graz 1957, S. 109. Mentschl Josef, Otruba Gustav: Alt\u00f6sterreichische Unternehmer, Wien 1969, S. 88. Waissenberger Robert: Wiens Nutzbauten des 19. Jahrhunderts als Beispiele zukunftsweisenden Bauens, Wiener Schriften Heft 38, Wien 1977, 78f.<\/p><\/div>\n","protected":false},"excerpt":{"rendered":"<p>Bauunternehmer geb.: 12. 09. 1845, Gumbinnen (Gussew) Preu\u00dfen, heute Russland gest.: 12. 03. 1926, Wien Nach seinem Studium an der Technischen Hochschule in Hannover trat er in den Dienst der Baudirektion der \u00d6sterreichischen Staatseisenbahngesellschaft. Zu seinen T\u00e4tigkeiten z\u00e4hlte die Trassierung der &#8211; m\u00e4hrisch &#8211; schlesischen Zentralbahn und der Wagtalbahn. 1879 gr\u00fcndete er mit Adolf Freiherr &hellip; <\/p>\n<p class=\"link-more\"><a href=\"https:\/\/www.evang-friedhof.at\/simmering\/ing-viktor-brausewetter\/\" class=\"more-link\"><span class=\"screen-reader-text\">\u201eIng. Viktor BRAUSEWETTER\u201c <\/span>weiterlesen<\/a><\/p>\n","protected":false},"author":1,"featured_media":0,"parent":0,"menu_order":0,"comment_status":"closed","ping_status":"closed","template":"","meta":{"ngg_post_thumbnail":0,"footnotes":""},"class_list":["post-23598","page","type-page","status-publish","hentry"],"_links":{"self":[{"href":"https:\/\/www.evang-friedhof.at\/simmering\/wp-json\/wp\/v2\/pages\/23598","targetHints":{"allow":["GET"]}}],"collection":[{"href":"https:\/\/www.evang-friedhof.at\/simmering\/wp-json\/wp\/v2\/pages"}],"about":[{"href":"https:\/\/www.evang-friedhof.at\/simmering\/wp-json\/wp\/v2\/types\/page"}],"author":[{"embeddable":true,"href":"https:\/\/www.evang-friedhof.at\/simmering\/wp-json\/wp\/v2\/users\/1"}],"replies":[{"embeddable":true,"href":"https:\/\/www.evang-friedhof.at\/simmering\/wp-json\/wp\/v2\/comments?post=23598"}],"version-history":[{"count":1,"href":"https:\/\/www.evang-friedhof.at\/simmering\/wp-json\/wp\/v2\/pages\/23598\/revisions"}],"predecessor-version":[{"id":23600,"href":"https:\/\/www.evang-friedhof.at\/simmering\/wp-json\/wp\/v2\/pages\/23598\/revisions\/23600"}],"wp:attachment":[{"href":"https:\/\/www.evang-friedhof.at\/simmering\/wp-json\/wp\/v2\/media?parent=23598"}],"curies":[{"name":"wp","href":"https:\/\/api.w.org\/{rel}","templated":true}]}}