{"id":23595,"date":"2022-11-02T15:32:35","date_gmt":"2022-11-02T14:32:35","guid":{"rendered":"https:\/\/www.evang-friedhof.at\/simmering\/?page_id=23595"},"modified":"2022-11-02T15:32:35","modified_gmt":"2022-11-02T14:32:35","slug":"dipl-ing-benno-brausewetter","status":"publish","type":"page","link":"https:\/\/www.evang-friedhof.at\/simmering\/dipl-ing-benno-brausewetter\/","title":{"rendered":"Dipl. Ing. Benno BRAUSEWETTER"},"content":{"rendered":"<div class=\"description\"><a href=\"http:\/\/www.evang-friedhof.at\/simmering\/wp-content\/uploads\/2022\/11\/1-127-Brausewetter-2.jpg\"><img loading=\"lazy\" decoding=\"async\" class=\"alignleft size-medium wp-image-23596\" src=\"http:\/\/www.evang-friedhof.at\/simmering\/wp-content\/uploads\/2022\/11\/1-127-Brausewetter-2-300x225.jpg\" alt=\"\" width=\"300\" height=\"225\" srcset=\"https:\/\/www.evang-friedhof.at\/simmering\/wp-content\/uploads\/2022\/11\/1-127-Brausewetter-2-300x225.jpg 300w, https:\/\/www.evang-friedhof.at\/simmering\/wp-content\/uploads\/2022\/11\/1-127-Brausewetter-2-1024x768.jpg 1024w, https:\/\/www.evang-friedhof.at\/simmering\/wp-content\/uploads\/2022\/11\/1-127-Brausewetter-2-768x576.jpg 768w, https:\/\/www.evang-friedhof.at\/simmering\/wp-content\/uploads\/2022\/11\/1-127-Brausewetter-2-350x263.jpg 350w, https:\/\/www.evang-friedhof.at\/simmering\/wp-content\/uploads\/2022\/11\/1-127-Brausewetter-2.jpg 1440w\" sizes=\"auto, (max-width: 300px) 100vw, 300px\" \/><\/a>Industrieller, Zivilingenieur<\/p>\n<p>geb.: 6. 09. 1869, Wien<br \/>\ngest.: 22. 05. 1965, Wien<\/p>\n<p>Der Sohn des Chefs der Firma Pittel &amp; Brausewetter erbte vom Vater das Interesse f\u00fcr das Bauwesen. Das Studium an der Technischen Hochschule in Wien schloss er mit der II. Staatspr\u00fcfung ab und trat in die Firma des Vaters ein. F\u00fcr die Unternehmung leitete er die Bauarbeiten an den Kraftwerksanlagen in Lend und im Gasteiner Tal bzw. an der Trisanna bei Landeck.<\/p>\n<p>Nach dem Tod des Vaters \u00fcbernahm er die Leitung des \u00f6sterreichischen Betonvereins, den er bis 1938 leitete und nach dem Zweiten Weltkrieg wurde er zum Ehrenpr\u00e4sidenten ernannt.<\/p>\n<p>1932 wurde er Ehrenb\u00fcrger der Technischen Hochschule und anl\u00e4sslich des 50. Jahrestages seiner Staatspr\u00fcfung verlieh ihm die Technische Hochschule Wien 1944 f\u00fcr seine Verdienste den Diplomingenieur.<\/p>\n<p>Der Staat ehrte den Baufachmann 1932 mit dem Goldenen Ehrenzeichen f\u00fcr Verdienste um die Republik \u00d6sterreich.<\/p>\n<p>Lit.:<br \/>\nWiener Ztg. v. 6. 11. 1949, S. 4<\/p><\/div>\n","protected":false},"excerpt":{"rendered":"<p>Industrieller, Zivilingenieur geb.: 6. 09. 1869, Wien gest.: 22. 05. 1965, Wien Der Sohn des Chefs der Firma Pittel &amp; Brausewetter erbte vom Vater das Interesse f\u00fcr das Bauwesen. Das Studium an der Technischen Hochschule in Wien schloss er mit der II. Staatspr\u00fcfung ab und trat in die Firma des Vaters ein. F\u00fcr die Unternehmung &hellip; <\/p>\n<p class=\"link-more\"><a href=\"https:\/\/www.evang-friedhof.at\/simmering\/dipl-ing-benno-brausewetter\/\" class=\"more-link\"><span class=\"screen-reader-text\">\u201eDipl. Ing. Benno BRAUSEWETTER\u201c <\/span>weiterlesen<\/a><\/p>\n","protected":false},"author":1,"featured_media":0,"parent":0,"menu_order":0,"comment_status":"closed","ping_status":"closed","template":"","meta":{"ngg_post_thumbnail":0,"footnotes":""},"class_list":["post-23595","page","type-page","status-publish","hentry"],"_links":{"self":[{"href":"https:\/\/www.evang-friedhof.at\/simmering\/wp-json\/wp\/v2\/pages\/23595","targetHints":{"allow":["GET"]}}],"collection":[{"href":"https:\/\/www.evang-friedhof.at\/simmering\/wp-json\/wp\/v2\/pages"}],"about":[{"href":"https:\/\/www.evang-friedhof.at\/simmering\/wp-json\/wp\/v2\/types\/page"}],"author":[{"embeddable":true,"href":"https:\/\/www.evang-friedhof.at\/simmering\/wp-json\/wp\/v2\/users\/1"}],"replies":[{"embeddable":true,"href":"https:\/\/www.evang-friedhof.at\/simmering\/wp-json\/wp\/v2\/comments?post=23595"}],"version-history":[{"count":1,"href":"https:\/\/www.evang-friedhof.at\/simmering\/wp-json\/wp\/v2\/pages\/23595\/revisions"}],"predecessor-version":[{"id":23597,"href":"https:\/\/www.evang-friedhof.at\/simmering\/wp-json\/wp\/v2\/pages\/23595\/revisions\/23597"}],"wp:attachment":[{"href":"https:\/\/www.evang-friedhof.at\/simmering\/wp-json\/wp\/v2\/media?parent=23595"}],"curies":[{"name":"wp","href":"https:\/\/api.w.org\/{rel}","templated":true}]}}