{"id":23592,"date":"2022-11-02T15:32:07","date_gmt":"2022-11-02T14:32:07","guid":{"rendered":"https:\/\/www.evang-friedhof.at\/simmering\/?page_id=23592"},"modified":"2022-11-02T15:32:07","modified_gmt":"2022-11-02T14:32:07","slug":"tom-belling-jr","status":"publish","type":"page","link":"https:\/\/www.evang-friedhof.at\/simmering\/tom-belling-jr\/","title":{"rendered":"Tom BELLING jr."},"content":{"rendered":"<p><a href=\"http:\/\/www.evang-friedhof.at\/simmering\/wp-content\/uploads\/2022\/11\/3-95-Belling.jpg\"><img loading=\"lazy\" decoding=\"async\" class=\"alignleft size-medium wp-image-23593\" src=\"http:\/\/www.evang-friedhof.at\/simmering\/wp-content\/uploads\/2022\/11\/3-95-Belling-225x300.jpg\" alt=\"\" width=\"225\" height=\"300\" srcset=\"https:\/\/www.evang-friedhof.at\/simmering\/wp-content\/uploads\/2022\/11\/3-95-Belling-225x300.jpg 225w, https:\/\/www.evang-friedhof.at\/simmering\/wp-content\/uploads\/2022\/11\/3-95-Belling-768x1024.jpg 768w, https:\/\/www.evang-friedhof.at\/simmering\/wp-content\/uploads\/2022\/11\/3-95-Belling-350x467.jpg 350w, https:\/\/www.evang-friedhof.at\/simmering\/wp-content\/uploads\/2022\/11\/3-95-Belling.jpg 1080w\" sizes=\"auto, (max-width: 225px) 100vw, 225px\" \/><\/a>Clown<\/p>\n<p>geb.: 2. 06. 1873, Wien<br \/>\ngest.: 19. 10. 1934, Wien<\/p>\n<p>Er war der Sohn des ber\u00fchmten amerikanischen Clowns Tom Belling (1843 &#8211; 1900), der die Figur des \u201eDummen August\u201c kreiert hatte und lange Zeit in Wien im Zirkus Renz aufgetreten war. Tom Belling jr. bet\u00e4tigte sich wie seine Br\u00fcder Gobert und Clemens als Clown und Kleintierdresseur. Er \u00fcbernahm aber nicht die Rolle seines Vaters, diese fiel sp\u00e4ter seiner Frau Anna zu, sondern arbeitete in der Maske des Wei\u00dfclowns, in der er weltweit Ber\u00fchmtheit erlangte.<\/p>\n<p>In dem Grab wurden auch seine Frau Anna (1875 &#8211; 1961) und seine Mutter Anna Catharine Belling geborene Stafford (1844 &#8211; 1906) bestattet.<\/p>\n<p>Lit.:<br \/>\nCzeike Felix: Historisches Lexikon Wien, Bd. 1, Wien 1992, S. 316<br \/>\nHavelka Hans: Der Wiener Zentralfriedhof, Wien 1989, S. 130<\/p>\n","protected":false},"excerpt":{"rendered":"<p>Clown geb.: 2. 06. 1873, Wien gest.: 19. 10. 1934, Wien Er war der Sohn des ber\u00fchmten amerikanischen Clowns Tom Belling (1843 &#8211; 1900), der die Figur des \u201eDummen August\u201c kreiert hatte und lange Zeit in Wien im Zirkus Renz aufgetreten war. Tom Belling jr. bet\u00e4tigte sich wie seine Br\u00fcder Gobert und Clemens als Clown &hellip; <\/p>\n<p class=\"link-more\"><a href=\"https:\/\/www.evang-friedhof.at\/simmering\/tom-belling-jr\/\" class=\"more-link\"><span class=\"screen-reader-text\">\u201eTom BELLING jr.\u201c <\/span>weiterlesen<\/a><\/p>\n","protected":false},"author":1,"featured_media":0,"parent":0,"menu_order":0,"comment_status":"closed","ping_status":"closed","template":"","meta":{"ngg_post_thumbnail":0,"footnotes":""},"class_list":["post-23592","page","type-page","status-publish","hentry"],"_links":{"self":[{"href":"https:\/\/www.evang-friedhof.at\/simmering\/wp-json\/wp\/v2\/pages\/23592","targetHints":{"allow":["GET"]}}],"collection":[{"href":"https:\/\/www.evang-friedhof.at\/simmering\/wp-json\/wp\/v2\/pages"}],"about":[{"href":"https:\/\/www.evang-friedhof.at\/simmering\/wp-json\/wp\/v2\/types\/page"}],"author":[{"embeddable":true,"href":"https:\/\/www.evang-friedhof.at\/simmering\/wp-json\/wp\/v2\/users\/1"}],"replies":[{"embeddable":true,"href":"https:\/\/www.evang-friedhof.at\/simmering\/wp-json\/wp\/v2\/comments?post=23592"}],"version-history":[{"count":1,"href":"https:\/\/www.evang-friedhof.at\/simmering\/wp-json\/wp\/v2\/pages\/23592\/revisions"}],"predecessor-version":[{"id":23594,"href":"https:\/\/www.evang-friedhof.at\/simmering\/wp-json\/wp\/v2\/pages\/23592\/revisions\/23594"}],"wp:attachment":[{"href":"https:\/\/www.evang-friedhof.at\/simmering\/wp-json\/wp\/v2\/media?parent=23592"}],"curies":[{"name":"wp","href":"https:\/\/api.w.org\/{rel}","templated":true}]}}