{"id":23582,"date":"2022-11-02T15:28:49","date_gmt":"2022-11-02T14:28:49","guid":{"rendered":"https:\/\/www.evang-friedhof.at\/simmering\/?page_id=23582"},"modified":"2022-11-02T15:28:49","modified_gmt":"2022-11-02T14:28:49","slug":"heinrich-adam","status":"publish","type":"page","link":"https:\/\/www.evang-friedhof.at\/simmering\/heinrich-adam\/","title":{"rendered":"Heinrich ADAM"},"content":{"rendered":"<p><a href=\"http:\/\/www.evang-friedhof.at\/simmering\/wp-content\/uploads\/2022\/11\/1-R-6-Adam.jpg\"><img loading=\"lazy\" decoding=\"async\" class=\"wp-image-23583 size-medium alignleft\" src=\"http:\/\/www.evang-friedhof.at\/simmering\/wp-content\/uploads\/2022\/11\/1-R-6-Adam-225x300.jpg\" alt=\"\" width=\"225\" height=\"300\" srcset=\"https:\/\/www.evang-friedhof.at\/simmering\/wp-content\/uploads\/2022\/11\/1-R-6-Adam-225x300.jpg 225w, https:\/\/www.evang-friedhof.at\/simmering\/wp-content\/uploads\/2022\/11\/1-R-6-Adam-768x1024.jpg 768w, https:\/\/www.evang-friedhof.at\/simmering\/wp-content\/uploads\/2022\/11\/1-R-6-Adam-350x467.jpg 350w, https:\/\/www.evang-friedhof.at\/simmering\/wp-content\/uploads\/2022\/11\/1-R-6-Adam.jpg 1080w\" sizes=\"auto, (max-width: 225px) 100vw, 225px\" \/><\/a>Architekt, Gemeinderat<\/p>\n<p>geb.: 18. 03. 1839, Dierbach, Bayern<br \/>\ngest.: 29. 01. 1905, Wien<\/p>\n<p>Nach seinem Studium bei Paul Langes in M\u00fcnchen lie\u00df sich Heinrich Adam in Wien nieder und wurde 1869 Mitglied des K\u00fcnstlerhauses. Einen wesentlichen Impuls f\u00fcr seine Karriere als Architekt bildete der Auftrag des Herzogs von W\u00fcrttemberg zum Bau von Schloss Cumberland in Gmunden am Traunsee. Nachdem dieser zur Zufriedenheit des Auftraggebers ausgefallen war, bekam er auch den Zuschlag, gemeinsam mit dem M\u00fcnchner Architekten Arnold Zanetti an der Ringstra\u00dfe das Wiener Stadtpalais (heute Hotel Imperial) des Herzog zu errichten. Von ihm stammten auch die Entw\u00fcrfe f\u00fcr die M\u00f6bel und die Schmiedeeisenarbeiten in diesem Bauwerk.<\/p>\n<p>Unter den weiteren in Wien errichteten Objekten sind das Palais Wahliss im Stil Ludwig XV in der Argentinierstra\u00dfe (21) und das vorgesetzte Miethaus f\u00fcr Ernst und Anna Wahliss sowie der Habighof in der Wiedner Hauptstra\u00dfe (15 &#8211; 17) hervorzuheben. Posthum wurden die Entw\u00fcrfe zu den schmiedeeisernen Gittern f\u00fcr das Schwarzenbergpalais ausgef\u00fchrt.<\/p>\n<p>Zu den wichtigen Bauwerken des Architekten z\u00e4hlen das Palais Czaky in Pre\u00dfburg (Pozsony) (Bratislava) und das Rathaus von Nagy- Kanizsa.<\/p>\n<p>Heinrich Adam sa\u00df als Vertreter der Liberalen von 1887 bis 1896 im Wiener Gemeinderat und war in der Rathausbau &#8211; und Donauregulierungskommission vertreten. F\u00fcr die Erste \u00d6sterreichische Sparkasse arbeitete er als Sch\u00e4tzmeister.<\/p>\n<p>Er engagierte sich in der Kirche und war Presbyter der evangelischen Gemeinde H.B.<\/p>\n<p>Lit.:<br \/>\nArchiv der evangelischen Gemeinde A.B.: 1905<br \/>\nAkademie d. Wiss. (Hrsg.): \u00d6sterreichisches Biographisches Lexikon, Bd. 1, Graz 1957, S. 4<br \/>\nAuszug aus dem Jahrbuch d. Stadt Wien, 77. Jg., Wien 1963, S. 215<br \/>\nCzeike Felix: Historisches Lexikon Wien, Bd. 1, Wien 1993, S. 10<\/p>\n","protected":false},"excerpt":{"rendered":"<p>Architekt, Gemeinderat geb.: 18. 03. 1839, Dierbach, Bayern gest.: 29. 01. 1905, Wien Nach seinem Studium bei Paul Langes in M\u00fcnchen lie\u00df sich Heinrich Adam in Wien nieder und wurde 1869 Mitglied des K\u00fcnstlerhauses. Einen wesentlichen Impuls f\u00fcr seine Karriere als Architekt bildete der Auftrag des Herzogs von W\u00fcrttemberg zum Bau von Schloss Cumberland in &hellip; <\/p>\n<p class=\"link-more\"><a href=\"https:\/\/www.evang-friedhof.at\/simmering\/heinrich-adam\/\" class=\"more-link\"><span class=\"screen-reader-text\">\u201eHeinrich ADAM\u201c <\/span>weiterlesen<\/a><\/p>\n","protected":false},"author":1,"featured_media":0,"parent":0,"menu_order":0,"comment_status":"closed","ping_status":"closed","template":"","meta":{"ngg_post_thumbnail":0,"footnotes":""},"class_list":["post-23582","page","type-page","status-publish","hentry"],"_links":{"self":[{"href":"https:\/\/www.evang-friedhof.at\/simmering\/wp-json\/wp\/v2\/pages\/23582","targetHints":{"allow":["GET"]}}],"collection":[{"href":"https:\/\/www.evang-friedhof.at\/simmering\/wp-json\/wp\/v2\/pages"}],"about":[{"href":"https:\/\/www.evang-friedhof.at\/simmering\/wp-json\/wp\/v2\/types\/page"}],"author":[{"embeddable":true,"href":"https:\/\/www.evang-friedhof.at\/simmering\/wp-json\/wp\/v2\/users\/1"}],"replies":[{"embeddable":true,"href":"https:\/\/www.evang-friedhof.at\/simmering\/wp-json\/wp\/v2\/comments?post=23582"}],"version-history":[{"count":1,"href":"https:\/\/www.evang-friedhof.at\/simmering\/wp-json\/wp\/v2\/pages\/23582\/revisions"}],"predecessor-version":[{"id":23584,"href":"https:\/\/www.evang-friedhof.at\/simmering\/wp-json\/wp\/v2\/pages\/23582\/revisions\/23584"}],"wp:attachment":[{"href":"https:\/\/www.evang-friedhof.at\/simmering\/wp-json\/wp\/v2\/media?parent=23582"}],"curies":[{"name":"wp","href":"https:\/\/api.w.org\/{rel}","templated":true}]}}