{"id":870,"date":"2018-12-05T17:50:33","date_gmt":"2018-12-05T16:50:33","guid":{"rendered":"http:\/\/www.evang-friedhof.at\/matzleinsdorf\/?page_id=870"},"modified":"2018-12-12T12:10:06","modified_gmt":"2018-12-12T11:10:06","slug":"impressum","status":"publish","type":"page","link":"https:\/\/www.evang-friedhof.at\/matzleinsdorf\/impressum\/","title":{"rendered":"Impressum"},"content":{"rendered":"<p><strong>Evangelischer Friedhof Matzleinsdorf<br \/>\n<\/strong>Friedhofsverwaltung unter der Leitung von Walter Pois<\/p>\n<p class=\"widget-title\"><strong style=\"font-size: 1rem;\"><span style=\"font-size: 12pt;\">Adresse<\/span><br \/>\n<\/strong><span style=\"font-size: 1rem;\">Triester Stra\u00dfe 1<br \/>\n<\/span><span style=\"font-size: 1rem;\">1100 Wien<\/span><\/p>\n<div class=\"textwidget\">\n<div id=\"evangelischer_friedhof\">\n<div id=\"matzleinsdorf\">\n<div id=\"nav\">\n<p><strong>Verwaltung:<\/strong><br \/>\nTel.:&nbsp;<a href=\"tel: 016043342\">01 604 33 42<\/a><br \/>\nFax:&nbsp;<a href=\"tel: 016002611\">01 600 26 11<\/a><br \/>\nE-Mail: <a href=\"mailto:matzleinsdorf@evang-friedhof.at\">matzleinsdorf@evang-friedhof.at<\/a><\/p>\n<p><strong>Blumengesch\u00e4ft:<\/strong><br \/>\nTel.:&nbsp;<a href=\"tel: 01604334220\">01 604 33 42 20<\/a><br \/>\nE-Mail: <a href=\"mailto:blumen.matz@evang-friedhof.at\">blumen.matz@evang-friedhof.at<\/a><\/p>\n<p><strong>G\u00e4rtnerei (Grabpflege):<\/strong><br \/>\nTel.:&nbsp;<a href=\"tel: 016043342\">01 604 33 42<\/a><\/p>\n<p><strong>Bankdaten:<\/strong><br \/>\nIBAN: AT55 6000 0000 0760 2700<br \/>\nBIC: BAWAATWW<\/p>\n<p><strong>UID:<br \/>\n<\/strong>ATU16291000<\/p>\n<p>Inhalt, Struktur und Layout dieser Website sind urheberrechtlich gesch\u00fctzt. Urheberrechte f\u00fcr Bildmaterial, Texte und andere gesch\u00fctzte Werke, Marken und Kennzeichen werden dadurch nicht beschnitten. Ohne ausdr\u00fcckliche Zustimmung des Medieninhabers ist es nicht gestattet, das Angebot im Ganzen oder in Teilen zu kopieren oder sonstig zu verwenden (inklusive des Ausdrucks auf Papier).<\/p>\n<\/div>\n<\/div>\n<\/div>\n<\/div>\n","protected":false},"excerpt":{"rendered":"<p>Evangelischer Friedhof Matzleinsdorf Friedhofsverwaltung unter der Leitung von Walter Pois Adresse Triester Stra\u00dfe 1 1100 Wien Verwaltung: Tel.:&nbsp;01 604 33 42 Fax:&nbsp;01 600 26 11 E-Mail: matzleinsdorf@evang-friedhof.at Blumengesch\u00e4ft: Tel.:&nbsp;01 604 33 42 20 E-Mail: blumen.matz@evang-friedhof.at G\u00e4rtnerei (Grabpflege): Tel.:&nbsp;01 604 33 42 Bankdaten: IBAN: AT55 6000 0000 0760 2700 BIC: BAWAATWW UID: ATU16291000 Inhalt, Struktur und &hellip; <\/p>\n<p class=\"link-more\"><a href=\"https:\/\/www.evang-friedhof.at\/matzleinsdorf\/impressum\/\" class=\"more-link\"><span class=\"screen-reader-text\">\u201eImpressum\u201c<\/span> weiterlesen<\/a><\/p>\n","protected":false},"author":1,"featured_media":0,"parent":0,"menu_order":0,"comment_status":"closed","ping_status":"closed","template":"","meta":{"ngg_post_thumbnail":0,"footnotes":""},"class_list":["post-870","page","type-page","status-publish","hentry"],"_links":{"self":[{"href":"https:\/\/www.evang-friedhof.at\/matzleinsdorf\/wp-json\/wp\/v2\/pages\/870","targetHints":{"allow":["GET"]}}],"collection":[{"href":"https:\/\/www.evang-friedhof.at\/matzleinsdorf\/wp-json\/wp\/v2\/pages"}],"about":[{"href":"https:\/\/www.evang-friedhof.at\/matzleinsdorf\/wp-json\/wp\/v2\/types\/page"}],"author":[{"embeddable":true,"href":"https:\/\/www.evang-friedhof.at\/matzleinsdorf\/wp-json\/wp\/v2\/users\/1"}],"replies":[{"embeddable":true,"href":"https:\/\/www.evang-friedhof.at\/matzleinsdorf\/wp-json\/wp\/v2\/comments?post=870"}],"version-history":[{"count":5,"href":"https:\/\/www.evang-friedhof.at\/matzleinsdorf\/wp-json\/wp\/v2\/pages\/870\/revisions"}],"predecessor-version":[{"id":876,"href":"https:\/\/www.evang-friedhof.at\/matzleinsdorf\/wp-json\/wp\/v2\/pages\/870\/revisions\/876"}],"wp:attachment":[{"href":"https:\/\/www.evang-friedhof.at\/matzleinsdorf\/wp-json\/wp\/v2\/media?parent=870"}],"curies":[{"name":"wp","href":"https:\/\/api.w.org\/{rel}","templated":true}]}}