{"id":792,"date":"2018-08-20T11:44:19","date_gmt":"2018-08-20T09:44:19","guid":{"rendered":"http:\/\/www.evang-friedhof.at\/matzleinsdorf\/?page_id=792"},"modified":"2018-08-20T11:44:19","modified_gmt":"2018-08-20T09:44:19","slug":"agb-kranzbestellung","status":"publish","type":"page","link":"https:\/\/www.evang-friedhof.at\/matzleinsdorf\/agb-kranzbestellung\/","title":{"rendered":"AGB Kranzbestellung"},"content":{"rendered":"<p><strong>Allgemeine Gesch\u00e4ftsbedingungen der Blumenfachgesch\u00e4fte<\/strong><\/p>\n<p><strong>&nbsp;<\/strong><\/p>\n<ul>\n<li><strong>Gestaltung der Bedingungen<\/strong>&nbsp;\n<p>Lieferungen, Leistungen und Angebote des Blumenfachgesch\u00e4fts erfolgen aus-schlie\u00dflich aufgrund der einheitlich geltenden \u201eAllgemeinen Gesch\u00e4ftsbedingungen der Blumenfachgesch\u00e4fte\u201c.Von diesen AGBs abweichende oder diese erg\u00e4nzende Vereinbarungen bed\u00fcrfen der Schriftform. Sollten einzelne Bestimmungen dieser \u201aEinheitlichen Gesch\u00e4ftsbedingungen unwirksam sein, so ber\u00fchrt dies die Verbindlichkeit der \u00fcbrigen Bestimmun-gen und der unter ihrer Zugrundelegung geschlossenen Vertr\u00e4ge nicht. Die unwirksame Bestimmung ist durch eine wirksame, die ihr dem Sinn und Zweck am n\u00e4chsten kommt, zu ersetzen.<\/li>\n<li><strong>Vertragsabschluss<\/strong>&nbsp;\n<p>Schriftliche Angebote des Blumenfachgesch\u00e4fts k\u00f6nnen nur unverz\u00fcglich angenommen werden, es sei denn, dass eine l\u00e4ngere Bindung vereinbart ist. Nebenabreden k\u00f6nnen nur schriftlich vereinbart werden.&nbsp;<\/li>\n<\/ul>\n<p>&nbsp;<\/p>\n<ul>\n<li><strong>Preise <\/strong>Die Preise des Blumenfachgesch\u00e4fts verstehen sich einschlie\u00dflich der g\u00fcltigen Umsatzsteuer.<br \/>\nZusatzleistungen, die \u00fcber den eigentlichen Pflanzen- und Blumenverkauf hinausgehen, sind gesondert zu verg\u00fcten, also etwa Anlieferungen, Versand, Extrabeiwerk, Sonderverpackungen, Karten, \u00c4nderungen von Gebinden, Materialien, Arrangieren an drittem Ort, usw.<\/li>\n<li><strong>F\u00e4lligkeit<\/strong>&nbsp;\n<p>Die Lieferungen des Blumenfachgesch\u00e4fts sind sofort in bar zu verg\u00fcten, sofern nicht ausnahmsweise ein Zahlungsziel vereinbart wird. Schecks oder Wechsel werden nur zahlungshalber angenommen.<\/li>\n<\/ul>\n<p>&nbsp;<\/p>\n<ul>\n<li><strong>Lieferzeit und Gefahrtragung<\/strong>Vorausbestellte Ware ist am vereinbarten Tag anzuliefern und anzunehmen. Bei Bestellungen f\u00fcr Sonn- und Feiertage ist das Blumenfachgesch\u00e4ft berechtigt, die Ware am Vortag anzuliefern. Wird der Kunde am Vortag nicht angetroffen, wird das Blumenfachgesch\u00e4ft die vorausbestellte Ware am vereinbarten Tag anliefern. Jede Versendung oder Anlieferung erfolgt auf Rechnung und Gefahr des Kunden. Das Blumenfachgesch\u00e4ft haftet nicht bei unleserlicher, unvollst\u00e4ndiger oder falscher Liefer-anschrift. F\u00fcr vom Kunden beigegebene Begleitwaren haftet das Blumenfachgesch\u00e4ft nur bei grob fahrl\u00e4ssiger oder vors\u00e4tzlicher Besch\u00e4digung oder Zerst\u00f6rung.<\/li>\n<\/ul>\n<p>&nbsp;<\/p>\n<ul>\n<li><strong>Gew\u00e4hrleistung und Haftung<\/strong>&nbsp;<\/li>\n<li>Hat der Kunde Waren vorausbestellt, so k\u00f6nnen die gelieferten Blumen bzw. Pflanzen in Struktur und Farbe gegen\u00fcber den besichtigten Pflanzen abweichen, soweit dies handels\u00fcblich ist, es sei denn, dass eine spezielle Vereinbarung \u00fcber Sorte und\/oder Pflanze getroffen wurde.<\/li>\n<li>Ist die gelieferte Ware mangelhaft oder fehlen ihr zugesicherte Eigenschaften, ist das Blumenfachgesch\u00e4ft zun\u00e4chst berechtigt, nach seiner Wahl dem Kunden Ersatz zu liefern oder nachzubessern. Schl\u00e4gt die Nachbesserung oder die Ersatzlieferung fehl, kann der Kunde nach seiner Wahl Preisminderung verlangen oder vom Vertrag zur\u00fccktreten<\/li>\n<li>Offensichtliche M\u00e4ngel m\u00fcssen dem Blumenfachgesch\u00e4ft unverz\u00fcglich, sp\u00e4testens jedoch innerhalb von 48 Stunden nach der Lieferung, m\u00f6glichst schriftlich mitgeteilt werden. Die mangelhaften Waren sind in dem Zustand, in dem sie sich zum Zeitpunkt des Mangels befinden, zur Besichtigung durch das Blumenfachgesch\u00e4ft bereitzuhalten. Ein Versto\u00df gegen die vorstehenden Verpflichtungen schlie\u00dft jede Gew\u00e4hrleistung des Blumenfachgesch\u00e4fts aus. Die Beweislastumkehr gem. \u00a7 924 ABGB ist ausgeschlossen. Gegen\u00fcber Kunden, die Verbraucher im Sinne des KSchG sind, gelten die gesetzlichen Gew\u00e4hrleistungsvorschriften.<\/li>\n<li>Das Blumenfachgesch\u00e4ft leistet keinen Ersatz bei Nichteinhaltung von Pflegehin-weisen.<\/li>\n<li>Schadensersatzanspr\u00fcche aus Unm\u00f6glichkeit der Leistung, wegen Nichterf\u00fcllung, aus positiver Forderungsverletzung, aus Verschulden bei Vertragsabschluss und aus unerlaubter Handlung sind ausgeschlossen, soweit der Schaden nicht vors\u00e4tzlich oder grob fahrl\u00e4ssig verursacht wurde. Das Vorliegen grober Fahrl\u00e4ssigkeit ist, sofern es sich nicht um einen Verbraucher handelt, vom Gesch\u00e4digten zu beweisen.<\/li>\n<li>Von den Blumenfachgesch\u00e4ften gelieferte Keramiken k\u00f6nnen aufgrund ihrer nat\u00fcrlichen Porosit\u00e4t eine gewisse Wasseraufnahme besitzen; sie sind nicht als wasserdicht, sondern als mehr oder weniger wasserundurchl\u00e4ssig zu bezeichnen. Das Blumenfachgesch\u00e4ft kann deshalb keinen Ersatz f\u00fcr Sch\u00e4den leisten, die dadurch entstehen, dass der Kunde es unterl\u00e4sst, zus\u00e4tzliche \u00dcberlaufgef\u00e4\u00dfe, Wasserauffangschalen oder \u00e4hnliche wasserdichte Beh\u00e4lter aufzustellen.<\/li>\n<\/ul>\n<p>&nbsp;<\/p>\n<ul>\n<li><strong>Eigentumsvorbehalt<\/strong>&nbsp;\n<p>S\u00e4mtliche Waren bleiben bis zur vollst\u00e4ndigen Bezahlung Eigentum des Inhabers des Blumenfachgesch\u00e4fts.<\/li>\n<li><strong>Erf\u00fcllungsort<\/strong>Erf\u00fcllungsort ist der Sitz des Blumenfachgesch\u00e4fts.<\/li>\n<\/ul>\n<p>&nbsp;<\/p>\n<p>Herausgegeben von der Bundesinnung der G\u00e4rtner und Floristen im M\u00e4rz 2003.<\/p>\n","protected":false},"excerpt":{"rendered":"<p>Allgemeine Gesch\u00e4ftsbedingungen der Blumenfachgesch\u00e4fte &nbsp; Gestaltung der Bedingungen&nbsp; Lieferungen, Leistungen und Angebote des Blumenfachgesch\u00e4fts erfolgen aus-schlie\u00dflich aufgrund der einheitlich geltenden \u201eAllgemeinen Gesch\u00e4ftsbedingungen der Blumenfachgesch\u00e4fte\u201c.Von diesen AGBs abweichende oder diese erg\u00e4nzende Vereinbarungen bed\u00fcrfen der Schriftform. Sollten einzelne Bestimmungen dieser \u201aEinheitlichen Gesch\u00e4ftsbedingungen unwirksam sein, so ber\u00fchrt dies die Verbindlichkeit der \u00fcbrigen Bestimmun-gen und der unter ihrer Zugrundelegung &hellip; <\/p>\n<p class=\"link-more\"><a href=\"https:\/\/www.evang-friedhof.at\/matzleinsdorf\/agb-kranzbestellung\/\" class=\"more-link\"><span class=\"screen-reader-text\">\u201eAGB Kranzbestellung\u201c<\/span> weiterlesen<\/a><\/p>\n","protected":false},"author":1,"featured_media":0,"parent":0,"menu_order":0,"comment_status":"closed","ping_status":"closed","template":"","meta":{"ngg_post_thumbnail":0,"footnotes":""},"class_list":["post-792","page","type-page","status-publish","hentry"],"_links":{"self":[{"href":"https:\/\/www.evang-friedhof.at\/matzleinsdorf\/wp-json\/wp\/v2\/pages\/792","targetHints":{"allow":["GET"]}}],"collection":[{"href":"https:\/\/www.evang-friedhof.at\/matzleinsdorf\/wp-json\/wp\/v2\/pages"}],"about":[{"href":"https:\/\/www.evang-friedhof.at\/matzleinsdorf\/wp-json\/wp\/v2\/types\/page"}],"author":[{"embeddable":true,"href":"https:\/\/www.evang-friedhof.at\/matzleinsdorf\/wp-json\/wp\/v2\/users\/1"}],"replies":[{"embeddable":true,"href":"https:\/\/www.evang-friedhof.at\/matzleinsdorf\/wp-json\/wp\/v2\/comments?post=792"}],"version-history":[{"count":1,"href":"https:\/\/www.evang-friedhof.at\/matzleinsdorf\/wp-json\/wp\/v2\/pages\/792\/revisions"}],"predecessor-version":[{"id":793,"href":"https:\/\/www.evang-friedhof.at\/matzleinsdorf\/wp-json\/wp\/v2\/pages\/792\/revisions\/793"}],"wp:attachment":[{"href":"https:\/\/www.evang-friedhof.at\/matzleinsdorf\/wp-json\/wp\/v2\/media?parent=792"}],"curies":[{"name":"wp","href":"https:\/\/api.w.org\/{rel}","templated":true}]}}