{"id":69,"date":"2017-12-17T14:49:20","date_gmt":"2017-12-17T13:49:20","guid":{"rendered":"http:\/\/www.evang-friedhof.at\/matzleinsdorf\/?page_id=69"},"modified":"2020-03-29T15:52:07","modified_gmt":"2020-03-29T13:52:07","slug":"grabpflege","status":"publish","type":"page","link":"https:\/\/www.evang-friedhof.at\/matzleinsdorf\/grabpflege\/","title":{"rendered":"Grabpflege"},"content":{"rendered":"<p><img loading=\"lazy\" decoding=\"async\" class=\" wp-image-8511 alignright\" src=\"https:\/\/www.evang-friedhof.at\/matzleinsdorf\/wp-content\/uploads\/2020\/03\/G\u00fctesiegel-250x300.png\" alt=\"\" width=\"215\" height=\"258\" srcset=\"https:\/\/www.evang-friedhof.at\/matzleinsdorf\/wp-content\/uploads\/2020\/03\/G\u00fctesiegel-250x300.png 250w, https:\/\/www.evang-friedhof.at\/matzleinsdorf\/wp-content\/uploads\/2020\/03\/G\u00fctesiegel-350x420.png 350w, https:\/\/www.evang-friedhof.at\/matzleinsdorf\/wp-content\/uploads\/2020\/03\/G\u00fctesiegel.png 493w\" sizes=\"auto, (max-width: 215px) 100vw, 215px\" \/>Grabpflege bedeutet, dass Angeh\u00f6rige einen G\u00e4rtner beauftragen, der das Grab der lieben Verstorbenen pflegt und sich darum k\u00fcmmert.<\/p>\n<p>In der heutigen Zeit ist es oft so, dass das Berufsleben den Alltag bestimmt und nur wenig Freizeit bleibt. Aus diesem Grund bieten wir Ihnen das Service einer Grabpflege an.<\/p>\n<p>Die Jahresgrabpflege dauer von April bis Oktober und kann j\u00e4hrlich verl\u00e4ngert werden.<\/p>\n<p>Zur g\u00e4rtnerischen Pflege geh\u00f6rt:<\/p>\n<ul>\n<li>S\u00e4ubern der Grabfl\u00e4chen<\/li>\n<li>Entfernen von Beikraut<\/li>\n<li>Gie\u00dfen und D\u00fcngen der Pflanzen<\/li>\n<li>Entfernen von verbl\u00fchten Blumen<\/li>\n<li>Str\u00e4ucher und Rosen zur\u00fcckschneiden<\/li>\n<li>Rasen zu Saisonbeginn vertikutieren<\/li>\n<li>M\u00e4hen des Rasens<\/li>\n<li>Bodendecker zurechtschneiden<\/li>\n<li>Den linken Weg neben dem Grab und den Zwischenraum hinter dem Grabstein von Beikraut frei halten<\/li>\n<\/ul>\n<p>In der Pflege nicht enthalten sind:<\/p>\n<ul>\n<li>Die Neuanlage von Rasen und Bodendecker<\/li>\n<li>Sowie jahreszeitlicher Blumenschmuck<\/li>\n<\/ul>\n<p>Daf\u00fcr m\u00fcssen Sie uns gesondert beauftragen.<\/p>\n<p>Die Preise f\u00fcr die Pflege und Bepflanzung variieren je nach Art und Schmuck.<\/p>\n<p>F\u00fcr Fragen zur Grabpflege und f\u00fcr Ihre individuellen W\u00fcnsche stehen wir Ihnen gerne zur Verf\u00fcgung und beraten Sie ausf\u00fchrlich<\/p>\n","protected":false},"excerpt":{"rendered":"<p>Grabpflege bedeutet, dass Angeh\u00f6rige einen G\u00e4rtner beauftragen, der das Grab der lieben Verstorbenen pflegt und sich darum k\u00fcmmert. In der heutigen Zeit ist es oft so, dass das Berufsleben den Alltag bestimmt und nur wenig Freizeit bleibt. Aus diesem Grund bieten wir Ihnen das Service einer Grabpflege an. Die Jahresgrabpflege dauer von April bis Oktober &hellip; <\/p>\n<p class=\"link-more\"><a href=\"https:\/\/www.evang-friedhof.at\/matzleinsdorf\/grabpflege\/\" class=\"more-link\"><span class=\"screen-reader-text\">\u201eGrabpflege\u201c<\/span> weiterlesen<\/a><\/p>\n","protected":false},"author":1,"featured_media":0,"parent":0,"menu_order":0,"comment_status":"closed","ping_status":"closed","template":"","meta":{"ngg_post_thumbnail":0,"footnotes":""},"class_list":["post-69","page","type-page","status-publish","hentry"],"_links":{"self":[{"href":"https:\/\/www.evang-friedhof.at\/matzleinsdorf\/wp-json\/wp\/v2\/pages\/69","targetHints":{"allow":["GET"]}}],"collection":[{"href":"https:\/\/www.evang-friedhof.at\/matzleinsdorf\/wp-json\/wp\/v2\/pages"}],"about":[{"href":"https:\/\/www.evang-friedhof.at\/matzleinsdorf\/wp-json\/wp\/v2\/types\/page"}],"author":[{"embeddable":true,"href":"https:\/\/www.evang-friedhof.at\/matzleinsdorf\/wp-json\/wp\/v2\/users\/1"}],"replies":[{"embeddable":true,"href":"https:\/\/www.evang-friedhof.at\/matzleinsdorf\/wp-json\/wp\/v2\/comments?post=69"}],"version-history":[{"count":6,"href":"https:\/\/www.evang-friedhof.at\/matzleinsdorf\/wp-json\/wp\/v2\/pages\/69\/revisions"}],"predecessor-version":[{"id":8512,"href":"https:\/\/www.evang-friedhof.at\/matzleinsdorf\/wp-json\/wp\/v2\/pages\/69\/revisions\/8512"}],"wp:attachment":[{"href":"https:\/\/www.evang-friedhof.at\/matzleinsdorf\/wp-json\/wp\/v2\/media?parent=69"}],"curies":[{"name":"wp","href":"https:\/\/api.w.org\/{rel}","templated":true}]}}