{"id":67,"date":"2017-12-17T14:49:10","date_gmt":"2017-12-17T13:49:10","guid":{"rendered":"http:\/\/www.evang-friedhof.at\/matzleinsdorf\/?page_id=67"},"modified":"2018-09-27T12:45:06","modified_gmt":"2018-09-27T10:45:06","slug":"dauergrabpflege","status":"publish","type":"page","link":"https:\/\/www.evang-friedhof.at\/matzleinsdorf\/dauergrabpflege\/","title":{"rendered":"Dauergrabpflege"},"content":{"rendered":"<p>Dauergrabpflege bedeutet, dass Angeh\u00f6rige das Grab Ihres geliebten Verstorbenen bzw. nach Ableben das Eigene einer Friedhofsg\u00e4rtnerei anvertrauen k\u00f6nnen. Dies ist ab einer Mindestvertragsdauer von 5 Jahren m\u00f6glich und kann bereits zu Lebzeiten oder erst ab Abruf \/ Ableben, als Vorsorge abgeschlossen werden.<\/p>\n<p>Im Vertragszeitraum wird das Grab von der G\u00e4rtnerei mit viel Freude und F\u00fcrsorge betreut. Damit haben sie die Sicherheit, dass die Grabstelle Ihrer Liebsten bzw. sp\u00e4ter auch die Eigene, sich immer in einem gepflegten Zustand befindet.<\/p>\n<p>Die Kosten variieren je nach Umfang der von uns erbrachten Leistungen, Grabart und der Laufzeit.<\/p>\n<p>Lassen sie uns an Ihren W\u00fcnschen, Fragen und Anregungen teilhaben &#8211; wir sind gerne f\u00fcr Sie da.<\/p>\n","protected":false},"excerpt":{"rendered":"<p>Dauergrabpflege bedeutet, dass Angeh\u00f6rige das Grab Ihres geliebten Verstorbenen bzw. nach Ableben das Eigene einer Friedhofsg\u00e4rtnerei anvertrauen k\u00f6nnen. Dies ist ab einer Mindestvertragsdauer von 5 Jahren m\u00f6glich und kann bereits zu Lebzeiten oder erst ab Abruf \/ Ableben, als Vorsorge abgeschlossen werden. Im Vertragszeitraum wird das Grab von der G\u00e4rtnerei mit viel Freude und F\u00fcrsorge &hellip; <\/p>\n<p class=\"link-more\"><a href=\"https:\/\/www.evang-friedhof.at\/matzleinsdorf\/dauergrabpflege\/\" class=\"more-link\"><span class=\"screen-reader-text\">\u201eDauergrabpflege\u201c<\/span> weiterlesen<\/a><\/p>\n","protected":false},"author":1,"featured_media":0,"parent":0,"menu_order":0,"comment_status":"closed","ping_status":"closed","template":"","meta":{"ngg_post_thumbnail":0,"footnotes":""},"class_list":["post-67","page","type-page","status-publish","hentry"],"_links":{"self":[{"href":"https:\/\/www.evang-friedhof.at\/matzleinsdorf\/wp-json\/wp\/v2\/pages\/67","targetHints":{"allow":["GET"]}}],"collection":[{"href":"https:\/\/www.evang-friedhof.at\/matzleinsdorf\/wp-json\/wp\/v2\/pages"}],"about":[{"href":"https:\/\/www.evang-friedhof.at\/matzleinsdorf\/wp-json\/wp\/v2\/types\/page"}],"author":[{"embeddable":true,"href":"https:\/\/www.evang-friedhof.at\/matzleinsdorf\/wp-json\/wp\/v2\/users\/1"}],"replies":[{"embeddable":true,"href":"https:\/\/www.evang-friedhof.at\/matzleinsdorf\/wp-json\/wp\/v2\/comments?post=67"}],"version-history":[{"count":3,"href":"https:\/\/www.evang-friedhof.at\/matzleinsdorf\/wp-json\/wp\/v2\/pages\/67\/revisions"}],"predecessor-version":[{"id":822,"href":"https:\/\/www.evang-friedhof.at\/matzleinsdorf\/wp-json\/wp\/v2\/pages\/67\/revisions\/822"}],"wp:attachment":[{"href":"https:\/\/www.evang-friedhof.at\/matzleinsdorf\/wp-json\/wp\/v2\/media?parent=67"}],"curies":[{"name":"wp","href":"https:\/\/api.w.org\/{rel}","templated":true}]}}