{"id":46436,"date":"2022-10-30T17:41:48","date_gmt":"2022-10-30T16:41:48","guid":{"rendered":"https:\/\/www.evang-friedhof.at\/matzleinsdorf\/?page_id=46436"},"modified":"2022-10-30T17:41:48","modified_gmt":"2022-10-30T16:41:48","slug":"hans-thirring","status":"publish","type":"page","link":"https:\/\/www.evang-friedhof.at\/matzleinsdorf\/hans-thirring\/","title":{"rendered":"Hans THIRRING"},"content":{"rendered":"<p><a href=\"https:\/\/www.evang-friedhof.at\/matzleinsdorf\/wp-content\/uploads\/2022\/10\/24-095-Thirring-Hans.jpg\"><img loading=\"lazy\" decoding=\"async\" class=\"alignleft size-medium wp-image-46437\" src=\"https:\/\/www.evang-friedhof.at\/matzleinsdorf\/wp-content\/uploads\/2022\/10\/24-095-Thirring-Hans-200x300.jpg\" alt=\"\" width=\"200\" height=\"300\" srcset=\"https:\/\/www.evang-friedhof.at\/matzleinsdorf\/wp-content\/uploads\/2022\/10\/24-095-Thirring-Hans-200x300.jpg 200w, https:\/\/www.evang-friedhof.at\/matzleinsdorf\/wp-content\/uploads\/2022\/10\/24-095-Thirring-Hans-683x1024.jpg 683w, https:\/\/www.evang-friedhof.at\/matzleinsdorf\/wp-content\/uploads\/2022\/10\/24-095-Thirring-Hans-768x1152.jpg 768w, https:\/\/www.evang-friedhof.at\/matzleinsdorf\/wp-content\/uploads\/2022\/10\/24-095-Thirring-Hans-1024x1536.jpg 1024w, https:\/\/www.evang-friedhof.at\/matzleinsdorf\/wp-content\/uploads\/2022\/10\/24-095-Thirring-Hans-350x525.jpg 350w, https:\/\/www.evang-friedhof.at\/matzleinsdorf\/wp-content\/uploads\/2022\/10\/24-095-Thirring-Hans.jpg 1080w\" sizes=\"auto, (max-width: 200px) 100vw, 200px\" \/><\/a>Physiker<\/p>\n<p>geb.: 23.03.1888 in Wien<br \/>\ngest.: 22.03.1976 in Wien<\/p>\n<p>Hans Thirring stammte aus einer \u00d6denburger Familie, absolvierte in Wien Fachstudien f\u00fcr Physik und Mathematik und war seit 1910 als Assistent von Professor Hasen\u00f6hrl am Institut f\u00fcr Theoretische Physik t\u00e4tig. 1911 promovierte er zum Dr. phil. und wurde 1915 Privatdozent. 1921 erfolgte seine Ernennung zum a. o. Professor und von diesem Zeitpunkt an leitete er als Vorstand das Institut f\u00fcr theoretische Physik bis 1938. 1918 erhielt Hans Thirring ein Patent f\u00fcr eine verbesserte Selenzelle, die in der fr\u00fchen Tonfilmzeit f\u00fcr Aufnahme und Wiedergabe wichtig war. 1927 wurde Hans Thirring Ordinarius f\u00fcr theoretische Physik, doch erfolgte wegen seiner Besch\u00e4ftigung mit der Relativit\u00e4tstheorie sowie seiner pazifistischen Einstellung 1938 die Pensionierung. W\u00e4hrend der Zeit des Zweiten Weltkrieges arbeitete er als wissenschaftlicher Berater bei der Elin AG und Siemens &amp; Halske. 1945 wurde Hans Thirring auf die Lehrkanzel zur\u00fcckberufen und \u00fcbte seine Lehrt\u00e4tigkeit bis 1958 aus. Im Studienjahr 1946\/47 war er Dekan der Philosophischen Fakult\u00e4t und wurde im Jahr 1946 zum Mitglied der \u00d6sterreichischen Akademie der Wissenschaften gew\u00e4hlt. 1957 entsandte die Sozialistische Partei \u00d6sterreichs Hans Thirring f\u00fcr das Land Wien in den Bundesrat, wo er bis 1963 politisch t\u00e4tig war. Lit.: WSTLA Personalakt<br \/>\nGrablage: Pfarrfriedhof Nussdorf.<\/p>\n<p>Grablage<br \/>\nGruppe: 24<br \/>\nReihe:<br \/>\nGrabnummer: 95<\/p>\n<p><a href=\"https:\/\/de.wikipedia.org\/wiki\/Hans_Thirring\">https:\/\/de.wikipedia.org\/wiki\/Hans_Thirring<\/a><\/p>\n","protected":false},"excerpt":{"rendered":"<p>Physiker geb.: 23.03.1888 in Wien gest.: 22.03.1976 in Wien Hans Thirring stammte aus einer \u00d6denburger Familie, absolvierte in Wien Fachstudien f\u00fcr Physik und Mathematik und war seit 1910 als Assistent von Professor Hasen\u00f6hrl am Institut f\u00fcr Theoretische Physik t\u00e4tig. 1911 promovierte er zum Dr. phil. und wurde 1915 Privatdozent. 1921 erfolgte seine Ernennung zum a. &hellip; <\/p>\n<p class=\"link-more\"><a href=\"https:\/\/www.evang-friedhof.at\/matzleinsdorf\/hans-thirring\/\" class=\"more-link\"><span class=\"screen-reader-text\">\u201eHans THIRRING\u201c<\/span> weiterlesen<\/a><\/p>\n","protected":false},"author":1,"featured_media":0,"parent":0,"menu_order":0,"comment_status":"closed","ping_status":"closed","template":"","meta":{"ngg_post_thumbnail":0,"footnotes":""},"class_list":["post-46436","page","type-page","status-publish","hentry"],"_links":{"self":[{"href":"https:\/\/www.evang-friedhof.at\/matzleinsdorf\/wp-json\/wp\/v2\/pages\/46436","targetHints":{"allow":["GET"]}}],"collection":[{"href":"https:\/\/www.evang-friedhof.at\/matzleinsdorf\/wp-json\/wp\/v2\/pages"}],"about":[{"href":"https:\/\/www.evang-friedhof.at\/matzleinsdorf\/wp-json\/wp\/v2\/types\/page"}],"author":[{"embeddable":true,"href":"https:\/\/www.evang-friedhof.at\/matzleinsdorf\/wp-json\/wp\/v2\/users\/1"}],"replies":[{"embeddable":true,"href":"https:\/\/www.evang-friedhof.at\/matzleinsdorf\/wp-json\/wp\/v2\/comments?post=46436"}],"version-history":[{"count":1,"href":"https:\/\/www.evang-friedhof.at\/matzleinsdorf\/wp-json\/wp\/v2\/pages\/46436\/revisions"}],"predecessor-version":[{"id":46438,"href":"https:\/\/www.evang-friedhof.at\/matzleinsdorf\/wp-json\/wp\/v2\/pages\/46436\/revisions\/46438"}],"wp:attachment":[{"href":"https:\/\/www.evang-friedhof.at\/matzleinsdorf\/wp-json\/wp\/v2\/media?parent=46436"}],"curies":[{"name":"wp","href":"https:\/\/api.w.org\/{rel}","templated":true}]}}