{"id":46401,"date":"2022-10-30T17:30:06","date_gmt":"2022-10-30T16:30:06","guid":{"rendered":"https:\/\/www.evang-friedhof.at\/matzleinsdorf\/?page_id=46401"},"modified":"2022-10-30T17:30:06","modified_gmt":"2022-10-30T16:30:06","slug":"hermann-praeuscher","status":"publish","type":"page","link":"https:\/\/www.evang-friedhof.at\/matzleinsdorf\/hermann-praeuscher\/","title":{"rendered":"Hermann PR\u00c4USCHER"},"content":{"rendered":"<p><a href=\"https:\/\/www.evang-friedhof.at\/matzleinsdorf\/wp-content\/uploads\/2022\/10\/26-221-Praeuscher-Hermann.jpg\"><img loading=\"lazy\" decoding=\"async\" class=\"alignleft size-medium wp-image-46402\" src=\"https:\/\/www.evang-friedhof.at\/matzleinsdorf\/wp-content\/uploads\/2022\/10\/26-221-Praeuscher-Hermann-200x300.jpg\" alt=\"\" width=\"200\" height=\"300\" srcset=\"https:\/\/www.evang-friedhof.at\/matzleinsdorf\/wp-content\/uploads\/2022\/10\/26-221-Praeuscher-Hermann-200x300.jpg 200w, https:\/\/www.evang-friedhof.at\/matzleinsdorf\/wp-content\/uploads\/2022\/10\/26-221-Praeuscher-Hermann-683x1024.jpg 683w, https:\/\/www.evang-friedhof.at\/matzleinsdorf\/wp-content\/uploads\/2022\/10\/26-221-Praeuscher-Hermann-768x1152.jpg 768w, https:\/\/www.evang-friedhof.at\/matzleinsdorf\/wp-content\/uploads\/2022\/10\/26-221-Praeuscher-Hermann-1024x1536.jpg 1024w, https:\/\/www.evang-friedhof.at\/matzleinsdorf\/wp-content\/uploads\/2022\/10\/26-221-Praeuscher-Hermann-350x525.jpg 350w, https:\/\/www.evang-friedhof.at\/matzleinsdorf\/wp-content\/uploads\/2022\/10\/26-221-Praeuscher-Hermann.jpg 1080w\" sizes=\"auto, (max-width: 200px) 100vw, 200px\" \/><\/a>Tierb\u00e4ndiger, Schausteller<\/p>\n<p>geb.: 22.01.1839 in Gotha<br \/>\ngest.: 10.06.1896 in Bad Gleichenberg<\/p>\n<p>Hermann Pr\u00e4uscher wurde 1839 in Gotha als Sohn eines Schaustellers geboren. Er brannte seinem Vater durch und wurde Tierb\u00e4ndiger. In Paris gewann er bei einer Wette das Kapital f\u00fcr sein Wiener Pratermuseum. Bei der Er\u00f6ffnung wurden 2000 Wachsfiguren ausgestellt. F\u00fcr seine Sammlung erwarb er das Anrecht auf die H\u00e4ute noch lebender Personen. In der Ausstellung gab es nicht nur M\u00e4rchenfiguren oder historische Pers\u00f6nlichkeiten, wie K\u00f6nig Ottokar, Kaiserin Maria Theresia und Kaiser Franz Joseph, sondern auch Zeitgenossen wie den M\u00e4dchenm\u00f6rder Hugo Schenk oder Haarmann, den homosexuellen M\u00f6rder aus Hannover. 1945 wurde Pr\u00e4uschers Panoptikum bis auf jene Objekte, die seine Enkelin Rosl Frankfurt aus dem brennenden Prater zu retten vermochte, vernichtet. Lit.: WSTLA Personalakt<\/p>\n<p>Grablage<br \/>\nGruppe: 26<br \/>\nReihe<br \/>\nGrabnummer: 221<\/p>\n<p><a href=\"https:\/\/www.geschichtewiki.wien.gv.at\/Hermann_Pr%C3%A4uscher\">https:\/\/www.geschichtewiki.wien.gv.at\/Hermann_Pr%C3%A4uscher<\/a><\/p>\n","protected":false},"excerpt":{"rendered":"<p>Tierb\u00e4ndiger, Schausteller geb.: 22.01.1839 in Gotha gest.: 10.06.1896 in Bad Gleichenberg Hermann Pr\u00e4uscher wurde 1839 in Gotha als Sohn eines Schaustellers geboren. Er brannte seinem Vater durch und wurde Tierb\u00e4ndiger. In Paris gewann er bei einer Wette das Kapital f\u00fcr sein Wiener Pratermuseum. Bei der Er\u00f6ffnung wurden 2000 Wachsfiguren ausgestellt. F\u00fcr seine Sammlung erwarb er &hellip; <\/p>\n<p class=\"link-more\"><a href=\"https:\/\/www.evang-friedhof.at\/matzleinsdorf\/hermann-praeuscher\/\" class=\"more-link\"><span class=\"screen-reader-text\">\u201eHermann PR\u00c4USCHER\u201c<\/span> weiterlesen<\/a><\/p>\n","protected":false},"author":1,"featured_media":0,"parent":0,"menu_order":0,"comment_status":"closed","ping_status":"closed","template":"","meta":{"ngg_post_thumbnail":0,"footnotes":""},"class_list":["post-46401","page","type-page","status-publish","hentry"],"_links":{"self":[{"href":"https:\/\/www.evang-friedhof.at\/matzleinsdorf\/wp-json\/wp\/v2\/pages\/46401","targetHints":{"allow":["GET"]}}],"collection":[{"href":"https:\/\/www.evang-friedhof.at\/matzleinsdorf\/wp-json\/wp\/v2\/pages"}],"about":[{"href":"https:\/\/www.evang-friedhof.at\/matzleinsdorf\/wp-json\/wp\/v2\/types\/page"}],"author":[{"embeddable":true,"href":"https:\/\/www.evang-friedhof.at\/matzleinsdorf\/wp-json\/wp\/v2\/users\/1"}],"replies":[{"embeddable":true,"href":"https:\/\/www.evang-friedhof.at\/matzleinsdorf\/wp-json\/wp\/v2\/comments?post=46401"}],"version-history":[{"count":1,"href":"https:\/\/www.evang-friedhof.at\/matzleinsdorf\/wp-json\/wp\/v2\/pages\/46401\/revisions"}],"predecessor-version":[{"id":46403,"href":"https:\/\/www.evang-friedhof.at\/matzleinsdorf\/wp-json\/wp\/v2\/pages\/46401\/revisions\/46403"}],"wp:attachment":[{"href":"https:\/\/www.evang-friedhof.at\/matzleinsdorf\/wp-json\/wp\/v2\/media?parent=46401"}],"curies":[{"name":"wp","href":"https:\/\/api.w.org\/{rel}","templated":true}]}}