{"id":46395,"date":"2022-10-30T17:28:36","date_gmt":"2022-10-30T16:28:36","guid":{"rendered":"https:\/\/www.evang-friedhof.at\/matzleinsdorf\/?page_id=46395"},"modified":"2022-10-30T17:28:36","modified_gmt":"2022-10-30T16:28:36","slug":"hermann-nothnagel","status":"publish","type":"page","link":"https:\/\/www.evang-friedhof.at\/matzleinsdorf\/hermann-nothnagel\/","title":{"rendered":"Hermann NOTHNAGEL"},"content":{"rendered":"<p><a href=\"https:\/\/www.evang-friedhof.at\/matzleinsdorf\/wp-content\/uploads\/2022\/10\/MOB-109-Nothnagel-Hermann.jpg\"><img loading=\"lazy\" decoding=\"async\" class=\"alignleft size-medium wp-image-46396\" src=\"https:\/\/www.evang-friedhof.at\/matzleinsdorf\/wp-content\/uploads\/2022\/10\/MOB-109-Nothnagel-Hermann-200x300.jpg\" alt=\"\" width=\"200\" height=\"300\" srcset=\"https:\/\/www.evang-friedhof.at\/matzleinsdorf\/wp-content\/uploads\/2022\/10\/MOB-109-Nothnagel-Hermann-200x300.jpg 200w, https:\/\/www.evang-friedhof.at\/matzleinsdorf\/wp-content\/uploads\/2022\/10\/MOB-109-Nothnagel-Hermann-683x1024.jpg 683w, https:\/\/www.evang-friedhof.at\/matzleinsdorf\/wp-content\/uploads\/2022\/10\/MOB-109-Nothnagel-Hermann-768x1152.jpg 768w, https:\/\/www.evang-friedhof.at\/matzleinsdorf\/wp-content\/uploads\/2022\/10\/MOB-109-Nothnagel-Hermann-1024x1536.jpg 1024w, https:\/\/www.evang-friedhof.at\/matzleinsdorf\/wp-content\/uploads\/2022\/10\/MOB-109-Nothnagel-Hermann-350x525.jpg 350w, https:\/\/www.evang-friedhof.at\/matzleinsdorf\/wp-content\/uploads\/2022\/10\/MOB-109-Nothnagel-Hermann.jpg 1080w\" sizes=\"auto, (max-width: 200px) 100vw, 200px\" \/><\/a>Arzt<\/p>\n<p>geb.: 28.09.1841 Alt-Litzeg\u00f6ricke, Brandenburg<br \/>\ngest.: 7.07.1905 Wien<\/p>\n<p>Hermann Nothnagel wurde als Sohn eines Arztes geboren. Nach der Grundschule besuchte er das Gymnasium in K\u00f6nigsberg, wo er 1859 maturierte. Im Anschluss daran unterzog er sich einer Ausbildung zum Milit\u00e4rarzt im Friedr.- Wilhelm- Institut in Berlin. 1863 legte er seine Staatsexamenspr\u00fcfung in Medizin ab. Er wirkte als Internist und Diagnostiker zuerst in Berlin und dann in Wien (ab 1882), wo er die 1. Med. Klinik leitete. Nothnagel erkannte als Erster die Bedeutung des Blutdruckes f\u00fcr div. Krankheiten und f\u00fchrte die Medizin durch experimentelle Methoden zu einem neuen H\u00f6hepunkt. 1901 begr\u00fcndete er die Gesellschaft f\u00fcr innere Medizin. Werk: Handbuch der Arzneimittellehre. Ihm zu Ehren wurde am 29.10.1910 im Arkadenhof der Wr. Universit\u00e4t eine B\u00fcste enth\u00fcllt, die von Richard Kauffungen erschaffen wurde. Lit.: WSTLA Personalakt Der gro\u00dfe Brockhaus, Leipzig 1932, 15. Aufl., Bd. 13, S. 519<\/p>\n<p>Grablage<br \/>\nGruppe: MOB<br \/>\nReihe<br \/>\nGrabnummer: 109<\/p>\n<p><a href=\"https:\/\/de.wikipedia.org\/wiki\/Hermann_Nothnagel\">https:\/\/de.wikipedia.org\/wiki\/Hermann_Nothnagel<\/a><\/p>\n","protected":false},"excerpt":{"rendered":"<p>Arzt geb.: 28.09.1841 Alt-Litzeg\u00f6ricke, Brandenburg gest.: 7.07.1905 Wien Hermann Nothnagel wurde als Sohn eines Arztes geboren. Nach der Grundschule besuchte er das Gymnasium in K\u00f6nigsberg, wo er 1859 maturierte. Im Anschluss daran unterzog er sich einer Ausbildung zum Milit\u00e4rarzt im Friedr.- Wilhelm- Institut in Berlin. 1863 legte er seine Staatsexamenspr\u00fcfung in Medizin ab. Er wirkte &hellip; <\/p>\n<p class=\"link-more\"><a href=\"https:\/\/www.evang-friedhof.at\/matzleinsdorf\/hermann-nothnagel\/\" class=\"more-link\"><span class=\"screen-reader-text\">\u201eHermann NOTHNAGEL\u201c<\/span> weiterlesen<\/a><\/p>\n","protected":false},"author":1,"featured_media":0,"parent":0,"menu_order":0,"comment_status":"closed","ping_status":"closed","template":"","meta":{"ngg_post_thumbnail":0,"footnotes":""},"class_list":["post-46395","page","type-page","status-publish","hentry"],"_links":{"self":[{"href":"https:\/\/www.evang-friedhof.at\/matzleinsdorf\/wp-json\/wp\/v2\/pages\/46395","targetHints":{"allow":["GET"]}}],"collection":[{"href":"https:\/\/www.evang-friedhof.at\/matzleinsdorf\/wp-json\/wp\/v2\/pages"}],"about":[{"href":"https:\/\/www.evang-friedhof.at\/matzleinsdorf\/wp-json\/wp\/v2\/types\/page"}],"author":[{"embeddable":true,"href":"https:\/\/www.evang-friedhof.at\/matzleinsdorf\/wp-json\/wp\/v2\/users\/1"}],"replies":[{"embeddable":true,"href":"https:\/\/www.evang-friedhof.at\/matzleinsdorf\/wp-json\/wp\/v2\/comments?post=46395"}],"version-history":[{"count":1,"href":"https:\/\/www.evang-friedhof.at\/matzleinsdorf\/wp-json\/wp\/v2\/pages\/46395\/revisions"}],"predecessor-version":[{"id":46397,"href":"https:\/\/www.evang-friedhof.at\/matzleinsdorf\/wp-json\/wp\/v2\/pages\/46395\/revisions\/46397"}],"wp:attachment":[{"href":"https:\/\/www.evang-friedhof.at\/matzleinsdorf\/wp-json\/wp\/v2\/media?parent=46395"}],"curies":[{"name":"wp","href":"https:\/\/api.w.org\/{rel}","templated":true}]}}