{"id":46392,"date":"2022-10-30T17:28:00","date_gmt":"2022-10-30T16:28:00","guid":{"rendered":"https:\/\/www.evang-friedhof.at\/matzleinsdorf\/?page_id=46392"},"modified":"2022-10-30T17:28:00","modified_gmt":"2022-10-30T16:28:00","slug":"robert-mueller","status":"publish","type":"page","link":"https:\/\/www.evang-friedhof.at\/matzleinsdorf\/robert-mueller\/","title":{"rendered":"Robert M\u00dcLLER"},"content":{"rendered":"<p><a href=\"https:\/\/www.evang-friedhof.at\/matzleinsdorf\/wp-content\/uploads\/2022\/10\/23-099-Mueller-Robert.jpg\"><img loading=\"lazy\" decoding=\"async\" class=\"alignleft size-medium wp-image-46393\" src=\"https:\/\/www.evang-friedhof.at\/matzleinsdorf\/wp-content\/uploads\/2022\/10\/23-099-Mueller-Robert-200x300.jpg\" alt=\"\" width=\"200\" height=\"300\" srcset=\"https:\/\/www.evang-friedhof.at\/matzleinsdorf\/wp-content\/uploads\/2022\/10\/23-099-Mueller-Robert-200x300.jpg 200w, https:\/\/www.evang-friedhof.at\/matzleinsdorf\/wp-content\/uploads\/2022\/10\/23-099-Mueller-Robert-683x1024.jpg 683w, https:\/\/www.evang-friedhof.at\/matzleinsdorf\/wp-content\/uploads\/2022\/10\/23-099-Mueller-Robert-768x1152.jpg 768w, https:\/\/www.evang-friedhof.at\/matzleinsdorf\/wp-content\/uploads\/2022\/10\/23-099-Mueller-Robert-1024x1536.jpg 1024w, https:\/\/www.evang-friedhof.at\/matzleinsdorf\/wp-content\/uploads\/2022\/10\/23-099-Mueller-Robert-350x525.jpg 350w, https:\/\/www.evang-friedhof.at\/matzleinsdorf\/wp-content\/uploads\/2022\/10\/23-099-Mueller-Robert.jpg 1080w\" sizes=\"auto, (max-width: 200px) 100vw, 200px\" \/><\/a>Essayist<\/p>\n<p>geb.: 29.10.1887 Wien<br \/>\ngest.: 27.08.1924 Wien<\/p>\n<p>Robert M\u00fcller war der Sohn eines Kaufmanns und studierte von 1907 bis 1909 an der Wiener Universit\u00e4t Germanistik sowie klassische und romanische Philologie. Die folgenden Jahre verbrachte er als Zeitungsverk\u00e4ufer in New York oder als Zeitungsreporter in West Indien bzw. als Matrose und Schiffssteward. In die Heimat zur\u00fcckgekehrt, gr\u00fcndete Robert M\u00fcller die Zeitschrift \u201eTorpedo\u201c. Ab 1912 war Robert M\u00fcller Mitarbeiter bei allen wichtigen literarischen expressionistischen Zeitschriften, wie \u201eDer Ruf\u201c, \u201eDer Brenner\u201c, \u201eDaimon\u201c u. a. Von 1912 bis 1914 leitete er auch den akademischen Verband f\u00fcr Literatur und Musik in Wien. Im ersten Weltkrieg meldete sich Robert M\u00fcller als Freiwilliger, doch wurde er bald zum Pazifisten. 1916 \u00fcbernahm er die Leitung der \u201eBelgrader Nachrichten\u201c und wechselte 1918 zur \u201e\u00f6sterreichisch-ungarischen Finanzpresse\u201c und zur \u201eNeuen Wirtschaft\u201c. \u00dcber Vermittlung von Robert Musil kam er als Mitarbeiter zur \u201ePrager Presse\u201c und wurde von 1922 bis 1924 Mitarbeiter der \u201eMuskete\u201c. Parallel zu seiner journalistischen T\u00e4tigkeit bet\u00e4tigte er sich nach 1918 auch als Verleger und gr\u00fcndete den Literaria Verlag. Das eigene Schaffen Robert M\u00fcllers umfasst politische und kulturphilosophische Essays, Romane und Novellen. Bestimmend blieb die Feindschaft mit Karl Kraus, die in polemischen Auseinandersetzungen gipfelte, w\u00e4hrend ihn eine Freundschaft mit Georg Trakl und Robert Musil verband. Grundmotiv seines Schreibens war die Suche nach dem \u201eNeuen Menschen\u201c. 1924 schied Robert M\u00fcller freiwillig aus dem Leben.<br \/>\nLit.: Biografischer Akt, WSTLA, Neue \u00d6sterreichische Biographie<\/p>\n<p>Grablage<br \/>\nGruppe: 23<br \/>\nReihe<br \/>\nGrabnummer: 99<\/p>\n<p><a href=\"https:\/\/de.wikipedia.org\/wiki\/Robert_Mueller\">https:\/\/de.wikipedia.org\/wiki\/Robert_Mueller<\/a><\/p>\n","protected":false},"excerpt":{"rendered":"<p>Essayist geb.: 29.10.1887 Wien gest.: 27.08.1924 Wien Robert M\u00fcller war der Sohn eines Kaufmanns und studierte von 1907 bis 1909 an der Wiener Universit\u00e4t Germanistik sowie klassische und romanische Philologie. Die folgenden Jahre verbrachte er als Zeitungsverk\u00e4ufer in New York oder als Zeitungsreporter in West Indien bzw. als Matrose und Schiffssteward. In die Heimat zur\u00fcckgekehrt, &hellip; <\/p>\n<p class=\"link-more\"><a href=\"https:\/\/www.evang-friedhof.at\/matzleinsdorf\/robert-mueller\/\" class=\"more-link\"><span class=\"screen-reader-text\">\u201eRobert M\u00dcLLER\u201c<\/span> weiterlesen<\/a><\/p>\n","protected":false},"author":1,"featured_media":0,"parent":0,"menu_order":0,"comment_status":"closed","ping_status":"closed","template":"","meta":{"ngg_post_thumbnail":0,"footnotes":""},"class_list":["post-46392","page","type-page","status-publish","hentry"],"_links":{"self":[{"href":"https:\/\/www.evang-friedhof.at\/matzleinsdorf\/wp-json\/wp\/v2\/pages\/46392","targetHints":{"allow":["GET"]}}],"collection":[{"href":"https:\/\/www.evang-friedhof.at\/matzleinsdorf\/wp-json\/wp\/v2\/pages"}],"about":[{"href":"https:\/\/www.evang-friedhof.at\/matzleinsdorf\/wp-json\/wp\/v2\/types\/page"}],"author":[{"embeddable":true,"href":"https:\/\/www.evang-friedhof.at\/matzleinsdorf\/wp-json\/wp\/v2\/users\/1"}],"replies":[{"embeddable":true,"href":"https:\/\/www.evang-friedhof.at\/matzleinsdorf\/wp-json\/wp\/v2\/comments?post=46392"}],"version-history":[{"count":1,"href":"https:\/\/www.evang-friedhof.at\/matzleinsdorf\/wp-json\/wp\/v2\/pages\/46392\/revisions"}],"predecessor-version":[{"id":46394,"href":"https:\/\/www.evang-friedhof.at\/matzleinsdorf\/wp-json\/wp\/v2\/pages\/46392\/revisions\/46394"}],"wp:attachment":[{"href":"https:\/\/www.evang-friedhof.at\/matzleinsdorf\/wp-json\/wp\/v2\/media?parent=46392"}],"curies":[{"name":"wp","href":"https:\/\/api.w.org\/{rel}","templated":true}]}}