{"id":46389,"date":"2022-10-30T17:27:11","date_gmt":"2022-10-30T16:27:11","guid":{"rendered":"https:\/\/www.evang-friedhof.at\/matzleinsdorf\/?page_id=46389"},"modified":"2022-10-30T17:27:11","modified_gmt":"2022-10-30T16:27:11","slug":"paul-traugott-meissner","status":"publish","type":"page","link":"https:\/\/www.evang-friedhof.at\/matzleinsdorf\/paul-traugott-meissner\/","title":{"rendered":"Paul Traugott MEISSNER"},"content":{"rendered":"<p><a href=\"https:\/\/www.evang-friedhof.at\/matzleinsdorf\/wp-content\/uploads\/2022\/10\/GRUFT-156-Meissner-Paul-Traugott.jpg\"><img loading=\"lazy\" decoding=\"async\" class=\"alignleft size-medium wp-image-46390\" src=\"https:\/\/www.evang-friedhof.at\/matzleinsdorf\/wp-content\/uploads\/2022\/10\/GRUFT-156-Meissner-Paul-Traugott-200x300.jpg\" alt=\"\" width=\"200\" height=\"300\" srcset=\"https:\/\/www.evang-friedhof.at\/matzleinsdorf\/wp-content\/uploads\/2022\/10\/GRUFT-156-Meissner-Paul-Traugott-200x300.jpg 200w, https:\/\/www.evang-friedhof.at\/matzleinsdorf\/wp-content\/uploads\/2022\/10\/GRUFT-156-Meissner-Paul-Traugott-683x1024.jpg 683w, https:\/\/www.evang-friedhof.at\/matzleinsdorf\/wp-content\/uploads\/2022\/10\/GRUFT-156-Meissner-Paul-Traugott-768x1152.jpg 768w, https:\/\/www.evang-friedhof.at\/matzleinsdorf\/wp-content\/uploads\/2022\/10\/GRUFT-156-Meissner-Paul-Traugott-1024x1536.jpg 1024w, https:\/\/www.evang-friedhof.at\/matzleinsdorf\/wp-content\/uploads\/2022\/10\/GRUFT-156-Meissner-Paul-Traugott-350x525.jpg 350w, https:\/\/www.evang-friedhof.at\/matzleinsdorf\/wp-content\/uploads\/2022\/10\/GRUFT-156-Meissner-Paul-Traugott.jpg 1080w\" sizes=\"auto, (max-width: 200px) 100vw, 200px\" \/><\/a>Chemiker<\/p>\n<p>geb.: 23.03.1778 Medias (Siebenb\u00fcrgen)<br \/>\ngest.: 9.07.1864 Wien<\/p>\n<p>Ab 1797 studierte er in Wien und Pest Chemie und Pharmazie. Er wurde dann Apotheker in Sch\u00e4\u00dfburg, Kronstadt und Bad Aussee. Ab 1816 war er Professor der speziellen technischen Chemie in Wien. Ab 1842 erhielt er den Lehrstuhl f\u00fcr allgemeine Chemie. Obwohl er ab 1850 in Ruhestand war, hielt er ab 1850 wieder Vorlesungen \u00fcber Pyrotechnik. Er erfand die Heizung eines Eisenbahnwaggons und eine Warmluftheizung, die weite Verbreitung erfuhr. Auch auf dem Gebiet der Medizin (Verwendung des \u00c4thers f\u00fcr die Narkose), der Pharmazie und der Politikwissenschaft war er publizistisch t\u00e4tig. F\u00fcr seine Arbeit erhielt er viele Ehrungen im In- und Ausland. Er verstarb am 9.07.1864 in Wien-Neuwaldegg. Lit.: K. Ehrendorfer, \u00d6sterreichisch-Biographisches Lexikon 1815-195, VI Band, Seite 202-203 Wien 1975<\/p>\n<p>Grablage<br \/>\nGruppe: GRU<br \/>\nReihe<br \/>\nGrabnummer: 156<\/p>\n<p><a href=\"https:\/\/de.wikipedia.org\/wiki\/Paul_Traugott_Mei%C3%9Fner\">https:\/\/de.wikipedia.org\/wiki\/Paul_Traugott_Mei%C3%9Fner<\/a><\/p>\n","protected":false},"excerpt":{"rendered":"<p>Chemiker geb.: 23.03.1778 Medias (Siebenb\u00fcrgen) gest.: 9.07.1864 Wien Ab 1797 studierte er in Wien und Pest Chemie und Pharmazie. Er wurde dann Apotheker in Sch\u00e4\u00dfburg, Kronstadt und Bad Aussee. Ab 1816 war er Professor der speziellen technischen Chemie in Wien. Ab 1842 erhielt er den Lehrstuhl f\u00fcr allgemeine Chemie. Obwohl er ab 1850 in Ruhestand &hellip; <\/p>\n<p class=\"link-more\"><a href=\"https:\/\/www.evang-friedhof.at\/matzleinsdorf\/paul-traugott-meissner\/\" class=\"more-link\"><span class=\"screen-reader-text\">\u201ePaul Traugott MEISSNER\u201c<\/span> weiterlesen<\/a><\/p>\n","protected":false},"author":1,"featured_media":0,"parent":0,"menu_order":0,"comment_status":"closed","ping_status":"closed","template":"","meta":{"ngg_post_thumbnail":0,"footnotes":""},"class_list":["post-46389","page","type-page","status-publish","hentry"],"_links":{"self":[{"href":"https:\/\/www.evang-friedhof.at\/matzleinsdorf\/wp-json\/wp\/v2\/pages\/46389","targetHints":{"allow":["GET"]}}],"collection":[{"href":"https:\/\/www.evang-friedhof.at\/matzleinsdorf\/wp-json\/wp\/v2\/pages"}],"about":[{"href":"https:\/\/www.evang-friedhof.at\/matzleinsdorf\/wp-json\/wp\/v2\/types\/page"}],"author":[{"embeddable":true,"href":"https:\/\/www.evang-friedhof.at\/matzleinsdorf\/wp-json\/wp\/v2\/users\/1"}],"replies":[{"embeddable":true,"href":"https:\/\/www.evang-friedhof.at\/matzleinsdorf\/wp-json\/wp\/v2\/comments?post=46389"}],"version-history":[{"count":1,"href":"https:\/\/www.evang-friedhof.at\/matzleinsdorf\/wp-json\/wp\/v2\/pages\/46389\/revisions"}],"predecessor-version":[{"id":46391,"href":"https:\/\/www.evang-friedhof.at\/matzleinsdorf\/wp-json\/wp\/v2\/pages\/46389\/revisions\/46391"}],"wp:attachment":[{"href":"https:\/\/www.evang-friedhof.at\/matzleinsdorf\/wp-json\/wp\/v2\/media?parent=46389"}],"curies":[{"name":"wp","href":"https:\/\/api.w.org\/{rel}","templated":true}]}}