{"id":46357,"date":"2022-10-30T17:17:38","date_gmt":"2022-10-30T16:17:38","guid":{"rendered":"https:\/\/www.evang-friedhof.at\/matzleinsdorf\/?page_id=46357"},"modified":"2022-10-30T17:17:38","modified_gmt":"2022-10-30T16:17:38","slug":"bela-jenbach","status":"publish","type":"page","link":"https:\/\/www.evang-friedhof.at\/matzleinsdorf\/bela-jenbach\/","title":{"rendered":"Bela JENBACH"},"content":{"rendered":"<p><a href=\"https:\/\/www.evang-friedhof.at\/matzleinsdorf\/wp-content\/uploads\/2022\/10\/GRPL-083-Jenbach-Bela.jpg\"><img loading=\"lazy\" decoding=\"async\" class=\"alignleft size-medium wp-image-46358\" src=\"https:\/\/www.evang-friedhof.at\/matzleinsdorf\/wp-content\/uploads\/2022\/10\/GRPL-083-Jenbach-Bela-200x300.jpg\" alt=\"\" width=\"200\" height=\"300\" srcset=\"https:\/\/www.evang-friedhof.at\/matzleinsdorf\/wp-content\/uploads\/2022\/10\/GRPL-083-Jenbach-Bela-200x300.jpg 200w, https:\/\/www.evang-friedhof.at\/matzleinsdorf\/wp-content\/uploads\/2022\/10\/GRPL-083-Jenbach-Bela-683x1024.jpg 683w, https:\/\/www.evang-friedhof.at\/matzleinsdorf\/wp-content\/uploads\/2022\/10\/GRPL-083-Jenbach-Bela-768x1152.jpg 768w, https:\/\/www.evang-friedhof.at\/matzleinsdorf\/wp-content\/uploads\/2022\/10\/GRPL-083-Jenbach-Bela-1024x1536.jpg 1024w, https:\/\/www.evang-friedhof.at\/matzleinsdorf\/wp-content\/uploads\/2022\/10\/GRPL-083-Jenbach-Bela-350x525.jpg 350w, https:\/\/www.evang-friedhof.at\/matzleinsdorf\/wp-content\/uploads\/2022\/10\/GRPL-083-Jenbach-Bela.jpg 1080w\" sizes=\"auto, (max-width: 200px) 100vw, 200px\" \/><\/a>Schauspieler und Operettenlibrettist<\/p>\n<p>geb.: 1.04.1871 Misholc<br \/>\ngest.: 21.01.1943 Wien<\/p>\n<p>Bela Jenbach war j\u00fcdischer Herkunft und der Bruder der Drehbuchautorin Ida Jenbach. Er kam als junger Erwachsener nach Wien. Nach einer intensiven Sprechausbildung wurde er am Wiener Burgtheater engagiert. Zu diesem Zeitpunkt \u00e4nderte er seinen Namen von Jacobowicz auf Jenbach. Aus finanzieller Not wandte er sich auch dem Schreiben von Libretti von Operetten zu. Bekannte Werke f\u00fcr die er Libretti verfasste sind die Csardasf\u00fcrstin 1915, Paganini 1925 und Der Zarewitsch 1927. Er war mit Anna Brandst\u00e4tter verheiratet und hatte mit ihr auch eine gemeinsame Tochter Lydia Jenbach. Da er nicht emigrieren wollte, musste er sich ab 1940 verstecken. 1943 ist er infolge einer schweren Krankheit verstorben. 1955 benannte man die Jenbachgasse in Wien-Hietzing nach ihm.<\/p>\n<p>Grablage<br \/>\nGruppe: GRPL<br \/>\nReihe<br \/>\nGrabnummer: 83<\/p>\n<p><a href=\"https:\/\/de.wikipedia.org\/wiki\/Bela_Jenbach\">https:\/\/de.wikipedia.org\/wiki\/Bela_Jenbach<\/a><\/p>\n","protected":false},"excerpt":{"rendered":"<p>Schauspieler und Operettenlibrettist geb.: 1.04.1871 Misholc gest.: 21.01.1943 Wien Bela Jenbach war j\u00fcdischer Herkunft und der Bruder der Drehbuchautorin Ida Jenbach. Er kam als junger Erwachsener nach Wien. Nach einer intensiven Sprechausbildung wurde er am Wiener Burgtheater engagiert. Zu diesem Zeitpunkt \u00e4nderte er seinen Namen von Jacobowicz auf Jenbach. Aus finanzieller Not wandte er sich &hellip; <\/p>\n<p class=\"link-more\"><a href=\"https:\/\/www.evang-friedhof.at\/matzleinsdorf\/bela-jenbach\/\" class=\"more-link\"><span class=\"screen-reader-text\">\u201eBela JENBACH\u201c<\/span> weiterlesen<\/a><\/p>\n","protected":false},"author":1,"featured_media":0,"parent":0,"menu_order":0,"comment_status":"closed","ping_status":"closed","template":"","meta":{"ngg_post_thumbnail":0,"footnotes":""},"class_list":["post-46357","page","type-page","status-publish","hentry"],"_links":{"self":[{"href":"https:\/\/www.evang-friedhof.at\/matzleinsdorf\/wp-json\/wp\/v2\/pages\/46357","targetHints":{"allow":["GET"]}}],"collection":[{"href":"https:\/\/www.evang-friedhof.at\/matzleinsdorf\/wp-json\/wp\/v2\/pages"}],"about":[{"href":"https:\/\/www.evang-friedhof.at\/matzleinsdorf\/wp-json\/wp\/v2\/types\/page"}],"author":[{"embeddable":true,"href":"https:\/\/www.evang-friedhof.at\/matzleinsdorf\/wp-json\/wp\/v2\/users\/1"}],"replies":[{"embeddable":true,"href":"https:\/\/www.evang-friedhof.at\/matzleinsdorf\/wp-json\/wp\/v2\/comments?post=46357"}],"version-history":[{"count":1,"href":"https:\/\/www.evang-friedhof.at\/matzleinsdorf\/wp-json\/wp\/v2\/pages\/46357\/revisions"}],"predecessor-version":[{"id":46359,"href":"https:\/\/www.evang-friedhof.at\/matzleinsdorf\/wp-json\/wp\/v2\/pages\/46357\/revisions\/46359"}],"wp:attachment":[{"href":"https:\/\/www.evang-friedhof.at\/matzleinsdorf\/wp-json\/wp\/v2\/media?parent=46357"}],"curies":[{"name":"wp","href":"https:\/\/api.w.org\/{rel}","templated":true}]}}