{"id":46331,"date":"2022-10-30T17:10:38","date_gmt":"2022-10-30T16:10:38","guid":{"rendered":"https:\/\/www.evang-friedhof.at\/matzleinsdorf\/?page_id=46331"},"modified":"2022-10-30T17:10:50","modified_gmt":"2022-10-30T16:10:50","slug":"fritz-hellmuth","status":"publish","type":"page","link":"https:\/\/www.evang-friedhof.at\/matzleinsdorf\/fritz-hellmuth\/","title":{"rendered":"Fritz HELLMUTH"},"content":{"rendered":"<p><a href=\"https:\/\/www.evang-friedhof.at\/matzleinsdorf\/wp-content\/uploads\/2022\/10\/25-115-Hellmuth-Fritz.jpg\"><img loading=\"lazy\" decoding=\"async\" class=\"size-medium wp-image-46332 alignleft\" src=\"https:\/\/www.evang-friedhof.at\/matzleinsdorf\/wp-content\/uploads\/2022\/10\/25-115-Hellmuth-Fritz-200x300.jpg\" alt=\"\" width=\"200\" height=\"300\" srcset=\"https:\/\/www.evang-friedhof.at\/matzleinsdorf\/wp-content\/uploads\/2022\/10\/25-115-Hellmuth-Fritz-200x300.jpg 200w, https:\/\/www.evang-friedhof.at\/matzleinsdorf\/wp-content\/uploads\/2022\/10\/25-115-Hellmuth-Fritz-683x1024.jpg 683w, https:\/\/www.evang-friedhof.at\/matzleinsdorf\/wp-content\/uploads\/2022\/10\/25-115-Hellmuth-Fritz-768x1152.jpg 768w, https:\/\/www.evang-friedhof.at\/matzleinsdorf\/wp-content\/uploads\/2022\/10\/25-115-Hellmuth-Fritz-1024x1536.jpg 1024w, https:\/\/www.evang-friedhof.at\/matzleinsdorf\/wp-content\/uploads\/2022\/10\/25-115-Hellmuth-Fritz-350x525.jpg 350w, https:\/\/www.evang-friedhof.at\/matzleinsdorf\/wp-content\/uploads\/2022\/10\/25-115-Hellmuth-Fritz.jpg 1080w\" sizes=\"auto, (max-width: 200px) 100vw, 200px\" \/><\/a>Schriftsteller<\/p>\n<p>geb.: 12.03.1878 Zwestow (Zvestov) B\u00f6hmen<br \/>\ngest.: 26.12.1939 Wien<\/p>\n<p>Der in B\u00f6hmen geborene Schriftsteller Fritz Hellmuth verfasste Gedichte, Novellen, Romane, Volksst\u00fccke, Dramen. Zu seinen Werken geh\u00f6ren unter anderen \u201eDer Glasschleifer\u201c (1903) und \u201eDas S\u00fcndenregister des hl. Antonius\u201c (1925). Im Volkerbundverlag war er als \u00dcbersetzer t\u00e4tig. Lit.: Personalakt WSTuLA<\/p>\n<p>&nbsp;<\/p>\n<p>Grablage<br \/>\nGruppe: 25<br \/>\nReihe<br \/>\nGrabnummer: 115<\/p>\n<p><a href=\"https:\/\/de.wikipedia.org\/wiki\/Fritz_Hellmuth\">https:\/\/de.wikipedia.org\/wiki\/Fritz_Hellmuth<\/a><\/p>\n","protected":false},"excerpt":{"rendered":"<p>Schriftsteller geb.: 12.03.1878 Zwestow (Zvestov) B\u00f6hmen gest.: 26.12.1939 Wien Der in B\u00f6hmen geborene Schriftsteller Fritz Hellmuth verfasste Gedichte, Novellen, Romane, Volksst\u00fccke, Dramen. Zu seinen Werken geh\u00f6ren unter anderen \u201eDer Glasschleifer\u201c (1903) und \u201eDas S\u00fcndenregister des hl. Antonius\u201c (1925). Im Volkerbundverlag war er als \u00dcbersetzer t\u00e4tig. Lit.: Personalakt WSTuLA &nbsp; Grablage Gruppe: 25 Reihe Grabnummer: 115 &hellip; <\/p>\n<p class=\"link-more\"><a href=\"https:\/\/www.evang-friedhof.at\/matzleinsdorf\/fritz-hellmuth\/\" class=\"more-link\"><span class=\"screen-reader-text\">\u201eFritz HELLMUTH\u201c<\/span> weiterlesen<\/a><\/p>\n","protected":false},"author":1,"featured_media":0,"parent":0,"menu_order":0,"comment_status":"closed","ping_status":"closed","template":"","meta":{"ngg_post_thumbnail":0,"footnotes":""},"class_list":["post-46331","page","type-page","status-publish","hentry"],"_links":{"self":[{"href":"https:\/\/www.evang-friedhof.at\/matzleinsdorf\/wp-json\/wp\/v2\/pages\/46331","targetHints":{"allow":["GET"]}}],"collection":[{"href":"https:\/\/www.evang-friedhof.at\/matzleinsdorf\/wp-json\/wp\/v2\/pages"}],"about":[{"href":"https:\/\/www.evang-friedhof.at\/matzleinsdorf\/wp-json\/wp\/v2\/types\/page"}],"author":[{"embeddable":true,"href":"https:\/\/www.evang-friedhof.at\/matzleinsdorf\/wp-json\/wp\/v2\/users\/1"}],"replies":[{"embeddable":true,"href":"https:\/\/www.evang-friedhof.at\/matzleinsdorf\/wp-json\/wp\/v2\/comments?post=46331"}],"version-history":[{"count":2,"href":"https:\/\/www.evang-friedhof.at\/matzleinsdorf\/wp-json\/wp\/v2\/pages\/46331\/revisions"}],"predecessor-version":[{"id":46334,"href":"https:\/\/www.evang-friedhof.at\/matzleinsdorf\/wp-json\/wp\/v2\/pages\/46331\/revisions\/46334"}],"wp:attachment":[{"href":"https:\/\/www.evang-friedhof.at\/matzleinsdorf\/wp-json\/wp\/v2\/media?parent=46331"}],"curies":[{"name":"wp","href":"https:\/\/api.w.org\/{rel}","templated":true}]}}