{"id":46328,"date":"2022-10-30T17:09:48","date_gmt":"2022-10-30T16:09:48","guid":{"rendered":"https:\/\/www.evang-friedhof.at\/matzleinsdorf\/?page_id=46328"},"modified":"2022-10-30T17:09:48","modified_gmt":"2022-10-30T16:09:48","slug":"christine-hebbel","status":"publish","type":"page","link":"https:\/\/www.evang-friedhof.at\/matzleinsdorf\/christine-hebbel\/","title":{"rendered":"Christine HEBBEL (geb. Enghaus)"},"content":{"rendered":"<p><a href=\"https:\/\/www.evang-friedhof.at\/matzleinsdorf\/wp-content\/uploads\/2022\/10\/GRUFT-038-Hebbel-Friedrich-u.-Christine-1.jpg\"><img loading=\"lazy\" decoding=\"async\" class=\"size-medium wp-image-46329 alignleft\" src=\"https:\/\/www.evang-friedhof.at\/matzleinsdorf\/wp-content\/uploads\/2022\/10\/GRUFT-038-Hebbel-Friedrich-u.-Christine-1-200x300.jpg\" alt=\"\" width=\"200\" height=\"300\" srcset=\"https:\/\/www.evang-friedhof.at\/matzleinsdorf\/wp-content\/uploads\/2022\/10\/GRUFT-038-Hebbel-Friedrich-u.-Christine-1-200x300.jpg 200w, https:\/\/www.evang-friedhof.at\/matzleinsdorf\/wp-content\/uploads\/2022\/10\/GRUFT-038-Hebbel-Friedrich-u.-Christine-1-683x1024.jpg 683w, https:\/\/www.evang-friedhof.at\/matzleinsdorf\/wp-content\/uploads\/2022\/10\/GRUFT-038-Hebbel-Friedrich-u.-Christine-1-768x1152.jpg 768w, https:\/\/www.evang-friedhof.at\/matzleinsdorf\/wp-content\/uploads\/2022\/10\/GRUFT-038-Hebbel-Friedrich-u.-Christine-1-1024x1536.jpg 1024w, https:\/\/www.evang-friedhof.at\/matzleinsdorf\/wp-content\/uploads\/2022\/10\/GRUFT-038-Hebbel-Friedrich-u.-Christine-1-350x525.jpg 350w, https:\/\/www.evang-friedhof.at\/matzleinsdorf\/wp-content\/uploads\/2022\/10\/GRUFT-038-Hebbel-Friedrich-u.-Christine-1.jpg 1080w\" sizes=\"auto, (max-width: 200px) 100vw, 200px\" \/><\/a>Schauspielerin<\/p>\n<p>geb.: 9.02.1817 in Braunschweig<br \/>\ngest.: 30.06.1910 in Wien<\/p>\n<p>Christine Enghaus war schon seit 1829 im Ballett des braunschweigischen Hoftheaters t\u00e4tig, kam als Schauspielerin \u00fcber Bremen und Oldenburg 1834 nach Hamburg und schlie\u00dflich 1840 an das Hofburgtheater in Wien, dem sie bis 1875 angeh\u00f6rte. Seit 1845 war sie mit dem Dramatiker Friedrich Hebbel verheiratet. Auf der B\u00fchne verk\u00f6rperte sie dessen B\u00fchnengestalten wie die Maria Magdalena, die Judith oder die Brunhild. Lit.: Der gro\u00dfe Brockhaus, Handbuch des Wissens in zwanzig B\u00e4nden, Leipzig 193015, Bd. 5, S.511<\/p>\n<p>Grablage<br \/>\nGruppe: GRU<br \/>\nReihe<br \/>\nGrabnummer: 38<\/p>\n<p><a href=\"https:\/\/de.wikipedia.org\/wiki\/Christine_Hebbel\">https:\/\/de.wikipedia.org\/wiki\/Christine_Hebbel<\/a><\/p>\n","protected":false},"excerpt":{"rendered":"<p>Schauspielerin geb.: 9.02.1817 in Braunschweig gest.: 30.06.1910 in Wien Christine Enghaus war schon seit 1829 im Ballett des braunschweigischen Hoftheaters t\u00e4tig, kam als Schauspielerin \u00fcber Bremen und Oldenburg 1834 nach Hamburg und schlie\u00dflich 1840 an das Hofburgtheater in Wien, dem sie bis 1875 angeh\u00f6rte. Seit 1845 war sie mit dem Dramatiker Friedrich Hebbel verheiratet. Auf &hellip; <\/p>\n<p class=\"link-more\"><a href=\"https:\/\/www.evang-friedhof.at\/matzleinsdorf\/christine-hebbel\/\" class=\"more-link\"><span class=\"screen-reader-text\">\u201eChristine HEBBEL (geb. Enghaus)\u201c<\/span> weiterlesen<\/a><\/p>\n","protected":false},"author":1,"featured_media":0,"parent":0,"menu_order":0,"comment_status":"closed","ping_status":"closed","template":"","meta":{"ngg_post_thumbnail":0,"footnotes":""},"class_list":["post-46328","page","type-page","status-publish","hentry"],"_links":{"self":[{"href":"https:\/\/www.evang-friedhof.at\/matzleinsdorf\/wp-json\/wp\/v2\/pages\/46328","targetHints":{"allow":["GET"]}}],"collection":[{"href":"https:\/\/www.evang-friedhof.at\/matzleinsdorf\/wp-json\/wp\/v2\/pages"}],"about":[{"href":"https:\/\/www.evang-friedhof.at\/matzleinsdorf\/wp-json\/wp\/v2\/types\/page"}],"author":[{"embeddable":true,"href":"https:\/\/www.evang-friedhof.at\/matzleinsdorf\/wp-json\/wp\/v2\/users\/1"}],"replies":[{"embeddable":true,"href":"https:\/\/www.evang-friedhof.at\/matzleinsdorf\/wp-json\/wp\/v2\/comments?post=46328"}],"version-history":[{"count":1,"href":"https:\/\/www.evang-friedhof.at\/matzleinsdorf\/wp-json\/wp\/v2\/pages\/46328\/revisions"}],"predecessor-version":[{"id":46330,"href":"https:\/\/www.evang-friedhof.at\/matzleinsdorf\/wp-json\/wp\/v2\/pages\/46328\/revisions\/46330"}],"wp:attachment":[{"href":"https:\/\/www.evang-friedhof.at\/matzleinsdorf\/wp-json\/wp\/v2\/media?parent=46328"}],"curies":[{"name":"wp","href":"https:\/\/api.w.org\/{rel}","templated":true}]}}