{"id":46318,"date":"2022-10-30T16:57:38","date_gmt":"2022-10-30T15:57:38","guid":{"rendered":"https:\/\/www.evang-friedhof.at\/matzleinsdorf\/?page_id=46318"},"modified":"2022-10-30T16:58:13","modified_gmt":"2022-10-30T15:58:13","slug":"theophil-edvard-hansen","status":"publish","type":"page","link":"https:\/\/www.evang-friedhof.at\/matzleinsdorf\/theophil-edvard-hansen\/","title":{"rendered":"Theophil Edvard HANSEN (seit 1884 Freiherr von Hansen)"},"content":{"rendered":"<p><a href=\"https:\/\/www.evang-friedhof.at\/matzleinsdorf\/wp-content\/uploads\/2022\/10\/20181114_110620-scaled-1.jpg\"><img loading=\"lazy\" decoding=\"async\" class=\"size-medium wp-image-46319 alignleft\" src=\"https:\/\/www.evang-friedhof.at\/matzleinsdorf\/wp-content\/uploads\/2022\/10\/20181114_110620-scaled-1-225x300.jpg\" alt=\"\" width=\"225\" height=\"300\" srcset=\"https:\/\/www.evang-friedhof.at\/matzleinsdorf\/wp-content\/uploads\/2022\/10\/20181114_110620-scaled-1-225x300.jpg 225w, https:\/\/www.evang-friedhof.at\/matzleinsdorf\/wp-content\/uploads\/2022\/10\/20181114_110620-scaled-1-768x1024.jpg 768w, https:\/\/www.evang-friedhof.at\/matzleinsdorf\/wp-content\/uploads\/2022\/10\/20181114_110620-scaled-1-1152x1536.jpg 1152w, https:\/\/www.evang-friedhof.at\/matzleinsdorf\/wp-content\/uploads\/2022\/10\/20181114_110620-scaled-1-1536x2048.jpg 1536w, https:\/\/www.evang-friedhof.at\/matzleinsdorf\/wp-content\/uploads\/2022\/10\/20181114_110620-scaled-1-350x467.jpg 350w, https:\/\/www.evang-friedhof.at\/matzleinsdorf\/wp-content\/uploads\/2022\/10\/20181114_110620-scaled-1.jpg 1920w\" sizes=\"auto, (max-width: 225px) 100vw, 225px\" \/><\/a>Baumeister<\/p>\n<p>geb.: 13.07.1813 in Kopenhagen<br \/>\ngest.: 17.02.1891 in Wien<\/p>\n<p>War zun\u00e4chst in Athen t\u00e4tig und wirkte ab 1846 in Wien, wo er an der architektonischen Gestaltung der Ringstra\u00dfe mit den Pl\u00e4nen zur B\u00f6rse, Parlament und dem 1945 zerst\u00f6rten Heinrichshof mitwirkte. F\u00fcr die Evangelischen Gemeinden AB und HB plante er die Kapelle, die Nebengeb\u00e4ude und die Friedhofsanlage in Matzleinsdorf.<\/p>\n<p>&nbsp;<\/p>\n<p>Grablage: Wiener Zentralfriedhof, Gruppe 14A\/20<\/p>\n<p><a href=\"https:\/\/de.wikipedia.org\/wiki\/Theophil_von_Hansen\">https:\/\/de.wikipedia.org\/wiki\/Theophil_von_Hansen<\/a><\/p>\n","protected":false},"excerpt":{"rendered":"<p>Baumeister geb.: 13.07.1813 in Kopenhagen gest.: 17.02.1891 in Wien War zun\u00e4chst in Athen t\u00e4tig und wirkte ab 1846 in Wien, wo er an der architektonischen Gestaltung der Ringstra\u00dfe mit den Pl\u00e4nen zur B\u00f6rse, Parlament und dem 1945 zerst\u00f6rten Heinrichshof mitwirkte. F\u00fcr die Evangelischen Gemeinden AB und HB plante er die Kapelle, die Nebengeb\u00e4ude und die &hellip; <\/p>\n<p class=\"link-more\"><a href=\"https:\/\/www.evang-friedhof.at\/matzleinsdorf\/theophil-edvard-hansen\/\" class=\"more-link\"><span class=\"screen-reader-text\">\u201eTheophil Edvard HANSEN (seit 1884 Freiherr von Hansen)\u201c<\/span> weiterlesen<\/a><\/p>\n","protected":false},"author":1,"featured_media":0,"parent":0,"menu_order":0,"comment_status":"closed","ping_status":"closed","template":"","meta":{"ngg_post_thumbnail":0,"footnotes":""},"class_list":["post-46318","page","type-page","status-publish","hentry"],"_links":{"self":[{"href":"https:\/\/www.evang-friedhof.at\/matzleinsdorf\/wp-json\/wp\/v2\/pages\/46318","targetHints":{"allow":["GET"]}}],"collection":[{"href":"https:\/\/www.evang-friedhof.at\/matzleinsdorf\/wp-json\/wp\/v2\/pages"}],"about":[{"href":"https:\/\/www.evang-friedhof.at\/matzleinsdorf\/wp-json\/wp\/v2\/types\/page"}],"author":[{"embeddable":true,"href":"https:\/\/www.evang-friedhof.at\/matzleinsdorf\/wp-json\/wp\/v2\/users\/1"}],"replies":[{"embeddable":true,"href":"https:\/\/www.evang-friedhof.at\/matzleinsdorf\/wp-json\/wp\/v2\/comments?post=46318"}],"version-history":[{"count":2,"href":"https:\/\/www.evang-friedhof.at\/matzleinsdorf\/wp-json\/wp\/v2\/pages\/46318\/revisions"}],"predecessor-version":[{"id":46321,"href":"https:\/\/www.evang-friedhof.at\/matzleinsdorf\/wp-json\/wp\/v2\/pages\/46318\/revisions\/46321"}],"wp:attachment":[{"href":"https:\/\/www.evang-friedhof.at\/matzleinsdorf\/wp-json\/wp\/v2\/media?parent=46318"}],"curies":[{"name":"wp","href":"https:\/\/api.w.org\/{rel}","templated":true}]}}