{"id":46312,"date":"2022-10-30T16:54:07","date_gmt":"2022-10-30T15:54:07","guid":{"rendered":"https:\/\/www.evang-friedhof.at\/matzleinsdorf\/?page_id=46312"},"modified":"2022-10-30T16:54:07","modified_gmt":"2022-10-30T15:54:07","slug":"john-hardy","status":"publish","type":"page","link":"https:\/\/www.evang-friedhof.at\/matzleinsdorf\/john-hardy\/","title":{"rendered":"John HARDY"},"content":{"rendered":"<p><a href=\"https:\/\/www.evang-friedhof.at\/matzleinsdorf\/wp-content\/uploads\/2022\/10\/GRUFT-re-008-Hardy-John.jpg\"><img loading=\"lazy\" decoding=\"async\" class=\"size-medium wp-image-46313 alignleft\" src=\"https:\/\/www.evang-friedhof.at\/matzleinsdorf\/wp-content\/uploads\/2022\/10\/GRUFT-re-008-Hardy-John-200x300.jpg\" alt=\"\" width=\"200\" height=\"300\" srcset=\"https:\/\/www.evang-friedhof.at\/matzleinsdorf\/wp-content\/uploads\/2022\/10\/GRUFT-re-008-Hardy-John-200x300.jpg 200w, https:\/\/www.evang-friedhof.at\/matzleinsdorf\/wp-content\/uploads\/2022\/10\/GRUFT-re-008-Hardy-John-683x1024.jpg 683w, https:\/\/www.evang-friedhof.at\/matzleinsdorf\/wp-content\/uploads\/2022\/10\/GRUFT-re-008-Hardy-John-768x1152.jpg 768w, https:\/\/www.evang-friedhof.at\/matzleinsdorf\/wp-content\/uploads\/2022\/10\/GRUFT-re-008-Hardy-John-1024x1536.jpg 1024w, https:\/\/www.evang-friedhof.at\/matzleinsdorf\/wp-content\/uploads\/2022\/10\/GRUFT-re-008-Hardy-John-350x525.jpg 350w, https:\/\/www.evang-friedhof.at\/matzleinsdorf\/wp-content\/uploads\/2022\/10\/GRUFT-re-008-Hardy-John.jpg 1080w\" sizes=\"auto, (max-width: 200px) 100vw, 200px\" \/><\/a>Erfinder und Unternehmer<\/p>\n<p>geb.: 14.09.1821 Newcastle on Tyne<br \/>\ngest.: 25.06.1896 Wien<\/p>\n<p>Nach zehnj\u00e4hriger Lehrzeit in der Stephenson\u00b4schen Lokomotivfabrik in Newcastle on Tyne wirkt John Hardy ab 1846 als Heizhausvorstand der Chemin de fer de l\u00b4Quest in Rouen (F). 1860 kommt er nach Wien und \u00fcbernimmt die Leitung der Hauptwerkst\u00e4tte der k. k. priv. S\u00fcdbahngesellschaft, die er bis zum Eintritt in den Ruhestand (1884) innehat.<\/p>\n<p>Erfinder: John Hardy nahm eine \u00c4nderung an der von dem Amerikaner J. Smith erfundenen Luftsaugbremse vor, das ge\u00e4nderte Modell wurde 1877 in \u00d6sterreich als Hardy\u00b4sche Vakuumbremse f\u00fcr Personenz\u00fcge eingef\u00fchrt.<\/p>\n<p>Wirkungsweise: Beim Bremsvorgang wurde dabei durch einen auf der Lokomotive angebrachten Dampfstrahlluftsauger in der durchgehenden Bremsleitung und damit auch oberhalb der Kolben der Fahrzeugbremszylinder ein Unterdruck erzeugt, sodass der Kolben durch den \u00e4u\u00dferen Luftdruck angehoben und die Bremskl\u00f6tze nach Ma\u00dfgabe der zu beiden Kolbenseiten bestehenden Druckdifferenz mit mehr oder minder gro\u00dfer Kraft an die Radreifen gepresst wurden.<\/p>\n<p>Unternehmer: 1877 gr\u00fcndete John Hardy zur weltweiten Ausnutzung seiner Bremspatente in London die VACUUM BRAKE Company. Lit.: \u00d6BL<br \/>\nGrablage<br \/>\nGruppe: GRU<br \/>\nReihe: RE<br \/>\nGrabnummer: 8<\/p>\n<p><a href=\"https:\/\/www.geschichtewiki.wien.gv.at\/John_Hardy\">https:\/\/www.geschichtewiki.wien.gv.at\/John_Hardy<\/a><\/p>\n","protected":false},"excerpt":{"rendered":"<p>Erfinder und Unternehmer geb.: 14.09.1821 Newcastle on Tyne gest.: 25.06.1896 Wien Nach zehnj\u00e4hriger Lehrzeit in der Stephenson\u00b4schen Lokomotivfabrik in Newcastle on Tyne wirkt John Hardy ab 1846 als Heizhausvorstand der Chemin de fer de l\u00b4Quest in Rouen (F). 1860 kommt er nach Wien und \u00fcbernimmt die Leitung der Hauptwerkst\u00e4tte der k. k. priv. S\u00fcdbahngesellschaft, die &hellip; <\/p>\n<p class=\"link-more\"><a href=\"https:\/\/www.evang-friedhof.at\/matzleinsdorf\/john-hardy\/\" class=\"more-link\"><span class=\"screen-reader-text\">\u201eJohn HARDY\u201c<\/span> weiterlesen<\/a><\/p>\n","protected":false},"author":1,"featured_media":0,"parent":0,"menu_order":0,"comment_status":"closed","ping_status":"closed","template":"","meta":{"ngg_post_thumbnail":0,"footnotes":""},"class_list":["post-46312","page","type-page","status-publish","hentry"],"_links":{"self":[{"href":"https:\/\/www.evang-friedhof.at\/matzleinsdorf\/wp-json\/wp\/v2\/pages\/46312","targetHints":{"allow":["GET"]}}],"collection":[{"href":"https:\/\/www.evang-friedhof.at\/matzleinsdorf\/wp-json\/wp\/v2\/pages"}],"about":[{"href":"https:\/\/www.evang-friedhof.at\/matzleinsdorf\/wp-json\/wp\/v2\/types\/page"}],"author":[{"embeddable":true,"href":"https:\/\/www.evang-friedhof.at\/matzleinsdorf\/wp-json\/wp\/v2\/users\/1"}],"replies":[{"embeddable":true,"href":"https:\/\/www.evang-friedhof.at\/matzleinsdorf\/wp-json\/wp\/v2\/comments?post=46312"}],"version-history":[{"count":1,"href":"https:\/\/www.evang-friedhof.at\/matzleinsdorf\/wp-json\/wp\/v2\/pages\/46312\/revisions"}],"predecessor-version":[{"id":46314,"href":"https:\/\/www.evang-friedhof.at\/matzleinsdorf\/wp-json\/wp\/v2\/pages\/46312\/revisions\/46314"}],"wp:attachment":[{"href":"https:\/\/www.evang-friedhof.at\/matzleinsdorf\/wp-json\/wp\/v2\/media?parent=46312"}],"curies":[{"name":"wp","href":"https:\/\/api.w.org\/{rel}","templated":true}]}}