{"id":46309,"date":"2022-10-30T16:52:57","date_gmt":"2022-10-30T15:52:57","guid":{"rendered":"https:\/\/www.evang-friedhof.at\/matzleinsdorf\/?page_id=46309"},"modified":"2022-10-30T16:52:57","modified_gmt":"2022-10-30T15:52:57","slug":"konrad-adolf-hallenstein","status":"publish","type":"page","link":"https:\/\/www.evang-friedhof.at\/matzleinsdorf\/konrad-adolf-hallenstein\/","title":{"rendered":"Konrad Adolf HALLENSTEIN"},"content":{"rendered":"<p><a href=\"https:\/\/www.evang-friedhof.at\/matzleinsdorf\/wp-content\/uploads\/2022\/10\/24-035-Hallenstein-Konrad.jpg\"><img loading=\"lazy\" decoding=\"async\" class=\"size-medium wp-image-46310 alignleft\" src=\"https:\/\/www.evang-friedhof.at\/matzleinsdorf\/wp-content\/uploads\/2022\/10\/24-035-Hallenstein-Konrad-200x300.jpg\" alt=\"\" width=\"200\" height=\"300\" srcset=\"https:\/\/www.evang-friedhof.at\/matzleinsdorf\/wp-content\/uploads\/2022\/10\/24-035-Hallenstein-Konrad-200x300.jpg 200w, https:\/\/www.evang-friedhof.at\/matzleinsdorf\/wp-content\/uploads\/2022\/10\/24-035-Hallenstein-Konrad-683x1024.jpg 683w, https:\/\/www.evang-friedhof.at\/matzleinsdorf\/wp-content\/uploads\/2022\/10\/24-035-Hallenstein-Konrad-768x1152.jpg 768w, https:\/\/www.evang-friedhof.at\/matzleinsdorf\/wp-content\/uploads\/2022\/10\/24-035-Hallenstein-Konrad-1024x1536.jpg 1024w, https:\/\/www.evang-friedhof.at\/matzleinsdorf\/wp-content\/uploads\/2022\/10\/24-035-Hallenstein-Konrad-350x525.jpg 350w, https:\/\/www.evang-friedhof.at\/matzleinsdorf\/wp-content\/uploads\/2022\/10\/24-035-Hallenstein-Konrad.jpg 1080w\" sizes=\"auto, (max-width: 200px) 100vw, 200px\" \/><\/a>Schauspieler<\/p>\n<p>geb.: 15.01.1835 Frankfurt\/Main<br \/>\ngest.: 28.09.1892 Purkersdorf<\/p>\n<p>Konrad Hallenstein deb\u00fctierte mit 19 Jahren als Raoul in Schillers \u201eJungfrau von Orleans\u201c in Frankfurt und in der Folge wurde er in Hamburg (1855), K\u00f6nigsberg (1856), Aachen (1857) und schlie\u00dflich Prag (1858) engagiert. Als man 1871 am Hofburgtheater einen Ersatz f\u00fcr den verstorbenen Josef Wagner suchte, wurde Konrad Hallenstein zu einem Gastspiel nach Wien eingeladen, dem ein Engagement folgte und 1876 erhielt er das Dekret als wirklicher Hofschauspieler \u00fcberreicht. Seine angegriffene Gesundheit erzwang 1888 einen l\u00e4ngeren Aufenthalt in Meran und 1890 wurde er auf eigenen Wunsch pensioniert und erhielt den Kaiser Franz Josef Orden. Lit.: Personalakt WSTLA.<\/p>\n<p>Grablage<br \/>\nGruppe: 24<br \/>\nReihe<br \/>\nGrabnummer: 35<\/p>\n<p><a href=\"https:\/\/de.wikipedia.org\/wiki\/Konrad_Adolf_Hallenstein\">https:\/\/de.wikipedia.org\/wiki\/Konrad_Adolf_Hallenstein<\/a><\/p>\n","protected":false},"excerpt":{"rendered":"<p>Schauspieler geb.: 15.01.1835 Frankfurt\/Main gest.: 28.09.1892 Purkersdorf Konrad Hallenstein deb\u00fctierte mit 19 Jahren als Raoul in Schillers \u201eJungfrau von Orleans\u201c in Frankfurt und in der Folge wurde er in Hamburg (1855), K\u00f6nigsberg (1856), Aachen (1857) und schlie\u00dflich Prag (1858) engagiert. Als man 1871 am Hofburgtheater einen Ersatz f\u00fcr den verstorbenen Josef Wagner suchte, wurde Konrad &hellip; <\/p>\n<p class=\"link-more\"><a href=\"https:\/\/www.evang-friedhof.at\/matzleinsdorf\/konrad-adolf-hallenstein\/\" class=\"more-link\"><span class=\"screen-reader-text\">\u201eKonrad Adolf HALLENSTEIN\u201c<\/span> weiterlesen<\/a><\/p>\n","protected":false},"author":1,"featured_media":0,"parent":0,"menu_order":0,"comment_status":"closed","ping_status":"closed","template":"","meta":{"ngg_post_thumbnail":0,"footnotes":""},"class_list":["post-46309","page","type-page","status-publish","hentry"],"_links":{"self":[{"href":"https:\/\/www.evang-friedhof.at\/matzleinsdorf\/wp-json\/wp\/v2\/pages\/46309","targetHints":{"allow":["GET"]}}],"collection":[{"href":"https:\/\/www.evang-friedhof.at\/matzleinsdorf\/wp-json\/wp\/v2\/pages"}],"about":[{"href":"https:\/\/www.evang-friedhof.at\/matzleinsdorf\/wp-json\/wp\/v2\/types\/page"}],"author":[{"embeddable":true,"href":"https:\/\/www.evang-friedhof.at\/matzleinsdorf\/wp-json\/wp\/v2\/users\/1"}],"replies":[{"embeddable":true,"href":"https:\/\/www.evang-friedhof.at\/matzleinsdorf\/wp-json\/wp\/v2\/comments?post=46309"}],"version-history":[{"count":1,"href":"https:\/\/www.evang-friedhof.at\/matzleinsdorf\/wp-json\/wp\/v2\/pages\/46309\/revisions"}],"predecessor-version":[{"id":46311,"href":"https:\/\/www.evang-friedhof.at\/matzleinsdorf\/wp-json\/wp\/v2\/pages\/46309\/revisions\/46311"}],"wp:attachment":[{"href":"https:\/\/www.evang-friedhof.at\/matzleinsdorf\/wp-json\/wp\/v2\/media?parent=46309"}],"curies":[{"name":"wp","href":"https:\/\/api.w.org\/{rel}","templated":true}]}}