{"id":46306,"date":"2022-10-30T16:51:59","date_gmt":"2022-10-30T15:51:59","guid":{"rendered":"https:\/\/www.evang-friedhof.at\/matzleinsdorf\/?page_id=46306"},"modified":"2022-10-30T16:51:59","modified_gmt":"2022-10-30T15:51:59","slug":"andreas-ritter-von-gunesch","status":"publish","type":"page","link":"https:\/\/www.evang-friedhof.at\/matzleinsdorf\/andreas-ritter-von-gunesch\/","title":{"rendered":"Andreas RITTER VON GUNESCH"},"content":{"rendered":"<p><a href=\"https:\/\/www.evang-friedhof.at\/matzleinsdorf\/wp-content\/uploads\/2022\/10\/GRUFT-009-Gunesch-Andreas-Ritter-v..jpg\"><img loading=\"lazy\" decoding=\"async\" class=\"size-medium wp-image-46307 alignleft\" src=\"https:\/\/www.evang-friedhof.at\/matzleinsdorf\/wp-content\/uploads\/2022\/10\/GRUFT-009-Gunesch-Andreas-Ritter-v.-200x300.jpg\" alt=\"\" width=\"200\" height=\"300\" srcset=\"https:\/\/www.evang-friedhof.at\/matzleinsdorf\/wp-content\/uploads\/2022\/10\/GRUFT-009-Gunesch-Andreas-Ritter-v.-200x300.jpg 200w, https:\/\/www.evang-friedhof.at\/matzleinsdorf\/wp-content\/uploads\/2022\/10\/GRUFT-009-Gunesch-Andreas-Ritter-v.-683x1024.jpg 683w, https:\/\/www.evang-friedhof.at\/matzleinsdorf\/wp-content\/uploads\/2022\/10\/GRUFT-009-Gunesch-Andreas-Ritter-v.-768x1152.jpg 768w, https:\/\/www.evang-friedhof.at\/matzleinsdorf\/wp-content\/uploads\/2022\/10\/GRUFT-009-Gunesch-Andreas-Ritter-v.-1024x1536.jpg 1024w, https:\/\/www.evang-friedhof.at\/matzleinsdorf\/wp-content\/uploads\/2022\/10\/GRUFT-009-Gunesch-Andreas-Ritter-v.-350x525.jpg 350w, https:\/\/www.evang-friedhof.at\/matzleinsdorf\/wp-content\/uploads\/2022\/10\/GRUFT-009-Gunesch-Andreas-Ritter-v..jpg 1080w\" sizes=\"auto, (max-width: 200px) 100vw, 200px\" \/><\/a>Superintendent von Wien, Nieder- und Inner\u00f6sterreich<\/p>\n<p>geb.: 6.03.1799 Mediasch\/Siebenb\u00fcrgen<br \/>\ngest.: 7.08.1875 Neuwaldegg<\/p>\n<p>Er ist in Mediasch\/Siebenb\u00fcrgen geboren worden und schon fr\u00fch verwaist. 1828 wurde er Pfarrer in Trebesing. Bald folgte er dem Ruf der Wiener Evang. Gemeinde A. C., er war dort zun\u00e4chst Vikar und Katechet, ab dem 11.11.1829 bis zu seinem Tod Pfarrer. Am 16.04.1861 wurde er zum Stellvertreter des Wiener Superintendenten und am 22.08.1862 zum Superintendenten ernannt. Ab 1834 war er auch in der Kirchenleitung t\u00e4tig. Am 31.07.1867 erfolgte die Ernennung zum au\u00dferordentlichen Oberkirchenrat A. B. In Wertsch\u00e4tzung seiner Verdienste wurde er in den Ritterstand erhoben. Er verstarb am 07.08.1875 in Neuwaldegg bei Wien. Lit.: Archiv der Evang. Kirche in \u00d6sterreich, Akten des k. u. k. Konsistoriums A. C., Faszikel 187, Zahl 48; Fasz. 188 Zl. 225 und Zl 229; Fasz. 194, Zl. 469; Fasz. 213, Zl. 322; Fasz. 215, Zl. 82 und 118; Fasz. 222, Zl 539 und 545; Fasz. 233, Zl. 325.<\/p>\n<p>Grablage<br \/>\nGruppe: GRU<br \/>\nReihe<br \/>\nGrabnummer: 9<\/p>\n<p><a href=\"https:\/\/de.wikipedia.org\/wiki\/Andreas_von_Gunesch\">https:\/\/de.wikipedia.org\/wiki\/Andreas_von_Gunesch<\/a><\/p>\n","protected":false},"excerpt":{"rendered":"<p>Superintendent von Wien, Nieder- und Inner\u00f6sterreich geb.: 6.03.1799 Mediasch\/Siebenb\u00fcrgen gest.: 7.08.1875 Neuwaldegg Er ist in Mediasch\/Siebenb\u00fcrgen geboren worden und schon fr\u00fch verwaist. 1828 wurde er Pfarrer in Trebesing. Bald folgte er dem Ruf der Wiener Evang. Gemeinde A. C., er war dort zun\u00e4chst Vikar und Katechet, ab dem 11.11.1829 bis zu seinem Tod Pfarrer. Am &hellip; <\/p>\n<p class=\"link-more\"><a href=\"https:\/\/www.evang-friedhof.at\/matzleinsdorf\/andreas-ritter-von-gunesch\/\" class=\"more-link\"><span class=\"screen-reader-text\">\u201eAndreas RITTER VON GUNESCH\u201c<\/span> weiterlesen<\/a><\/p>\n","protected":false},"author":1,"featured_media":0,"parent":0,"menu_order":0,"comment_status":"closed","ping_status":"closed","template":"","meta":{"ngg_post_thumbnail":0,"footnotes":""},"class_list":["post-46306","page","type-page","status-publish","hentry"],"_links":{"self":[{"href":"https:\/\/www.evang-friedhof.at\/matzleinsdorf\/wp-json\/wp\/v2\/pages\/46306","targetHints":{"allow":["GET"]}}],"collection":[{"href":"https:\/\/www.evang-friedhof.at\/matzleinsdorf\/wp-json\/wp\/v2\/pages"}],"about":[{"href":"https:\/\/www.evang-friedhof.at\/matzleinsdorf\/wp-json\/wp\/v2\/types\/page"}],"author":[{"embeddable":true,"href":"https:\/\/www.evang-friedhof.at\/matzleinsdorf\/wp-json\/wp\/v2\/users\/1"}],"replies":[{"embeddable":true,"href":"https:\/\/www.evang-friedhof.at\/matzleinsdorf\/wp-json\/wp\/v2\/comments?post=46306"}],"version-history":[{"count":1,"href":"https:\/\/www.evang-friedhof.at\/matzleinsdorf\/wp-json\/wp\/v2\/pages\/46306\/revisions"}],"predecessor-version":[{"id":46308,"href":"https:\/\/www.evang-friedhof.at\/matzleinsdorf\/wp-json\/wp\/v2\/pages\/46306\/revisions\/46308"}],"wp:attachment":[{"href":"https:\/\/www.evang-friedhof.at\/matzleinsdorf\/wp-json\/wp\/v2\/media?parent=46306"}],"curies":[{"name":"wp","href":"https:\/\/api.w.org\/{rel}","templated":true}]}}