{"id":46303,"date":"2022-10-30T16:50:55","date_gmt":"2022-10-30T15:50:55","guid":{"rendered":"https:\/\/www.evang-friedhof.at\/matzleinsdorf\/?page_id=46303"},"modified":"2022-10-30T16:50:55","modified_gmt":"2022-10-30T15:50:55","slug":"zerline-gabillon","status":"publish","type":"page","link":"https:\/\/www.evang-friedhof.at\/matzleinsdorf\/zerline-gabillon\/","title":{"rendered":"Zerline GABILLON"},"content":{"rendered":"<p><a href=\"https:\/\/www.evang-friedhof.at\/matzleinsdorf\/wp-content\/uploads\/2022\/10\/MOB-034-Gabillon-Zerline-u.-L.-1.jpg\"><img loading=\"lazy\" decoding=\"async\" class=\"size-medium wp-image-46304 alignleft\" src=\"https:\/\/www.evang-friedhof.at\/matzleinsdorf\/wp-content\/uploads\/2022\/10\/MOB-034-Gabillon-Zerline-u.-L.-1-200x300.jpg\" alt=\"\" width=\"200\" height=\"300\" srcset=\"https:\/\/www.evang-friedhof.at\/matzleinsdorf\/wp-content\/uploads\/2022\/10\/MOB-034-Gabillon-Zerline-u.-L.-1-200x300.jpg 200w, https:\/\/www.evang-friedhof.at\/matzleinsdorf\/wp-content\/uploads\/2022\/10\/MOB-034-Gabillon-Zerline-u.-L.-1-683x1024.jpg 683w, https:\/\/www.evang-friedhof.at\/matzleinsdorf\/wp-content\/uploads\/2022\/10\/MOB-034-Gabillon-Zerline-u.-L.-1-768x1152.jpg 768w, https:\/\/www.evang-friedhof.at\/matzleinsdorf\/wp-content\/uploads\/2022\/10\/MOB-034-Gabillon-Zerline-u.-L.-1-1024x1536.jpg 1024w, https:\/\/www.evang-friedhof.at\/matzleinsdorf\/wp-content\/uploads\/2022\/10\/MOB-034-Gabillon-Zerline-u.-L.-1-350x525.jpg 350w, https:\/\/www.evang-friedhof.at\/matzleinsdorf\/wp-content\/uploads\/2022\/10\/MOB-034-Gabillon-Zerline-u.-L.-1.jpg 1080w\" sizes=\"auto, (max-width: 200px) 100vw, 200px\" \/><\/a>(geborene W\u00fcrzburg)<\/p>\n<p>Schauspielerin<\/p>\n<p>geb.: 19.08.1835 in G\u00fcstrow<br \/>\ngest.: 30.04.1892 in Wien<\/p>\n<p>Das Talent der Kaufmannstochter Zerline W\u00fcrzburg wurde schon fr\u00fch bei Schulauff\u00fchrungen entdeckt. Nach B\u00fchnenvorstudien in Hamburg spielte sie von 1850 bis 1853 in Hamburg und kam kurz nach einem Dresdener Gastspiel an das Burgtheater, dessen Mitglied sie bis 1892 war. Dort zeichnete sie sich vor allem als Charakterdarstellerin scharf pointierter Rollen und als Virtuosin des feinen Konversationsst\u00fcckes aus. Un\u00fcbertroffen war Zerline Gabillon in der Wiedergabe r\u00e4nkevoller Damen. Ihre Hauptrollen waren zum Beispiel: Autreval (\u201eDamenkrieg\u201c), Herzogin (\u201eDas Glas Wasser\u201c), Eboli (\u201eDon Carlos\u201c), Porzia (\u201eKaufmann von Venedig\u201c), Elisabeth (\u201eMaria Stuart\u201c).<\/p>\n<p>Seit 1856 war sie mit dem Schauspieler und Regisseur Ludwig Gabillon verheiratet.<\/p>\n<p>Grablage<br \/>\nGruppe: MOB<br \/>\nReihe<br \/>\nGrabnummer: 34<\/p>\n<p><a href=\"https:\/\/de.wikipedia.org\/wiki\/Zerline_Gabillon\">https:\/\/de.wikipedia.org\/wiki\/Zerline_Gabillon<\/a><\/p>\n","protected":false},"excerpt":{"rendered":"<p>(geborene W\u00fcrzburg) Schauspielerin geb.: 19.08.1835 in G\u00fcstrow gest.: 30.04.1892 in Wien Das Talent der Kaufmannstochter Zerline W\u00fcrzburg wurde schon fr\u00fch bei Schulauff\u00fchrungen entdeckt. Nach B\u00fchnenvorstudien in Hamburg spielte sie von 1850 bis 1853 in Hamburg und kam kurz nach einem Dresdener Gastspiel an das Burgtheater, dessen Mitglied sie bis 1892 war. Dort zeichnete sie sich &hellip; <\/p>\n<p class=\"link-more\"><a href=\"https:\/\/www.evang-friedhof.at\/matzleinsdorf\/zerline-gabillon\/\" class=\"more-link\"><span class=\"screen-reader-text\">\u201eZerline GABILLON\u201c<\/span> weiterlesen<\/a><\/p>\n","protected":false},"author":1,"featured_media":0,"parent":0,"menu_order":0,"comment_status":"closed","ping_status":"closed","template":"","meta":{"ngg_post_thumbnail":0,"footnotes":""},"class_list":["post-46303","page","type-page","status-publish","hentry"],"_links":{"self":[{"href":"https:\/\/www.evang-friedhof.at\/matzleinsdorf\/wp-json\/wp\/v2\/pages\/46303","targetHints":{"allow":["GET"]}}],"collection":[{"href":"https:\/\/www.evang-friedhof.at\/matzleinsdorf\/wp-json\/wp\/v2\/pages"}],"about":[{"href":"https:\/\/www.evang-friedhof.at\/matzleinsdorf\/wp-json\/wp\/v2\/types\/page"}],"author":[{"embeddable":true,"href":"https:\/\/www.evang-friedhof.at\/matzleinsdorf\/wp-json\/wp\/v2\/users\/1"}],"replies":[{"embeddable":true,"href":"https:\/\/www.evang-friedhof.at\/matzleinsdorf\/wp-json\/wp\/v2\/comments?post=46303"}],"version-history":[{"count":1,"href":"https:\/\/www.evang-friedhof.at\/matzleinsdorf\/wp-json\/wp\/v2\/pages\/46303\/revisions"}],"predecessor-version":[{"id":46305,"href":"https:\/\/www.evang-friedhof.at\/matzleinsdorf\/wp-json\/wp\/v2\/pages\/46303\/revisions\/46305"}],"wp:attachment":[{"href":"https:\/\/www.evang-friedhof.at\/matzleinsdorf\/wp-json\/wp\/v2\/media?parent=46303"}],"curies":[{"name":"wp","href":"https:\/\/api.w.org\/{rel}","templated":true}]}}