{"id":46300,"date":"2022-10-30T16:49:48","date_gmt":"2022-10-30T15:49:48","guid":{"rendered":"https:\/\/www.evang-friedhof.at\/matzleinsdorf\/?page_id=46300"},"modified":"2022-10-30T16:49:48","modified_gmt":"2022-10-30T15:49:48","slug":"ludwig-gabillon","status":"publish","type":"page","link":"https:\/\/www.evang-friedhof.at\/matzleinsdorf\/ludwig-gabillon\/","title":{"rendered":"Ludwig GABILLON"},"content":{"rendered":"<p><a href=\"https:\/\/www.evang-friedhof.at\/matzleinsdorf\/wp-content\/uploads\/2022\/10\/MOB-034-Gabillon-Zerline-u.-L..jpg\"><img loading=\"lazy\" decoding=\"async\" class=\"size-medium wp-image-46301 alignleft\" src=\"https:\/\/www.evang-friedhof.at\/matzleinsdorf\/wp-content\/uploads\/2022\/10\/MOB-034-Gabillon-Zerline-u.-L.-200x300.jpg\" alt=\"\" width=\"200\" height=\"300\" srcset=\"https:\/\/www.evang-friedhof.at\/matzleinsdorf\/wp-content\/uploads\/2022\/10\/MOB-034-Gabillon-Zerline-u.-L.-200x300.jpg 200w, https:\/\/www.evang-friedhof.at\/matzleinsdorf\/wp-content\/uploads\/2022\/10\/MOB-034-Gabillon-Zerline-u.-L.-683x1024.jpg 683w, https:\/\/www.evang-friedhof.at\/matzleinsdorf\/wp-content\/uploads\/2022\/10\/MOB-034-Gabillon-Zerline-u.-L.-768x1152.jpg 768w, https:\/\/www.evang-friedhof.at\/matzleinsdorf\/wp-content\/uploads\/2022\/10\/MOB-034-Gabillon-Zerline-u.-L.-1024x1536.jpg 1024w, https:\/\/www.evang-friedhof.at\/matzleinsdorf\/wp-content\/uploads\/2022\/10\/MOB-034-Gabillon-Zerline-u.-L.-350x525.jpg 350w, https:\/\/www.evang-friedhof.at\/matzleinsdorf\/wp-content\/uploads\/2022\/10\/MOB-034-Gabillon-Zerline-u.-L..jpg 1080w\" sizes=\"auto, (max-width: 200px) 100vw, 200px\" \/><\/a>k. k. Hofburgschauspieler<\/p>\n<p>geb.: 16.07.1828 G\u00fcstrow, Mecklenburg<br \/>\ngest.: 13.02.1896 Wien<\/p>\n<p>Ludwig Gabillon war der Enkel eines franz\u00f6sischen Emigranten, sein Vater war Steuersekret\u00e4r. Er besuchte das Gymnasium und war ein auffallend gro\u00dfer Mensch und guter Sportler. Nach dem Willen der Eltern sollte der Sohn Mediziner werden, doch trat er 1845 in Rostock bei der \u201eBethmann\u00b4schen Gesellschaft\u201c zum ersten mal auf. Es folgte eine Tournee mit einer Wanderschauspieltruppe. Sp\u00e4ter bekam er Engagements in Oldenburg, Schwerin, Kassel, Hannover und in der Reichs- haupt- und Residenzstadt Wien. 1853 gastierte er in London. Noch im selben Jahr wurde Ludwig Gabillon von Heinrich Laube als Charakterschauspieler ans Hofburgtheater engagiert und verk\u00f6rperte dort \u00fcber dreihundert Rollen. Von 1857 bis 1895 f\u00fchrte er auch Regie. Seit 1856 war er in zweiter Ehe mit Zerline Gabillon (geborene W\u00fcrzburg) verheiratet. Von Ludwig Gabillon erschienen \u201eTagebuchbl\u00e4tter, Briefe, Erinnerungen\u201c. Lit.: Schlessing, Verlorenes Paradies, 1993, Rathaus-Korrespodenz, Blatt 422, 11.02.1971, \u00d6l, 366, \u00d6bl, I, 386, Javorsky, 77, Eisenberg, I, 74, Eisenberg, II, 142, N\u00e4hring, 549, Bergauer, Ber\u00fchmte Menschen, 190, 265, Bettelheim, I, 432, Totenliste, III, 159 Wohnadressen: 09, Nu\u00dfdorferstra\u00dfe 12a, 8, Weimarstra\u00dfe 57, 18, Weimarer Stra\u00dfe 71. Gedenktafel: 18, Weimarer Stra\u00dfe 71. Grabstelle: Evangelischer Friedhof Matzleinsdorf, Stra\u00dfenbenennung: 16, Gabillongasse, seit 1920<\/p>\n<p>Grablage<br \/>\nGruppe: MOB<br \/>\nReihe<br \/>\nGrabnummer: 34<\/p>\n<p><a href=\"https:\/\/de.wikipedia.org\/wiki\/Ludwig_Gabillon\">https:\/\/de.wikipedia.org\/wiki\/Ludwig_Gabillon<\/a><\/p>\n","protected":false},"excerpt":{"rendered":"<p>k. k. Hofburgschauspieler geb.: 16.07.1828 G\u00fcstrow, Mecklenburg gest.: 13.02.1896 Wien Ludwig Gabillon war der Enkel eines franz\u00f6sischen Emigranten, sein Vater war Steuersekret\u00e4r. Er besuchte das Gymnasium und war ein auffallend gro\u00dfer Mensch und guter Sportler. Nach dem Willen der Eltern sollte der Sohn Mediziner werden, doch trat er 1845 in Rostock bei der \u201eBethmann\u00b4schen Gesellschaft\u201c &hellip; <\/p>\n<p class=\"link-more\"><a href=\"https:\/\/www.evang-friedhof.at\/matzleinsdorf\/ludwig-gabillon\/\" class=\"more-link\"><span class=\"screen-reader-text\">\u201eLudwig GABILLON\u201c<\/span> weiterlesen<\/a><\/p>\n","protected":false},"author":1,"featured_media":0,"parent":0,"menu_order":0,"comment_status":"closed","ping_status":"closed","template":"","meta":{"ngg_post_thumbnail":0,"footnotes":""},"class_list":["post-46300","page","type-page","status-publish","hentry"],"_links":{"self":[{"href":"https:\/\/www.evang-friedhof.at\/matzleinsdorf\/wp-json\/wp\/v2\/pages\/46300","targetHints":{"allow":["GET"]}}],"collection":[{"href":"https:\/\/www.evang-friedhof.at\/matzleinsdorf\/wp-json\/wp\/v2\/pages"}],"about":[{"href":"https:\/\/www.evang-friedhof.at\/matzleinsdorf\/wp-json\/wp\/v2\/types\/page"}],"author":[{"embeddable":true,"href":"https:\/\/www.evang-friedhof.at\/matzleinsdorf\/wp-json\/wp\/v2\/users\/1"}],"replies":[{"embeddable":true,"href":"https:\/\/www.evang-friedhof.at\/matzleinsdorf\/wp-json\/wp\/v2\/comments?post=46300"}],"version-history":[{"count":1,"href":"https:\/\/www.evang-friedhof.at\/matzleinsdorf\/wp-json\/wp\/v2\/pages\/46300\/revisions"}],"predecessor-version":[{"id":46302,"href":"https:\/\/www.evang-friedhof.at\/matzleinsdorf\/wp-json\/wp\/v2\/pages\/46300\/revisions\/46302"}],"wp:attachment":[{"href":"https:\/\/www.evang-friedhof.at\/matzleinsdorf\/wp-json\/wp\/v2\/media?parent=46300"}],"curies":[{"name":"wp","href":"https:\/\/api.w.org\/{rel}","templated":true}]}}