{"id":46294,"date":"2022-10-30T16:48:03","date_gmt":"2022-10-30T15:48:03","guid":{"rendered":"https:\/\/www.evang-friedhof.at\/matzleinsdorf\/?page_id=46294"},"modified":"2022-10-30T16:48:03","modified_gmt":"2022-10-30T15:48:03","slug":"dr-gottfried-franz","status":"publish","type":"page","link":"https:\/\/www.evang-friedhof.at\/matzleinsdorf\/dr-gottfried-franz\/","title":{"rendered":"Dr. Gottfried FRANZ"},"content":{"rendered":"<p><a href=\"https:\/\/www.evang-friedhof.at\/matzleinsdorf\/wp-content\/uploads\/2022\/10\/GRUFT-012-Franz-Gottfried.jpg\"><img loading=\"lazy\" decoding=\"async\" class=\"size-medium wp-image-46295 alignleft\" src=\"https:\/\/www.evang-friedhof.at\/matzleinsdorf\/wp-content\/uploads\/2022\/10\/GRUFT-012-Franz-Gottfried-200x300.jpg\" alt=\"\" width=\"200\" height=\"300\" srcset=\"https:\/\/www.evang-friedhof.at\/matzleinsdorf\/wp-content\/uploads\/2022\/10\/GRUFT-012-Franz-Gottfried-200x300.jpg 200w, https:\/\/www.evang-friedhof.at\/matzleinsdorf\/wp-content\/uploads\/2022\/10\/GRUFT-012-Franz-Gottfried-683x1024.jpg 683w, https:\/\/www.evang-friedhof.at\/matzleinsdorf\/wp-content\/uploads\/2022\/10\/GRUFT-012-Franz-Gottfried-768x1152.jpg 768w, https:\/\/www.evang-friedhof.at\/matzleinsdorf\/wp-content\/uploads\/2022\/10\/GRUFT-012-Franz-Gottfried-1024x1536.jpg 1024w, https:\/\/www.evang-friedhof.at\/matzleinsdorf\/wp-content\/uploads\/2022\/10\/GRUFT-012-Franz-Gottfried-350x525.jpg 350w, https:\/\/www.evang-friedhof.at\/matzleinsdorf\/wp-content\/uploads\/2022\/10\/GRUFT-012-Franz-Gottfried.jpg 1080w\" sizes=\"auto, (max-width: 200px) 100vw, 200px\" \/><\/a>Superintendent H. B.<\/p>\n<p>geb.: 29.09.1803 in Enfingen\/Nassau<br \/>\ngest.: 10.06.1873 Wien<\/p>\n<p>Nach Studium in T\u00fcbingen und G\u00f6ttingen kam er 1829 nach Wien. Am 4. Adventsonntag hielt er seine Antrittspredigt als Pfarrer der Evangelischen Gemeinde H. B. Am 8.05.1833 heiratete er Maria Feodora Plattensteiner. Aus dieser Ehe gingen 5 Kinder hervor. 1835 wurde er zum geistlichen Rat im k. k. Konsistorium H. C. ernannt. Ab 1838 war er 35 Jahre lang Superintendent der Inner- und Nieder\u00f6sterreichischen Superintendentur. Im Revolutionsjahr 1848 wird er zum f\u00fchrenden Vertreter des \u00f6sterreichischen Protestantismus und zu einem der V\u00e4ter der presbyterial- synodalen Verfassung der Evangelischen Kirche H. B. Besonders bem\u00fchte er sich um die Errichtung eines evangelischen Schulhauses und des Evangelischen Friedhofes in Matzleinsdorf. Ber\u00fchmt wurden sein Kasualreden, z. B. die Trauerrede am Sarg von Hausknecht oder die Weiherede bei der Einweihung des Evangelischen Friedhofs Matzleinsdorf, wo er auch 1873 begraben wurde. Lit.: Peter Karner, Hrsg. Evang. Gemeinde H. B. in Wien, Wien 1986, S. 132-133.<\/p>\n<p>Grablage<br \/>\nGruppe: GRU<br \/>\nReihe<br \/>\nGrabnummer: 12<\/p>\n<p><a href=\"https:\/\/de.wikipedia.org\/wiki\/Gottfried_Franz\">https:\/\/de.wikipedia.org\/wiki\/Gottfried_Franz<\/a><\/p>\n","protected":false},"excerpt":{"rendered":"<p>Superintendent H. B. geb.: 29.09.1803 in Enfingen\/Nassau gest.: 10.06.1873 Wien Nach Studium in T\u00fcbingen und G\u00f6ttingen kam er 1829 nach Wien. Am 4. Adventsonntag hielt er seine Antrittspredigt als Pfarrer der Evangelischen Gemeinde H. B. Am 8.05.1833 heiratete er Maria Feodora Plattensteiner. Aus dieser Ehe gingen 5 Kinder hervor. 1835 wurde er zum geistlichen Rat &hellip; <\/p>\n<p class=\"link-more\"><a href=\"https:\/\/www.evang-friedhof.at\/matzleinsdorf\/dr-gottfried-franz\/\" class=\"more-link\"><span class=\"screen-reader-text\">\u201eDr. Gottfried FRANZ\u201c<\/span> weiterlesen<\/a><\/p>\n","protected":false},"author":1,"featured_media":0,"parent":0,"menu_order":0,"comment_status":"closed","ping_status":"closed","template":"","meta":{"ngg_post_thumbnail":0,"footnotes":""},"class_list":["post-46294","page","type-page","status-publish","hentry"],"_links":{"self":[{"href":"https:\/\/www.evang-friedhof.at\/matzleinsdorf\/wp-json\/wp\/v2\/pages\/46294","targetHints":{"allow":["GET"]}}],"collection":[{"href":"https:\/\/www.evang-friedhof.at\/matzleinsdorf\/wp-json\/wp\/v2\/pages"}],"about":[{"href":"https:\/\/www.evang-friedhof.at\/matzleinsdorf\/wp-json\/wp\/v2\/types\/page"}],"author":[{"embeddable":true,"href":"https:\/\/www.evang-friedhof.at\/matzleinsdorf\/wp-json\/wp\/v2\/users\/1"}],"replies":[{"embeddable":true,"href":"https:\/\/www.evang-friedhof.at\/matzleinsdorf\/wp-json\/wp\/v2\/comments?post=46294"}],"version-history":[{"count":1,"href":"https:\/\/www.evang-friedhof.at\/matzleinsdorf\/wp-json\/wp\/v2\/pages\/46294\/revisions"}],"predecessor-version":[{"id":46296,"href":"https:\/\/www.evang-friedhof.at\/matzleinsdorf\/wp-json\/wp\/v2\/pages\/46294\/revisions\/46296"}],"wp:attachment":[{"href":"https:\/\/www.evang-friedhof.at\/matzleinsdorf\/wp-json\/wp\/v2\/media?parent=46294"}],"curies":[{"name":"wp","href":"https:\/\/api.w.org\/{rel}","templated":true}]}}