{"id":46291,"date":"2022-10-30T16:47:15","date_gmt":"2022-10-30T15:47:15","guid":{"rendered":"https:\/\/www.evang-friedhof.at\/matzleinsdorf\/?page_id=46291"},"modified":"2022-10-30T16:47:15","modified_gmt":"2022-10-30T15:47:15","slug":"august-foerster","status":"publish","type":"page","link":"https:\/\/www.evang-friedhof.at\/matzleinsdorf\/august-foerster\/","title":{"rendered":"August F\u00d6RSTER"},"content":{"rendered":"<p><a href=\"https:\/\/www.evang-friedhof.at\/matzleinsdorf\/wp-content\/uploads\/2022\/10\/21-154-Foerster-August-Dr..jpg\"><img loading=\"lazy\" decoding=\"async\" class=\"size-medium wp-image-46292 alignleft\" src=\"https:\/\/www.evang-friedhof.at\/matzleinsdorf\/wp-content\/uploads\/2022\/10\/21-154-Foerster-August-Dr.-200x300.jpg\" alt=\"\" width=\"200\" height=\"300\" srcset=\"https:\/\/www.evang-friedhof.at\/matzleinsdorf\/wp-content\/uploads\/2022\/10\/21-154-Foerster-August-Dr.-200x300.jpg 200w, https:\/\/www.evang-friedhof.at\/matzleinsdorf\/wp-content\/uploads\/2022\/10\/21-154-Foerster-August-Dr.-683x1024.jpg 683w, https:\/\/www.evang-friedhof.at\/matzleinsdorf\/wp-content\/uploads\/2022\/10\/21-154-Foerster-August-Dr.-768x1152.jpg 768w, https:\/\/www.evang-friedhof.at\/matzleinsdorf\/wp-content\/uploads\/2022\/10\/21-154-Foerster-August-Dr.-1024x1536.jpg 1024w, https:\/\/www.evang-friedhof.at\/matzleinsdorf\/wp-content\/uploads\/2022\/10\/21-154-Foerster-August-Dr.-350x525.jpg 350w, https:\/\/www.evang-friedhof.at\/matzleinsdorf\/wp-content\/uploads\/2022\/10\/21-154-Foerster-August-Dr..jpg 1080w\" sizes=\"auto, (max-width: 200px) 100vw, 200px\" \/><\/a>Schauspieler und Regisseur<\/p>\n<p>geb.: 03.06.1828 Lauchst\u00e4dt (Sachsen)<br \/>\ngest.: 22.12.1889 Semmering<\/p>\n<p>August F\u00f6rster studierte Theologie, wandte sich dann aber der Schauspielkunst zu und deb\u00fctierte bei einer Wandertruppe in Naumburg. 1853 hatte er sein erstes festes Engagement und kam 1858 nach Wien ans Hofburgtheater, dessen Direktor er 1888 wurde. Zu seinen Hauptverdiensten z\u00e4hlte die Erneuerung des Burgtheaterrepertoires. F\u00f6rster \u00fcbersetzte zahlreiche franz\u00f6sische St\u00fccke ins Deutsche. Zu seinen Hauptrollen z\u00e4hlte der Galotti in Lessings Drama \u201eEmilia Galotti\u201c oder der alte Miller in Schillers \u201eKabale und Liebe\u201c.<\/p>\n<p>Grablage<br \/>\nGruppe: 21<br \/>\nReihe<br \/>\nGrabnummer: 154<\/p>\n<p><a href=\"https:\/\/de.wikipedia.org\/wiki\/August_Frster_(Schauspieler)\">https:\/\/de.wikipedia.org\/wiki\/August_Frster_(Schauspieler)<\/a><\/p>\n","protected":false},"excerpt":{"rendered":"<p>Schauspieler und Regisseur geb.: 03.06.1828 Lauchst\u00e4dt (Sachsen) gest.: 22.12.1889 Semmering August F\u00f6rster studierte Theologie, wandte sich dann aber der Schauspielkunst zu und deb\u00fctierte bei einer Wandertruppe in Naumburg. 1853 hatte er sein erstes festes Engagement und kam 1858 nach Wien ans Hofburgtheater, dessen Direktor er 1888 wurde. Zu seinen Hauptverdiensten z\u00e4hlte die Erneuerung des Burgtheaterrepertoires. &hellip; <\/p>\n<p class=\"link-more\"><a href=\"https:\/\/www.evang-friedhof.at\/matzleinsdorf\/august-foerster\/\" class=\"more-link\"><span class=\"screen-reader-text\">\u201eAugust F\u00d6RSTER\u201c<\/span> weiterlesen<\/a><\/p>\n","protected":false},"author":1,"featured_media":0,"parent":0,"menu_order":0,"comment_status":"closed","ping_status":"closed","template":"","meta":{"ngg_post_thumbnail":0,"footnotes":""},"class_list":["post-46291","page","type-page","status-publish","hentry"],"_links":{"self":[{"href":"https:\/\/www.evang-friedhof.at\/matzleinsdorf\/wp-json\/wp\/v2\/pages\/46291","targetHints":{"allow":["GET"]}}],"collection":[{"href":"https:\/\/www.evang-friedhof.at\/matzleinsdorf\/wp-json\/wp\/v2\/pages"}],"about":[{"href":"https:\/\/www.evang-friedhof.at\/matzleinsdorf\/wp-json\/wp\/v2\/types\/page"}],"author":[{"embeddable":true,"href":"https:\/\/www.evang-friedhof.at\/matzleinsdorf\/wp-json\/wp\/v2\/users\/1"}],"replies":[{"embeddable":true,"href":"https:\/\/www.evang-friedhof.at\/matzleinsdorf\/wp-json\/wp\/v2\/comments?post=46291"}],"version-history":[{"count":1,"href":"https:\/\/www.evang-friedhof.at\/matzleinsdorf\/wp-json\/wp\/v2\/pages\/46291\/revisions"}],"predecessor-version":[{"id":46293,"href":"https:\/\/www.evang-friedhof.at\/matzleinsdorf\/wp-json\/wp\/v2\/pages\/46291\/revisions\/46293"}],"wp:attachment":[{"href":"https:\/\/www.evang-friedhof.at\/matzleinsdorf\/wp-json\/wp\/v2\/media?parent=46291"}],"curies":[{"name":"wp","href":"https:\/\/api.w.org\/{rel}","templated":true}]}}