{"id":46279,"date":"2022-10-30T16:41:53","date_gmt":"2022-10-30T15:41:53","guid":{"rendered":"https:\/\/www.evang-friedhof.at\/matzleinsdorf\/?page_id=46279"},"modified":"2022-10-30T16:41:53","modified_gmt":"2022-10-30T15:41:53","slug":"philipp-fahrbach-der-aeltere","status":"publish","type":"page","link":"https:\/\/www.evang-friedhof.at\/matzleinsdorf\/philipp-fahrbach-der-aeltere\/","title":{"rendered":"Philipp FAHRBACH der \u00c4ltere"},"content":{"rendered":"<p><a href=\"https:\/\/www.evang-friedhof.at\/matzleinsdorf\/wp-content\/uploads\/2022\/10\/19-093-Farbach-Philipp.jpg\"><img loading=\"lazy\" decoding=\"async\" class=\"size-medium wp-image-46280 alignleft\" src=\"https:\/\/www.evang-friedhof.at\/matzleinsdorf\/wp-content\/uploads\/2022\/10\/19-093-Farbach-Philipp-200x300.jpg\" alt=\"\" width=\"200\" height=\"300\" srcset=\"https:\/\/www.evang-friedhof.at\/matzleinsdorf\/wp-content\/uploads\/2022\/10\/19-093-Farbach-Philipp-200x300.jpg 200w, https:\/\/www.evang-friedhof.at\/matzleinsdorf\/wp-content\/uploads\/2022\/10\/19-093-Farbach-Philipp-683x1024.jpg 683w, https:\/\/www.evang-friedhof.at\/matzleinsdorf\/wp-content\/uploads\/2022\/10\/19-093-Farbach-Philipp-768x1152.jpg 768w, https:\/\/www.evang-friedhof.at\/matzleinsdorf\/wp-content\/uploads\/2022\/10\/19-093-Farbach-Philipp-1024x1536.jpg 1024w, https:\/\/www.evang-friedhof.at\/matzleinsdorf\/wp-content\/uploads\/2022\/10\/19-093-Farbach-Philipp-350x525.jpg 350w, https:\/\/www.evang-friedhof.at\/matzleinsdorf\/wp-content\/uploads\/2022\/10\/19-093-Farbach-Philipp.jpg 1080w\" sizes=\"auto, (max-width: 200px) 100vw, 200px\" \/><\/a>Kapellmeister und Komponist<\/p>\n<p>geb.: 25.10.1815 Wien<br \/>\ngest.: 31.03.1885 Wien<\/p>\n<p>Philipp Fahrbach war ein Sch\u00fcler Lanners wie auch von Johann Strau\u00df. Schon im Alter von 17 Jahren trat er in die Kapelle von Strau\u00df ein. 1835 begr\u00fcndete er dann seine eigene Kapelle und war von 1838-1856 Leiter des Hofballs. Im Anschluss daran wirkte er bis 1865 als Milit\u00e4rkapellmeister. Sein musikalisches Schaffen umfasste rund 150 Kompositionen, darunter die zwei Opern \u201eDer Liebe Opfer\u201c (1844) und \u201edas Schwert des K\u00f6nigs\u201c (1845). In der Hauptsache schrieb er Walzer, Potpourris, M\u00e4rsche und Kirchenmusik, besondere Verdienste erwarb er um die Erhaltung und Hebung der Milit\u00e4rmusik. Als wichtige Tanzkompositionen gelten \u201eDie Vaterl\u00e4ndischen\u201c, \u201eWiener Freiwillige\u201c, \u201eDeutschmeister\u201c sowie \u201eSch\u00f6nbrunner Walzer\u201c. Philipp Fahrbach war auch literarisch t\u00e4tig und schrieb f\u00fcr die \u201eAllgemeine Musikzeitung\u201c. Lit.: WSTLA Personalakt<\/p>\n<p>Grablage<br \/>\nGruppe: 19<br \/>\nReihe:<br \/>\nGrabnummer: 93<\/p>\n<p><a href=\"https:\/\/de.wikipedia.org\/wiki\/Philipp_Fahrbach_der_%C3%84ltere\">https:\/\/de.wikipedia.org\/wiki\/Philipp_Fahrbach_der_%C3%84ltere<\/a><\/p>\n","protected":false},"excerpt":{"rendered":"<p>Kapellmeister und Komponist geb.: 25.10.1815 Wien gest.: 31.03.1885 Wien Philipp Fahrbach war ein Sch\u00fcler Lanners wie auch von Johann Strau\u00df. Schon im Alter von 17 Jahren trat er in die Kapelle von Strau\u00df ein. 1835 begr\u00fcndete er dann seine eigene Kapelle und war von 1838-1856 Leiter des Hofballs. Im Anschluss daran wirkte er bis 1865 &hellip; <\/p>\n<p class=\"link-more\"><a href=\"https:\/\/www.evang-friedhof.at\/matzleinsdorf\/philipp-fahrbach-der-aeltere\/\" class=\"more-link\"><span class=\"screen-reader-text\">\u201ePhilipp FAHRBACH der \u00c4ltere\u201c<\/span> weiterlesen<\/a><\/p>\n","protected":false},"author":1,"featured_media":0,"parent":0,"menu_order":0,"comment_status":"closed","ping_status":"closed","template":"","meta":{"ngg_post_thumbnail":0,"footnotes":""},"class_list":["post-46279","page","type-page","status-publish","hentry"],"_links":{"self":[{"href":"https:\/\/www.evang-friedhof.at\/matzleinsdorf\/wp-json\/wp\/v2\/pages\/46279","targetHints":{"allow":["GET"]}}],"collection":[{"href":"https:\/\/www.evang-friedhof.at\/matzleinsdorf\/wp-json\/wp\/v2\/pages"}],"about":[{"href":"https:\/\/www.evang-friedhof.at\/matzleinsdorf\/wp-json\/wp\/v2\/types\/page"}],"author":[{"embeddable":true,"href":"https:\/\/www.evang-friedhof.at\/matzleinsdorf\/wp-json\/wp\/v2\/users\/1"}],"replies":[{"embeddable":true,"href":"https:\/\/www.evang-friedhof.at\/matzleinsdorf\/wp-json\/wp\/v2\/comments?post=46279"}],"version-history":[{"count":1,"href":"https:\/\/www.evang-friedhof.at\/matzleinsdorf\/wp-json\/wp\/v2\/pages\/46279\/revisions"}],"predecessor-version":[{"id":46281,"href":"https:\/\/www.evang-friedhof.at\/matzleinsdorf\/wp-json\/wp\/v2\/pages\/46279\/revisions\/46281"}],"wp:attachment":[{"href":"https:\/\/www.evang-friedhof.at\/matzleinsdorf\/wp-json\/wp\/v2\/media?parent=46279"}],"curies":[{"name":"wp","href":"https:\/\/api.w.org\/{rel}","templated":true}]}}