{"id":46276,"date":"2022-10-30T16:39:48","date_gmt":"2022-10-30T15:39:48","guid":{"rendered":"https:\/\/www.evang-friedhof.at\/matzleinsdorf\/?page_id=46276"},"modified":"2022-10-30T16:39:48","modified_gmt":"2022-10-30T15:39:48","slug":"karl-faulmann","status":"publish","type":"page","link":"https:\/\/www.evang-friedhof.at\/matzleinsdorf\/karl-faulmann\/","title":{"rendered":"Karl FAULMANN"},"content":{"rendered":"<p><a href=\"https:\/\/www.evang-friedhof.at\/matzleinsdorf\/wp-content\/uploads\/2022\/10\/21-064-065-Faulmann-Karl-Prof..jpg\"><img loading=\"lazy\" decoding=\"async\" class=\"size-medium wp-image-46277 alignleft\" src=\"https:\/\/www.evang-friedhof.at\/matzleinsdorf\/wp-content\/uploads\/2022\/10\/21-064-065-Faulmann-Karl-Prof.-300x200.jpg\" alt=\"\" width=\"300\" height=\"200\" srcset=\"https:\/\/www.evang-friedhof.at\/matzleinsdorf\/wp-content\/uploads\/2022\/10\/21-064-065-Faulmann-Karl-Prof.-300x200.jpg 300w, https:\/\/www.evang-friedhof.at\/matzleinsdorf\/wp-content\/uploads\/2022\/10\/21-064-065-Faulmann-Karl-Prof.-1024x683.jpg 1024w, https:\/\/www.evang-friedhof.at\/matzleinsdorf\/wp-content\/uploads\/2022\/10\/21-064-065-Faulmann-Karl-Prof.-768x512.jpg 768w, https:\/\/www.evang-friedhof.at\/matzleinsdorf\/wp-content\/uploads\/2022\/10\/21-064-065-Faulmann-Karl-Prof.-1536x1024.jpg 1536w, https:\/\/www.evang-friedhof.at\/matzleinsdorf\/wp-content\/uploads\/2022\/10\/21-064-065-Faulmann-Karl-Prof.-350x233.jpg 350w, https:\/\/www.evang-friedhof.at\/matzleinsdorf\/wp-content\/uploads\/2022\/10\/21-064-065-Faulmann-Karl-Prof..jpg 1620w\" sizes=\"auto, (max-width: 300px) 100vw, 300px\" \/><\/a>Stenograph<\/p>\n<p>geb.: 24.06.1835 Halle\/Saale<br \/>\ngest.: 28.06.1894 Wien<\/p>\n<p>Karl Faulmann wirkte zuerst als Schriftsetzer und studierte nebenbei als Autodidakt moderne Sprachen. 1854 kam er nach Wien und arbeitete in der k. k. Staatsdruckerei. Ab 1860 lehrte er Gabelsberger Stenographie und redigierte verschiedene stenographische Bl\u00e4tter. Schlie\u00dflich erfand Karl Faulmann ein eigenes stenographisches System, die phonetische Stenographie oder Phonographie, die er 1875 ver\u00f6ffentlichen lie\u00df. Sp\u00e4ter bearbeitete er diese Ausgabe selbst und brachte sie unter dem Titel: \u201eSystem der deutschen Stenographie auf phonetischer Grundlage in 8 Lektionen\u201c heraus. Faulmann wurde schlie\u00dflich zum Erfinder der stenographischen Typen. Auf der Gedenktafel auf dem Matzleinsdorfer Friedhof findet sich folgende Inschrift: Dem treuen Gedenken widmen diese Erinnerungstafel dem Schriftsetzer und Sch\u00f6pfer stenographischer Typen, Kurzschriftlehrer, Systemgr\u00fcnder, Vork\u00e4mpfer der stenographischen Einheit, Pr\u00fcfungskommissar, Universit\u00e4tslektor Prof. Karl Faulmann seine Sch\u00fcler und Anh\u00e4nger. Lit.: \u00d6BL I 289, \u00d6L 302, Javorsky 65, Markt H.: Kennst Du alle ber\u00fchmten Gedenkst\u00e4tten Wiens?, Wien 1959, Schmolke: Wegbereiter der Publizistik in \u00d6sterreich. Wien 1892 S. 72ff (zit. Markl aaO)<\/p>\n<p>Grablage:<br \/>\nGruppe: 21<br \/>\nReihe<br \/>\nGrabnummer: 65<\/p>\n<p><a href=\"https:\/\/de.wikipedia.org\/wiki\/Carl_Faulmann\">https:\/\/de.wikipedia.org\/wiki\/Carl_Faulmann<\/a><\/p>\n","protected":false},"excerpt":{"rendered":"<p>Stenograph geb.: 24.06.1835 Halle\/Saale gest.: 28.06.1894 Wien Karl Faulmann wirkte zuerst als Schriftsetzer und studierte nebenbei als Autodidakt moderne Sprachen. 1854 kam er nach Wien und arbeitete in der k. k. Staatsdruckerei. Ab 1860 lehrte er Gabelsberger Stenographie und redigierte verschiedene stenographische Bl\u00e4tter. Schlie\u00dflich erfand Karl Faulmann ein eigenes stenographisches System, die phonetische Stenographie oder &hellip; <\/p>\n<p class=\"link-more\"><a href=\"https:\/\/www.evang-friedhof.at\/matzleinsdorf\/karl-faulmann\/\" class=\"more-link\"><span class=\"screen-reader-text\">\u201eKarl FAULMANN\u201c<\/span> weiterlesen<\/a><\/p>\n","protected":false},"author":1,"featured_media":0,"parent":0,"menu_order":0,"comment_status":"closed","ping_status":"closed","template":"","meta":{"ngg_post_thumbnail":0,"footnotes":""},"class_list":["post-46276","page","type-page","status-publish","hentry"],"_links":{"self":[{"href":"https:\/\/www.evang-friedhof.at\/matzleinsdorf\/wp-json\/wp\/v2\/pages\/46276","targetHints":{"allow":["GET"]}}],"collection":[{"href":"https:\/\/www.evang-friedhof.at\/matzleinsdorf\/wp-json\/wp\/v2\/pages"}],"about":[{"href":"https:\/\/www.evang-friedhof.at\/matzleinsdorf\/wp-json\/wp\/v2\/types\/page"}],"author":[{"embeddable":true,"href":"https:\/\/www.evang-friedhof.at\/matzleinsdorf\/wp-json\/wp\/v2\/users\/1"}],"replies":[{"embeddable":true,"href":"https:\/\/www.evang-friedhof.at\/matzleinsdorf\/wp-json\/wp\/v2\/comments?post=46276"}],"version-history":[{"count":1,"href":"https:\/\/www.evang-friedhof.at\/matzleinsdorf\/wp-json\/wp\/v2\/pages\/46276\/revisions"}],"predecessor-version":[{"id":46278,"href":"https:\/\/www.evang-friedhof.at\/matzleinsdorf\/wp-json\/wp\/v2\/pages\/46276\/revisions\/46278"}],"wp:attachment":[{"href":"https:\/\/www.evang-friedhof.at\/matzleinsdorf\/wp-json\/wp\/v2\/media?parent=46276"}],"curies":[{"name":"wp","href":"https:\/\/api.w.org\/{rel}","templated":true}]}}