{"id":46256,"date":"2022-10-30T16:31:43","date_gmt":"2022-10-30T15:31:43","guid":{"rendered":"https:\/\/www.evang-friedhof.at\/matzleinsdorf\/?page_id=46256"},"modified":"2022-10-30T16:31:43","modified_gmt":"2022-10-30T15:31:43","slug":"hugo-darnaut-fix","status":"publish","type":"page","link":"https:\/\/www.evang-friedhof.at\/matzleinsdorf\/hugo-darnaut-fix\/","title":{"rendered":"Hugo DARNAUT-FIX"},"content":{"rendered":"<p><a href=\"https:\/\/www.evang-friedhof.at\/matzleinsdorf\/wp-content\/uploads\/2022\/10\/5-067-Darnaut-Fix-Hugo.jpg\"><img loading=\"lazy\" decoding=\"async\" class=\"size-medium wp-image-46257 alignleft\" src=\"https:\/\/www.evang-friedhof.at\/matzleinsdorf\/wp-content\/uploads\/2022\/10\/5-067-Darnaut-Fix-Hugo-200x300.jpg\" alt=\"\" width=\"200\" height=\"300\" srcset=\"https:\/\/www.evang-friedhof.at\/matzleinsdorf\/wp-content\/uploads\/2022\/10\/5-067-Darnaut-Fix-Hugo-200x300.jpg 200w, https:\/\/www.evang-friedhof.at\/matzleinsdorf\/wp-content\/uploads\/2022\/10\/5-067-Darnaut-Fix-Hugo-683x1024.jpg 683w, https:\/\/www.evang-friedhof.at\/matzleinsdorf\/wp-content\/uploads\/2022\/10\/5-067-Darnaut-Fix-Hugo-768x1152.jpg 768w, https:\/\/www.evang-friedhof.at\/matzleinsdorf\/wp-content\/uploads\/2022\/10\/5-067-Darnaut-Fix-Hugo-1024x1536.jpg 1024w, https:\/\/www.evang-friedhof.at\/matzleinsdorf\/wp-content\/uploads\/2022\/10\/5-067-Darnaut-Fix-Hugo-350x525.jpg 350w, https:\/\/www.evang-friedhof.at\/matzleinsdorf\/wp-content\/uploads\/2022\/10\/5-067-Darnaut-Fix-Hugo.jpg 1080w\" sizes=\"auto, (max-width: 200px) 100vw, 200px\" \/><\/a>Maler<\/p>\n<p>geb.: 28.11.1851 Dessau<br \/>\ngest.: 09.01.1937 Wien<\/p>\n<p>Hugo Darnaut war als Maler ein Vertreter des Naturalismus und sp\u00e4ter des Realismus. Verdienste erwarb er sich als Organisator von Gro\u00dfausstellungen u. a. in Berlin, Paris oder Venedig. 1900 schuf er zusammen mit Erwin Pendl f\u00fcr die Weltausstellung ein Vogelperspektivbild von Wien. 1913-1918 war er Pr\u00e4sident der Genossenschaft bildender K\u00fcnstler. Lit.: Wiener Lexikon, hrsg. v. Felix Czeike, Wien Bd. 1<\/p>\n<p>Grablage<br \/>\nGruppe: 5<br \/>\nReihe<br \/>\nGrabnummer: 67<\/p>\n<p><a href=\"https:\/\/de.wikipedia.org\/wiki\/Hugo_Darnaut\">https:\/\/de.wikipedia.org\/wiki\/Hugo_Darnaut<\/a><\/p>\n","protected":false},"excerpt":{"rendered":"<p>Maler geb.: 28.11.1851 Dessau gest.: 09.01.1937 Wien Hugo Darnaut war als Maler ein Vertreter des Naturalismus und sp\u00e4ter des Realismus. Verdienste erwarb er sich als Organisator von Gro\u00dfausstellungen u. a. in Berlin, Paris oder Venedig. 1900 schuf er zusammen mit Erwin Pendl f\u00fcr die Weltausstellung ein Vogelperspektivbild von Wien. 1913-1918 war er Pr\u00e4sident der Genossenschaft &hellip; <\/p>\n<p class=\"link-more\"><a href=\"https:\/\/www.evang-friedhof.at\/matzleinsdorf\/hugo-darnaut-fix\/\" class=\"more-link\"><span class=\"screen-reader-text\">\u201eHugo DARNAUT-FIX\u201c<\/span> weiterlesen<\/a><\/p>\n","protected":false},"author":1,"featured_media":0,"parent":0,"menu_order":0,"comment_status":"closed","ping_status":"closed","template":"","meta":{"ngg_post_thumbnail":0,"footnotes":""},"class_list":["post-46256","page","type-page","status-publish","hentry"],"_links":{"self":[{"href":"https:\/\/www.evang-friedhof.at\/matzleinsdorf\/wp-json\/wp\/v2\/pages\/46256","targetHints":{"allow":["GET"]}}],"collection":[{"href":"https:\/\/www.evang-friedhof.at\/matzleinsdorf\/wp-json\/wp\/v2\/pages"}],"about":[{"href":"https:\/\/www.evang-friedhof.at\/matzleinsdorf\/wp-json\/wp\/v2\/types\/page"}],"author":[{"embeddable":true,"href":"https:\/\/www.evang-friedhof.at\/matzleinsdorf\/wp-json\/wp\/v2\/users\/1"}],"replies":[{"embeddable":true,"href":"https:\/\/www.evang-friedhof.at\/matzleinsdorf\/wp-json\/wp\/v2\/comments?post=46256"}],"version-history":[{"count":1,"href":"https:\/\/www.evang-friedhof.at\/matzleinsdorf\/wp-json\/wp\/v2\/pages\/46256\/revisions"}],"predecessor-version":[{"id":46258,"href":"https:\/\/www.evang-friedhof.at\/matzleinsdorf\/wp-json\/wp\/v2\/pages\/46256\/revisions\/46258"}],"wp:attachment":[{"href":"https:\/\/www.evang-friedhof.at\/matzleinsdorf\/wp-json\/wp\/v2\/media?parent=46256"}],"curies":[{"name":"wp","href":"https:\/\/api.w.org\/{rel}","templated":true}]}}