{"id":46235,"date":"2022-10-30T16:21:48","date_gmt":"2022-10-30T15:21:48","guid":{"rendered":"https:\/\/www.evang-friedhof.at\/matzleinsdorf\/?page_id=46235"},"modified":"2022-10-30T16:21:48","modified_gmt":"2022-10-30T15:21:48","slug":"o-f-berg","status":"publish","type":"page","link":"https:\/\/www.evang-friedhof.at\/matzleinsdorf\/o-f-berg\/","title":{"rendered":"O. F. Berg (eigentlich: Ottokar Franz EBERSBERG)"},"content":{"rendered":"<p><a href=\"https:\/\/www.evang-friedhof.at\/matzleinsdorf\/wp-content\/uploads\/2022\/10\/MOB-058-Ebersberg-Ottokar.jpg\"><img loading=\"lazy\" decoding=\"async\" class=\"size-medium wp-image-46236 alignleft\" src=\"https:\/\/www.evang-friedhof.at\/matzleinsdorf\/wp-content\/uploads\/2022\/10\/MOB-058-Ebersberg-Ottokar-200x300.jpg\" alt=\"\" width=\"200\" height=\"300\" srcset=\"https:\/\/www.evang-friedhof.at\/matzleinsdorf\/wp-content\/uploads\/2022\/10\/MOB-058-Ebersberg-Ottokar-200x300.jpg 200w, https:\/\/www.evang-friedhof.at\/matzleinsdorf\/wp-content\/uploads\/2022\/10\/MOB-058-Ebersberg-Ottokar-683x1024.jpg 683w, https:\/\/www.evang-friedhof.at\/matzleinsdorf\/wp-content\/uploads\/2022\/10\/MOB-058-Ebersberg-Ottokar-768x1152.jpg 768w, https:\/\/www.evang-friedhof.at\/matzleinsdorf\/wp-content\/uploads\/2022\/10\/MOB-058-Ebersberg-Ottokar-1024x1536.jpg 1024w, https:\/\/www.evang-friedhof.at\/matzleinsdorf\/wp-content\/uploads\/2022\/10\/MOB-058-Ebersberg-Ottokar-350x525.jpg 350w, https:\/\/www.evang-friedhof.at\/matzleinsdorf\/wp-content\/uploads\/2022\/10\/MOB-058-Ebersberg-Ottokar.jpg 1080w\" sizes=\"auto, (max-width: 200px) 100vw, 200px\" \/><\/a>Schriftsteller<\/p>\n<p>geb.: 10.10.1833 Wien<br \/>\ngest.: 16.01.1886 Wien<\/p>\n<p>Er schrieb zahlreiche Possen und Wiener Volksst\u00fccke. 1859 gr\u00fcndete er das Witzblatt \u201eTritsch Tratsch\u201c, 1862 \u201eKikeriki\u201c und 1872 das illustrierte \u201eWiener Extrablatt\u201c. Neben seiner journalistischen T\u00e4tigkeit schrieb er zahlreiche Weiner Volksst\u00fccke und Possen, bearbeitete franz\u00f6sische Boulevardst\u00fccke f\u00fcr Wiener B\u00fchnen und gab Unterhaltungskalender heraus. Er rieb sich in ma\u00dflosen publizistischen Auseinandersetzungen auf und galt ab 1885 als geisteskrank. Als Journalist war er derb radikal und demagogisch. Viele seiner St\u00fccke erreichten hohe Auff\u00fchrungszahlen. Lit.: \u00d6BL, 30. Jahrgang 1956<\/p>\n<p>Grablage<br \/>\nGruppe: MOB<br \/>\nReihe<br \/>\nGrabnummer: 58<\/p>\n<p><a href=\"https:\/\/de.wikipedia.org\/wiki\/Ottokar_Franz_Ebersberg\">https:\/\/de.wikipedia.org\/wiki\/Ottokar_Franz_Ebersberg<\/a><\/p>\n","protected":false},"excerpt":{"rendered":"<p>Schriftsteller geb.: 10.10.1833 Wien gest.: 16.01.1886 Wien Er schrieb zahlreiche Possen und Wiener Volksst\u00fccke. 1859 gr\u00fcndete er das Witzblatt \u201eTritsch Tratsch\u201c, 1862 \u201eKikeriki\u201c und 1872 das illustrierte \u201eWiener Extrablatt\u201c. Neben seiner journalistischen T\u00e4tigkeit schrieb er zahlreiche Weiner Volksst\u00fccke und Possen, bearbeitete franz\u00f6sische Boulevardst\u00fccke f\u00fcr Wiener B\u00fchnen und gab Unterhaltungskalender heraus. Er rieb sich in ma\u00dflosen &hellip; <\/p>\n<p class=\"link-more\"><a href=\"https:\/\/www.evang-friedhof.at\/matzleinsdorf\/o-f-berg\/\" class=\"more-link\"><span class=\"screen-reader-text\">\u201eO. F. Berg (eigentlich: Ottokar Franz EBERSBERG)\u201c<\/span> weiterlesen<\/a><\/p>\n","protected":false},"author":1,"featured_media":0,"parent":0,"menu_order":0,"comment_status":"closed","ping_status":"closed","template":"","meta":{"ngg_post_thumbnail":0,"footnotes":""},"class_list":["post-46235","page","type-page","status-publish","hentry"],"_links":{"self":[{"href":"https:\/\/www.evang-friedhof.at\/matzleinsdorf\/wp-json\/wp\/v2\/pages\/46235","targetHints":{"allow":["GET"]}}],"collection":[{"href":"https:\/\/www.evang-friedhof.at\/matzleinsdorf\/wp-json\/wp\/v2\/pages"}],"about":[{"href":"https:\/\/www.evang-friedhof.at\/matzleinsdorf\/wp-json\/wp\/v2\/types\/page"}],"author":[{"embeddable":true,"href":"https:\/\/www.evang-friedhof.at\/matzleinsdorf\/wp-json\/wp\/v2\/users\/1"}],"replies":[{"embeddable":true,"href":"https:\/\/www.evang-friedhof.at\/matzleinsdorf\/wp-json\/wp\/v2\/comments?post=46235"}],"version-history":[{"count":1,"href":"https:\/\/www.evang-friedhof.at\/matzleinsdorf\/wp-json\/wp\/v2\/pages\/46235\/revisions"}],"predecessor-version":[{"id":46237,"href":"https:\/\/www.evang-friedhof.at\/matzleinsdorf\/wp-json\/wp\/v2\/pages\/46235\/revisions\/46237"}],"wp:attachment":[{"href":"https:\/\/www.evang-friedhof.at\/matzleinsdorf\/wp-json\/wp\/v2\/media?parent=46235"}],"curies":[{"name":"wp","href":"https:\/\/api.w.org\/{rel}","templated":true}]}}