{"id":46205,"date":"2022-10-24T22:44:41","date_gmt":"2022-10-24T20:44:41","guid":{"rendered":"https:\/\/www.evang-friedhof.at\/matzleinsdorf\/?page_id=46205"},"modified":"2022-10-24T22:45:02","modified_gmt":"2022-10-24T20:45:02","slug":"heinrich-j-i-anschuetz","status":"publish","type":"page","link":"https:\/\/www.evang-friedhof.at\/matzleinsdorf\/heinrich-j-i-anschuetz\/","title":{"rendered":"Heinrich J. I. ANSCH\u00dcTZ"},"content":{"rendered":"<p><a href=\"https:\/\/www.evang-friedhof.at\/matzleinsdorf\/wp-content\/uploads\/2022\/10\/GRPL-070-Anschuetz-Heinrich.jpg\"><img loading=\"lazy\" decoding=\"async\" class=\"alignleft wp-image-46206 size-medium\" src=\"https:\/\/www.evang-friedhof.at\/matzleinsdorf\/wp-content\/uploads\/2022\/10\/GRPL-070-Anschuetz-Heinrich-200x300.jpg\" alt=\"\" width=\"200\" height=\"300\" srcset=\"https:\/\/www.evang-friedhof.at\/matzleinsdorf\/wp-content\/uploads\/2022\/10\/GRPL-070-Anschuetz-Heinrich-200x300.jpg 200w, https:\/\/www.evang-friedhof.at\/matzleinsdorf\/wp-content\/uploads\/2022\/10\/GRPL-070-Anschuetz-Heinrich-683x1024.jpg 683w, https:\/\/www.evang-friedhof.at\/matzleinsdorf\/wp-content\/uploads\/2022\/10\/GRPL-070-Anschuetz-Heinrich-768x1152.jpg 768w, https:\/\/www.evang-friedhof.at\/matzleinsdorf\/wp-content\/uploads\/2022\/10\/GRPL-070-Anschuetz-Heinrich-1024x1536.jpg 1024w, https:\/\/www.evang-friedhof.at\/matzleinsdorf\/wp-content\/uploads\/2022\/10\/GRPL-070-Anschuetz-Heinrich-350x525.jpg 350w, https:\/\/www.evang-friedhof.at\/matzleinsdorf\/wp-content\/uploads\/2022\/10\/GRPL-070-Anschuetz-Heinrich.jpg 1080w\" sizes=\"auto, (max-width: 200px) 100vw, 200px\" \/><\/a><\/p>\n<p>Schauspieler<\/p>\n<p>geb.: 08.02.1785 Luckau<br \/>\ngest.: 29.12.1865 Wien<\/p>\n<p>Von 1821 \u2013 1864 war Heinrich Ansch\u00fctz Mitglied des Wiener Burgtheaters und bet\u00e4tigte sich sowohl als Schauspieler als auch als Regisseur. Er beherrschte 114 gro\u00dfe Partien, \u00fcberwiegend Helden \u2013 und Vaterrollen und galt als hervorragender Shakespeareinterpret. Zus\u00e4tzlich war Ansch\u00fctz auch als B\u00fchnenschriftsteller t\u00e4tig.<br \/>\nLit: WSTLA: Personalakt<br \/>\nGrablage<br \/>\nGruppe: GRPL<br \/>\nReihe:<br \/>\nGrabnummer: 70<\/p>\n<p>https:\/\/de.wikipedia.org\/wiki\/Heinrich_Ansch\u00fctz<\/p>\n","protected":false},"excerpt":{"rendered":"<p>Schauspieler geb.: 08.02.1785 Luckau gest.: 29.12.1865 Wien Von 1821 \u2013 1864 war Heinrich Ansch\u00fctz Mitglied des Wiener Burgtheaters und bet\u00e4tigte sich sowohl als Schauspieler als auch als Regisseur. Er beherrschte 114 gro\u00dfe Partien, \u00fcberwiegend Helden \u2013 und Vaterrollen und galt als hervorragender Shakespeareinterpret. Zus\u00e4tzlich war Ansch\u00fctz auch als B\u00fchnenschriftsteller t\u00e4tig. Lit: WSTLA: Personalakt Grablage Gruppe: &hellip; <\/p>\n<p class=\"link-more\"><a href=\"https:\/\/www.evang-friedhof.at\/matzleinsdorf\/heinrich-j-i-anschuetz\/\" class=\"more-link\"><span class=\"screen-reader-text\">\u201eHeinrich J. I. ANSCH\u00dcTZ\u201c<\/span> weiterlesen<\/a><\/p>\n","protected":false},"author":1,"featured_media":0,"parent":0,"menu_order":0,"comment_status":"closed","ping_status":"closed","template":"","meta":{"ngg_post_thumbnail":0,"footnotes":""},"class_list":["post-46205","page","type-page","status-publish","hentry"],"_links":{"self":[{"href":"https:\/\/www.evang-friedhof.at\/matzleinsdorf\/wp-json\/wp\/v2\/pages\/46205","targetHints":{"allow":["GET"]}}],"collection":[{"href":"https:\/\/www.evang-friedhof.at\/matzleinsdorf\/wp-json\/wp\/v2\/pages"}],"about":[{"href":"https:\/\/www.evang-friedhof.at\/matzleinsdorf\/wp-json\/wp\/v2\/types\/page"}],"author":[{"embeddable":true,"href":"https:\/\/www.evang-friedhof.at\/matzleinsdorf\/wp-json\/wp\/v2\/users\/1"}],"replies":[{"embeddable":true,"href":"https:\/\/www.evang-friedhof.at\/matzleinsdorf\/wp-json\/wp\/v2\/comments?post=46205"}],"version-history":[{"count":2,"href":"https:\/\/www.evang-friedhof.at\/matzleinsdorf\/wp-json\/wp\/v2\/pages\/46205\/revisions"}],"predecessor-version":[{"id":46208,"href":"https:\/\/www.evang-friedhof.at\/matzleinsdorf\/wp-json\/wp\/v2\/pages\/46205\/revisions\/46208"}],"wp:attachment":[{"href":"https:\/\/www.evang-friedhof.at\/matzleinsdorf\/wp-json\/wp\/v2\/media?parent=46205"}],"curies":[{"name":"wp","href":"https:\/\/api.w.org\/{rel}","templated":true}]}}