{"id":252,"date":"2018-06-19T15:02:58","date_gmt":"2018-06-19T13:02:58","guid":{"rendered":"http:\/\/www.evang-friedhof.at\/matzleinsdorf\/?page_id=252"},"modified":"2018-07-05T21:24:26","modified_gmt":"2018-07-05T19:24:26","slug":"datenschutzerklaerung","status":"publish","type":"page","link":"https:\/\/www.evang-friedhof.at\/matzleinsdorf\/datenschutzerklaerung\/","title":{"rendered":"Datenschutzerkl\u00e4rung"},"content":{"rendered":"<p>Der Schutz Ihrer pers\u00f6nlichen Daten ist uns ein besonderes Anliegen. Wir verarbeiten Ihre Daten daher ausschlie\u00dflich auf Grundlage der gesetzlichen Bestimmungen (DSGVO, TKG 2003). In diesen Datenschutzinformationen informieren wir Sie \u00fcber die wichtigsten Aspekte der Datenverarbeitung im Zusammenhang mit unserer Website und dem zugeh\u00f6rigen Webshop.<\/p>\n<p><strong>Kontaktaufnahme<br \/>\n<\/strong>Wenn Sie per Formular auf unserer Website oder per E-Mail mit uns in Kontakt treten, werden Ihre angegebenen Daten, zwecks Bearbeitung der Anfrage und f\u00fcr den Fall von Anschlussfragen, bis zu 12 Monate bei uns gespeichert und im Anschluss gel\u00f6scht. Details dazu k\u00f6nnen sie unserem erstellten Verfahrensverzeichnis 2018 zur aktuell g\u00fcltigen DSGVO entnehmen.<br \/>\nDiese Daten geben wir nicht ohne Ihre Einwilligung weiter.<\/p>\n<p><strong>Webshop<br \/>\n<\/strong>Im Falle einer Kranzbestellung \u00fcber unseren Webshop, \u00fcber welchem ebenfalls wichtige Daten des bestellenden Kunden, zum Produkt, zur Lieferung und zur verstorbenen Person abgefragt werden, erlauben wir uns, diese Daten, unter anderem aus rechtlichen, sowie haftungs- und sicherheitstechnischen Gr\u00fcnden, bis zu 10 Jahre zu speichern.<br \/>\nWir stellen sicher, dass diese Daten nicht an Dritte weitergegeben werden, weder zur analytischen Auswertung, noch zu Werbezwecken. Dazu bedarf es einer gesonderten Genehmigung des Kunden, welche in einem separaten Prozess eingeholt werden muss.<br \/>\nJedoch wird die wirtschaftliche Durchf\u00fchrung \/ Zahlung in einem unabh\u00e4ngigen Prozess- bzw. Kassensystem abgewickelt (Zahlung Vor-Ort oder per Rechnung).<br \/>\nDennoch garantieren wir in jedem Falle die ausschlie\u00dflich interne Nutzung dieser Daten, sie werden keinesfalls an Dritte weitergereicht.<\/p>\n<p><strong>Cookies<br \/>\n<\/strong>Unsere Webseite verwendet \u201eCookies\u201c (kleine, im jeweiligen Browser abgelegte Dateien) und \u00e4hnliche Technologien, um unsere Dienste anzubieten und beim Erheben von Daten zu helfen. Mittels dieser Cookies k\u00f6nnen Einstellungen des Benutzers gespeichert werden, sodass beispielsweise die Anmeldung vereinfacht oder Betrug weitgehend verhindert werden kann.<br \/>\nDer Einsatz der Cookies erfolgt erst nach Zustimmung des Benutzers. Cookies erlauben es unter anderem, Pr\u00e4ferenzen und Einstellungen zu speichern; die Anmeldung zu vereinfachen, Surfverhalten auszuwerten, etc.<\/p>\n<p>Es gibt 2 Arten von Cookies:<\/p>\n<ul>\n<li>Erstanbieter-Cookies werden von der Website erstellt, die Sie besuchen. Die Website wird in der Adressleiste angezeigt.<\/li>\n<li>Drittanbieter-Cookies werden von anderen Websites erstellt. Diesen Websites geh\u00f6ren einige der Inhalte, wie z. B. Werbeanzeigen oder Bilder, die Sie auf der besuchten Webseite sehen.<\/li>\n<\/ul>\n<p>Die Informationen, die ein Cookie beinhaltet, werden vom Webserver festgelegt und dann auf dem jeweiligen Computer lokal gespeichert, wenn unsere Webseite aufgerufen wird. Die Cookies k\u00f6nnen jederzeit vom Benutzer gel\u00f6scht werden, gleich ob manuell oder automatisch \u2013 was jedoch abh\u00e4ngig des verwendeten Internetbrowsers und\/oder Betriebssystems ist.<br \/>\nDie Speicherung der Cookies stellt keine Grundvoraussetzung zur Nutzung unserer Dienste dar. Sie erleichtert lediglich die Nutzung und steigert das Nutzererlebnis.<br \/>\nSollten sie generell keine Cookies akzeptieren, so kann dies im Internetbrowser ihrer Wahl eingestellt werden:<\/p>\n<p>Chrome:<br \/>\n<a href=\"https:\/\/support.google.com\/chrome\/answer\/95647?co=GENIE.Platform%3DDesktop&amp;hl=de\">https:\/\/support.google.com\/chrome\/answer\/95647?co=GENIE.Platform%3DDesktop&amp;hl=de<\/a><br \/>\nFirefox:<br \/>\n<a href=\"https:\/\/support.mozilla.org\/de\/kb\/Cookies-blockieren\">https:\/\/support.mozilla.org\/de\/kb\/Cookies-blockieren<\/a><\/p>\n<p>Opera:<br \/>\n<a href=\"http:\/\/help.opera.com\/Linux\/9.01\/de\/cookies.html\">http:\/\/help.opera.com\/Linux\/9.01\/de\/cookies.html<\/a><\/p>\n<p>Internet Explorer:<br \/>\n<a href=\"https:\/\/support.microsoft.com\/de-at\/help\/17442\/windows-internet-explorer-delete-manage-cookies\">https:\/\/support.microsoft.com\/de-at\/help\/17442\/windows-internet-explorer-delete-manage-cookies<\/a><\/p>\n<p><strong>Auswertung der Daten<br \/>\n<\/strong>Die Auswertung der Cookies auf ihrem Endger\u00e4t kann nicht von unserer Seite erfolgen, jedoch erlauben sie uns mit den Cookies, z.B. im Falle einer R\u00fcckkehr auf unsere Seite, sie erneut zu identifizieren und diese Daten somit zu erfassen. Diese Informationen k\u00f6nnen anschlie\u00dfend f\u00fcr Datenauswertungen und Trendanalysen herangezogen werden, werden jedoch mit keiner Person in Verbindung gebracht. Die Analysen und Datenauswertungen erfolgen ausschlie\u00dflich intern und werden nicht an Dritte weitergegeben.<br \/>\nDie Datenverarbeitung erfolgt auf Basis der gesetzlichen Bestimmungen des \u00a7 96 Abs 3 TKG sowie des Art 6 Abs 1 lit a (Einwilligung) und\/oder lit b (notwendig zur Vertragserf\u00fcllung) der DSGVO, sofern dies im Falle der Kundendaten beim Webshop anwendbar ist.<\/p>\n<p><strong>Web-Analyse<br \/>\n<\/strong>Diese Website wurde f\u00fcr die Auswertung mit Google Analytics entwickelt und vorbereitet. Dabei handelt es sich um einen Webanalysedienst von Google Inc. (\u201eAlphabet\u201c), welcher ebenso \u201eCookies\u201c, also kleine Dateien, die auf dem Computer gespeichert werden und eine Analyse der Nutzung unserer Website erm\u00f6glichen, nutzt.<br \/>\nInformationen \u00fcber die Nutzung unserer Webseite, die unter Verwendung von Cookies gesammelt werden, dienen dazu, die allgemeine Nutzung der Website auszuwerten, um es uns zu erm\u00f6glichen, Reports \u00fcber die Websiteaktivit\u00e4ten zusammenzustellen und so in der Lage zu sein, unsere Webseite weiter zu optimieren und um weitere mit der Webseiten- und Internetnutzung verbundene Services zu erbringen.<br \/>\nWeitere Informationen zu Google Analytics finden sich unter: <a href=\"http:\/\/www.google.at\/intl\/de\/analytics\">http:\/\/www.google.at\/intl\/de\/analytics<\/a><\/p>\n<p><strong>Verfahrensverzeichnis zur DSGVO 2018<br \/>\n<\/strong>Auf schriftliche Anfrage informieren wir gerne \u00fcber die Daten, die wir \u00fcber jemanden gespeichert haben. Um Missbrauch zu vermeiden, m\u00fcssen wir jedoch darum bitten, sich in diesem Fall uns gegen\u00fcber in geeigneter Form auszuweisen, wie etwa durch Vorlage der Kopie eines g\u00fcltigen Lichtbildausweises.<br \/>\nDie genaue Beschreibung unserer datenrelevanten Prozesse, sowie die Nennung des Datenschutzbeauftragten des Friedhofs, sind in unserem Verfahrensverzeichnis festgelegt. Auf Wunsch \/ Anfrage kann eine Kopie \u00fcbergeben werden, jedoch werden Anfragen genau gepr\u00fcft und nur im ernstgemeinten Fall \u00fcbergeben, um Missbrauch zu vermeiden.<br \/>\nWir sind sehr bem\u00fcht und verfolgen selbst das Interesse, falsche Daten richtig zu stellen und l\u00f6schen nicht mehr ben\u00f6tigte, personenbezogene Daten umgehend.<\/p>\n<p>&nbsp;<\/p>\n<p>&nbsp;<\/p>\n","protected":false},"excerpt":{"rendered":"<p>Der Schutz Ihrer pers\u00f6nlichen Daten ist uns ein besonderes Anliegen. Wir verarbeiten Ihre Daten daher ausschlie\u00dflich auf Grundlage der gesetzlichen Bestimmungen (DSGVO, TKG 2003). In diesen Datenschutzinformationen informieren wir Sie \u00fcber die wichtigsten Aspekte der Datenverarbeitung im Zusammenhang mit unserer Website und dem zugeh\u00f6rigen Webshop. Kontaktaufnahme Wenn Sie per Formular auf unserer Website oder per &hellip; <\/p>\n<p class=\"link-more\"><a href=\"https:\/\/www.evang-friedhof.at\/matzleinsdorf\/datenschutzerklaerung\/\" class=\"more-link\"><span class=\"screen-reader-text\">\u201eDatenschutzerkl\u00e4rung\u201c<\/span> weiterlesen<\/a><\/p>\n","protected":false},"author":1,"featured_media":0,"parent":0,"menu_order":0,"comment_status":"closed","ping_status":"closed","template":"","meta":{"ngg_post_thumbnail":0,"footnotes":""},"class_list":["post-252","page","type-page","status-publish","hentry"],"_links":{"self":[{"href":"https:\/\/www.evang-friedhof.at\/matzleinsdorf\/wp-json\/wp\/v2\/pages\/252","targetHints":{"allow":["GET"]}}],"collection":[{"href":"https:\/\/www.evang-friedhof.at\/matzleinsdorf\/wp-json\/wp\/v2\/pages"}],"about":[{"href":"https:\/\/www.evang-friedhof.at\/matzleinsdorf\/wp-json\/wp\/v2\/types\/page"}],"author":[{"embeddable":true,"href":"https:\/\/www.evang-friedhof.at\/matzleinsdorf\/wp-json\/wp\/v2\/users\/1"}],"replies":[{"embeddable":true,"href":"https:\/\/www.evang-friedhof.at\/matzleinsdorf\/wp-json\/wp\/v2\/comments?post=252"}],"version-history":[{"count":5,"href":"https:\/\/www.evang-friedhof.at\/matzleinsdorf\/wp-json\/wp\/v2\/pages\/252\/revisions"}],"predecessor-version":[{"id":260,"href":"https:\/\/www.evang-friedhof.at\/matzleinsdorf\/wp-json\/wp\/v2\/pages\/252\/revisions\/260"}],"wp:attachment":[{"href":"https:\/\/www.evang-friedhof.at\/matzleinsdorf\/wp-json\/wp\/v2\/media?parent=252"}],"curies":[{"name":"wp","href":"https:\/\/api.w.org\/{rel}","templated":true}]}}